{"id":10,"date":"2023-09-06T09:58:08","date_gmt":"2023-09-06T07:58:08","guid":{"rendered":"https:\/\/www.eutop.com\/?page_id=10"},"modified":"2025-05-13T15:57:04","modified_gmt":"2025-05-13T13:57:04","slug":"impressum","status":"publish","type":"page","link":"https:\/\/www.eutop.com\/de\/impressum\/","title":{"rendered":"Impressum"},"content":{"rendered":"<div class=\"wp-bootstrap-blocks-container container-fluid mb-0 wave\">\n\t\n<div class=\"wp-bootstrap-blocks-container container mb-2 stars\">\n\t\n\n<h2 class=\"wp-block-heading\">Impressum<\/h2>\n\n\n<div class=\"wp-bootstrap-blocks-row row\">\n\t\n\n<div class=\"col-12 col-md-3\">\n\t\t\t\n\n<p>EUTOP International GmbH<br \/>Denninger Stra\u00dfe 15<br \/>81679 M\u00fcnchen<br \/>Germany<\/p>\n<p><span class=\"icn phone\">+49 89 323700-0<\/span><br \/><span class=\"icn fax\">+49 89 323700-6140<\/span><br \/><a class=\"icn email\" href=\"mailto:eutop@eutop.eu\">eutop@eutop.eu<\/a><\/p>\n\n\t<\/div>\n\n\n\n<div class=\"col-12 col-md-6\">\n\t\t\t\n\n<p><b>Handelsregister:<\/b> <br \/>Amtsgericht M\u00fcnchen HRB 94418<\/p>\n<p><b>USt.-IdNr.:<\/b> <br \/>DE129342740<\/p>\n<p><b>Gesch\u00e4ftsf\u00fchrer:<br \/><\/b>Prof. Dr. Klemens Joos (CEO)<br \/>Stefan Mappus<br \/>Christian Schaufler<\/p>\n<p>\u00a0<\/p>\n\n\t<\/div>\n\n<\/div>\n\n\n\n<div style=\"height:25px\" aria-hidden=\"true\" class=\"wp-block-spacer\"><\/div>\n\n\n\n<div>\n<div class=\"mobile-hspace\">\n<p><strong><span class=\"text-blue\">Haftungshinweis:<\/span><\/strong><br \/>Trotz sorgf\u00e4ltiger inhaltlicher Kontrolle \u00fcbernehmen wir keine Haftung f\u00fcr die Inhalte externer Links. F\u00fcr den Inhalt der verlinkten Seiten sind ausschlie\u00dflich deren Betreiber verantwortlich.<\/p>\n<p><strong>Copyright:<\/strong><br \/>Die auf unserer Internetseite\u00a0vorhandenen Texte, Bilder, Fotos, Videos oder Grafiken unterliegen in der Regel\u00a0dem Schutz des Urheberrechts. Jede unberechtigte\u00a0Verwendung (insbesondere die\u00a0Vervielf\u00e4ltigung, Bearbeitung\u00a0oder Verbreitung) dieser urheberrechtsgesch\u00fctzten Inhalte ist daher untersagt.\u00a0Wenn Sie beabsichtigen, diese Inhalte oder Teile davon zu verwenden, kontaktieren Sie uns bitte im Voraus unter den oben stehenden Angaben.<\/p>\n<\/p>\n<\/div>\n<\/div>\n\n<\/div>\n\n<\/div>","protected":false},"excerpt":{"rendered":"","protected":false},"author":1,"featured_media":0,"parent":0,"menu_order":0,"comment_status":"closed","ping_status":"closed","template":"","meta":{"footnotes":""},"class_list":["post-10","page","type-page","status-publish","hentry"],"_links":{"self":[{"href":"https:\/\/www.eutop.com\/de\/wp-json\/wp\/v2\/pages\/10","targetHints":{"allow":["GET"]}}],"collection":[{"href":"https:\/\/www.eutop.com\/de\/wp-json\/wp\/v2\/pages"}],"about":[{"href":"https:\/\/www.eutop.com\/de\/wp-json\/wp\/v2\/types\/page"}],"author":[{"embeddable":true,"href":"https:\/\/www.eutop.com\/de\/wp-json\/wp\/v2\/users\/1"}],"replies":[{"embeddable":true,"href":"https:\/\/www.eutop.com\/de\/wp-json\/wp\/v2\/comments?post=10"}],"version-history":[{"count":10,"href":"https:\/\/www.eutop.com\/de\/wp-json\/wp\/v2\/pages\/10\/revisions"}],"predecessor-version":[{"id":1590,"href":"https:\/\/www.eutop.com\/de\/wp-json\/wp\/v2\/pages\/10\/revisions\/1590"}],"wp:attachment":[{"href":"https:\/\/www.eutop.com\/de\/wp-json\/wp\/v2\/media?parent=10"}],"curies":[{"name":"wp","href":"https:\/\/api.w.org\/{rel}","templated":true}]}}