{"id":1146,"date":"2024-08-16T10:39:38","date_gmt":"2024-08-16T08:39:38","guid":{"rendered":"https:\/\/www.eutop.com\/de\/?page_id=1146"},"modified":"2025-05-22T17:42:52","modified_gmt":"2025-05-22T15:42:52","slug":"kunde-werden","status":"publish","type":"page","link":"https:\/\/www.eutop.com\/de\/kunde-werden\/","title":{"rendered":"Kunde werden"},"content":{"rendered":"<div class=\"wp-bootstrap-blocks-container container-fluid mb-0 wave-blue\">\n\t\n<div class=\"wp-bootstrap-blocks-container container mb-2\">\n\t\n\n<div style=\"height:60px\" aria-hidden=\"true\" class=\"wp-block-spacer\"><\/div>\n\n\n<div class=\"wp-bootstrap-blocks-row row\">\n\t\n\n<div class=\"col-12 col-md-1\">\n\t\t\t\t<\/div>\n\n\n\n<div class=\"col-12 col-md-10\">\n\t\t\t\n\n<h2 class=\"wp-block-heading\">Mit Eutop schalten sie den Erfolgs-Turbo ein<\/h2>\n\n\n\n<p>Die EUTOP GROUP steht seit 1990 als Spezialdienstleister f\u00fcr Interessenvertretungen f\u00fchrender DAX- und MDAX-Unternehmen sowie Spitzenverb\u00e4nden bei den Institutionen der Europ\u00e4ischen Union und ausgew\u00e4hlter Mitgliedstaaten vor allem f\u00fcr eins: ERFOLG F\u00dcR UNSERE KUNDEN!<br>Unsere wissenschaftsbasierte Methodik mit den Kernelementen der \u201eProzessstrukturkompetenz\u201c, der \u201ePerspektivenwechselkompetenz\u201c und der \u201eProzessbegleitkompetenz\u201c hat den EUTOP-Kunden zu einer herausragenden Erfolgsquote verholfen. Jahr f\u00fcr Jahr setzen wir uns in Hunderten F\u00e4llen f\u00fcr die Interessen unserer Kunden ein \u2013 in nicht weniger als 85 Prozent zu deren Vorteil!<\/p>\n\n\n\n<div style=\"height:30px\" aria-hidden=\"true\" class=\"wp-block-spacer\"><\/div>\n\n\n\n<h3 class=\"wp-block-heading\">Aus diesem Grund bleiben uns viele Kunden \u00fcber Jahrzehnte treu. Unsere namhaften Kunden erf\u00fcllen uns mit Stolz.<\/h3>\n\n\n\n<p>(Transparenzregister (EU): <a href=\"https:\/\/transparency-register.europa.eu\/searchregister-or-update\/organisation-detail_de?id=171298025234-65\" target=\"_blank\" rel=\"noopener\">EUTOP Europe GmbH<\/a>)  (Lobbyregister (DE): <a href=\"https:\/\/www.lobbyregister.bundestag.de\/suche\/R002291\/49195\" target=\"_blank\" rel=\"noopener\">EUTOP Europe GmbH<\/a>)<\/p>\n\n\n\n<div style=\"height:10px\" aria-hidden=\"true\" class=\"wp-block-spacer\"><\/div>\n\n\t<\/div>\n\n\n\n<div class=\"col-12 col-md-1\">\n\t\t\t\t<\/div>\n\n<\/div>\n\n<\/div>\n\n<\/div>\n\n\n<div class=\"wp-bootstrap-blocks-container container-fluid mb-0 bg-gray\">\n\t\n<div class=\"wp-bootstrap-blocks-container container mb-0\">\n\t\n\n<div style=\"height:50px\" aria-hidden=\"true\" class=\"wp-block-spacer\"><\/div>\n\n\n<div class=\"wp-bootstrap-blocks-row row\">\n\t\n\n<div class=\"col-12 col-md-1\">\n\t\t\t\t<\/div>\n\n\n\n<div class=\"col-12 col-md-10\">\n\t\t\t\n\n<h2 class=\"wp-block-heading\">SOLLTEN SIE EUTOP-KUNDE WERDEN?<\/h2>\n\n\n\n<p>Ja, wenn Sie erkannt haben, dass die Entscheidungsprozesse in der Europ\u00e4ischen Union und ihren Mitgliedstaaten einen kaum mehr beherrschbaren Grad an Komplexit\u00e4t erreicht haben und dass ausschlie\u00dflich mit guten inhaltlichen Argumenten Erfolge nicht mehr garantiert sind. EUTOP verf\u00fcgt \u00fcber die Instrumente, um Ihren Interessen in diesem Irrgarten der Zust\u00e4ndigkeiten und Verfahrensfragen zum Erfolg zu verhelfen. Wir begleiten Sie durch unsere einzigartige Methodenkompetenz zum Erfolg! Denn wir wissen, welche Entscheider zu welchem Zeitpunkt und mit welchen Argumenten auf welche Art und Weise angesprochen werden sollten. Dazu hat EUTOP seit 1990 seine einzigartige Prozesskompetenz entwickelt sowie ein dichtes Netz kompetenter Mitarbeiter und Berater aufgebaut.<\/p>\n\n\n\n<div style=\"height:30px\" aria-hidden=\"true\" class=\"wp-block-spacer\"><\/div>\n\n\n\n<h2 class=\"wp-block-heading\">LEIDER KANN NICHT JEDER EUTOP-KUNDE WERDEN<\/h2>\n\n\n\n<p>Die wichtigste H\u00fcrde f\u00fcr Neukunden ist die Exklusivit\u00e4t, die wir unseren bestehenden Kunden f\u00fcr ihre Belange zusichern, um Interessenkonflikte auszuschlie\u00dfen.<\/p>\n\n\n\n<p>Und wir pr\u00fcfen in jedem Einzelfall, bis zu welchem Grad die Interessen eines Kunden mit dem Gemeinwohl in \u00dcbereinstimmung gebracht werden k\u00f6nnen. Wir nennen es \u201ePerspektivenwechselkompetenz\u201c. Sie ist eine entscheidende Voraussetzung f\u00fcr eine erfolgreiche Interessenvertretung. Denn Entscheider \u2013 ob auf EU- oder mitgliedstaatlicher Ebene \u2013 akzeptieren vor allem Anliegen, die auch im Interesse des Gemeinwohls liegen und daher den B\u00fcrgern leichter vermittelbar sind.<\/p>\n\n\n\n<p>Wir verbinden unsere Wachstumsstrategie mit einem kompromisslosen Qualit\u00e4tsanspruch. Deshalb haben wir ein NEW CLIENT CLEARANCE BOARD etabliert, das sorgf\u00e4ltig pr\u00fcft, ob ein Kunde zu uns passt. Dies ist im wohlverstandenen beiderseitigen Interesse. Denn wir wollen unser Erfolgs-Versprechen an unsere Kunden einl\u00f6sen k\u00f6nnen.<\/p>\n\n\n\n<p>Und hier noch ein Tipp: Machen Sie sich mit der \u201e<a href=\"\/de\/#formel\">Formel des Erfolgs<\/a>\u201c von EUTOP vertraut. Es lohnt sich!<\/p>\n\n\t<\/div>\n\n\n\n<div class=\"col-12 col-md-1\">\n\t\t\t\t<\/div>\n\n<\/div>\n\n\n\n<div style=\"height:50px\" aria-hidden=\"true\" class=\"wp-block-spacer\"><\/div>\n\n<\/div>\n\n<\/div>\n\n\n<div class=\"wp-bootstrap-blocks-container container mb-0 kontakt\">\n\t\n<div class=\"wp-bootstrap-blocks-row row\">\n\t\n\n<div class=\"col-12 col-md-1\">\n\t\t\t\t<\/div>\n\n\n\n<div class=\"col-12 col-md-10\">\n\t\t\t\n<div class=\"wp-bootstrap-blocks-row row\">\n\t\n\n<div class=\"col-12 col-md-6\">\n\t\t\t\n\n<div style=\"height:20px\" aria-hidden=\"true\" class=\"wp-block-spacer\"><\/div>\n\n\n\n<h2 class=\"wp-block-heading\">Kontakt<\/h2>\n\n\n\n<div style=\"height:20px\" aria-hidden=\"true\" class=\"wp-block-spacer\"><\/div>\n\n\n<div class=\"wp-bootstrap-blocks-row row\">\n\t\n\n<div class=\"col-12 col-md-6\">\n\t\t\t\n\n<p><strong>Prof. Dr. Klemens Joos&nbsp;<\/strong><br>Gr\u00fcnder, Gesellschafter, CEO<br>EUTOP International GmbH<br>Denninger Stra\u00dfe 15<br>D-81679 M\u00fcnchen<\/p>\n\n\n\n<p><a href=\"mailto:joos@euxea.eu\">joos@euxea.eu<\/a><br>Tel. +49 89 9929997-0<\/p>\n\n\t<\/div>\n\n\n\n<div class=\"col-12 col-md-6\">\n\t\t\t\n\n<p><\/p>\n\n\t<\/div>\n\n<\/div>\n\n\t<\/div>\n\n\n\n<div class=\"col-12 col-md-6\">\n\t\t\t\n\n<div style=\"height:86px\" aria-hidden=\"true\" class=\"wp-block-spacer\"><\/div>\n\n\n<div class=\"wp-bootstrap-blocks-row row\">\n\t\n\n<div class=\"col-12 col-md-6\">\n\t\t\t\n\n<p><strong>Stefan Mappus<\/strong><br>Gesch\u00e4ftsf\u00fchrer<br>EUTOP International GmbH<br>Denninger Stra\u00dfe 15<br>D-81679 M\u00fcnchen<\/p>\n\n\n\n<p><a href=\"mailto:mappus@eutop.eu\">mappus@eutop.eu<\/a><br>Tel. +49 89 323700-6024<\/p>\n\n\t<\/div>\n\n\n\n<div class=\"col-12 col-md-6\">\n\t\t\t\n\n<\/p>\n\n\t<\/div>\n\n<\/div>\n\n\t<\/div>\n\n<\/div>\n\n\t<\/div>\n\n<\/div>\n\n<\/div>\n\n\n\n<p><\/p>","protected":false},"excerpt":{"rendered":"","protected":false},"author":1,"featured_media":0,"parent":0,"menu_order":0,"comment_status":"closed","ping_status":"closed","template":"","meta":{"footnotes":""},"class_list":["post-1146","page","type-page","status-publish","hentry"],"_links":{"self":[{"href":"https:\/\/www.eutop.com\/de\/wp-json\/wp\/v2\/pages\/1146","targetHints":{"allow":["GET"]}}],"collection":[{"href":"https:\/\/www.eutop.com\/de\/wp-json\/wp\/v2\/pages"}],"about":[{"href":"https:\/\/www.eutop.com\/de\/wp-json\/wp\/v2\/types\/page"}],"author":[{"embeddable":true,"href":"https:\/\/www.eutop.com\/de\/wp-json\/wp\/v2\/users\/1"}],"replies":[{"embeddable":true,"href":"https:\/\/www.eutop.com\/de\/wp-json\/wp\/v2\/comments?post=1146"}],"version-history":[{"count":63,"href":"https:\/\/www.eutop.com\/de\/wp-json\/wp\/v2\/pages\/1146\/revisions"}],"predecessor-version":[{"id":1609,"href":"https:\/\/www.eutop.com\/de\/wp-json\/wp\/v2\/pages\/1146\/revisions\/1609"}],"wp:attachment":[{"href":"https:\/\/www.eutop.com\/de\/wp-json\/wp\/v2\/media?parent=1146"}],"curies":[{"name":"wp","href":"https:\/\/api.w.org\/{rel}","templated":true}]}}