{"id":12,"date":"2023-09-06T09:59:05","date_gmt":"2023-09-06T07:59:05","guid":{"rendered":"https:\/\/www.eutop.com\/?page_id=12"},"modified":"2025-08-25T13:39:02","modified_gmt":"2025-08-25T11:39:02","slug":"compliance","status":"publish","type":"page","link":"https:\/\/www.eutop.com\/de\/compliance\/","title":{"rendered":"Compliance"},"content":{"rendered":"<div class=\"wp-bootstrap-blocks-container container-fluid mb-0 wave\">\n\t\n<div class=\"wp-bootstrap-blocks-container container mb-2 stars\">\n\t\n\n<h2 class=\"wp-block-heading\">Compliance<\/h2>\n\n\n\n<p>Das Thema Compliance erf\u00e4hrt im gesch\u00e4ftlichen Handeln gro\u00dfer Unternehmen hohe Aufmerksamkeit. Die EUTOP Group nimmt dieses Thema seit jeher sehr ernst und arbeitet diesbez\u00fcglich mit f\u00fchrenden externen Beratern zusammen. F\u00fcr die Kunden von EUTOP ist damit ein H\u00f6chstma\u00df an Sicherheit und Zuverl\u00e4ssigkeit gew\u00e4hrleistet.<\/p>\n<p><b class=\"blue\">Legal Compliance<\/b><br \/>EUTOP arbeitet eng mit zwei renommierten Rechtsanwaltssoziet\u00e4ten zusammen, die \u00fcber gro\u00dfe Erfahrung auf dem Gebiet der Legal Compliance verf\u00fcgen \u2013 nicht nur in Deutschland, sondern weltweit. Neben der fortlaufenden Information \u00fcber aktuelle Entwicklungen auf diesem Gebiet entwickelt EUTOP gemeinsam mit seinen Beratern den Bereich Compliance stetig weiter. Selbstverst\u00e4ndlich werden dabei die gesetzlichen Vorschriften und Standards, einschlie\u00dflich relevanter internationaler Regelungen wie beispielsweise des US Foreign Corrupt Practices Act, ber\u00fccksichtigt. Dieses Wissen vermittelt EUTOP seinen Mitarbeitern in regelm\u00e4\u00dfigen Schulungen. Zudem stehen unseren Mitarbeitern jederzeit zwei Partner der beauftragten Soziet\u00e4ten f\u00fcr alle Compliance-Themen zur Verf\u00fcgung.<\/p>\n<p><b class=\"blue\">Financial Compliance<\/b><br \/>Die Jahresabschl\u00fcsse\u00a0der EUTOP Group\u00a0unterliegen aufgrund der Unternehmensgr\u00f6\u00dfe und Rechtsform keiner Pr\u00fcfungspflicht. Dennoch l\u00e4sst das Unternehmen seit 2001 freiwillig die Jahresabschl\u00fcsse von EUTOP und der damit verbundenen Gesellschaften durch renommierte Wirtschaftspr\u00fcfer pr\u00fcfen. Damit liegen seit 2001 l\u00fcckenlos und uneingeschr\u00e4nkt testierte Jahresabschl\u00fcsse vor. \u00dcberpr\u00fcft werden jeweils die Gesch\u00e4ftsprozesse, die Finanzbuchhaltung und der Kapitalfluss \u2013 nicht nur stichprobenartig, sondern de facto vollumf\u00e4nglich. Im Rahmen der Pr\u00fcfung werden u.\u2009a. auch die Wirksamkeit des internen Kontrollsystems sowie Nachweise f\u00fcr die Angaben in Buchf\u00fchrung und Jahresabschluss beurteilt.<\/p>\n<p><b class=\"blue\">Tax Compliance<\/b><br \/>Alle steuerrelevanten Prozesse in Buchhaltung und Controlling von EUTOP sind einem Tax Compliance Management System unterworfen. Bei der Ausgestaltung des Tax Compliance Management Systems hat sich EUTOP eng am Pr\u00fcfungsstandard des Instituts der Wirtschaftspr\u00fcfer (IDW) orientiert. Durch klar definierte Arbeitsabl\u00e4ufe und Strukturen werden die steuerlich korrekte Erfassung von Gesch\u00e4ftsvorf\u00e4llen und die Einhaltung gesetzlicher Vorschriften und Fristen gew\u00e4hrleistet. Neben internen Kontrollen und deren Dokumentation wird die Einhaltung der Tax Compliance und die Erforderlichkeit von Anpassungen laufend von einem externen Steuerberater \u00fcberwacht und einmal j\u00e4hrlich im Rahmen der Jahresabschlusspr\u00fcfung durch einen renommierten Wirtschaftspr\u00fcfer gepr\u00fcft.<\/p>\n<p><b class=\"blue\">Datenschutz<\/b><br \/>Die EUTOP Group\u00a0verf\u00fcgt \u00fcber einen unabh\u00e4ngigen externen Datenschutzbeauftragten. Dieser f\u00fchrt nicht nur die vorgeschriebenen Pr\u00fcfungen im Unternehmen durch, sondern stellt sein Wissen auch in regelm\u00e4\u00dfigen Schulungen der Mitarbeiter zu Datenschutz-Themen zur Verf\u00fcgung. Dar\u00fcber hinaus erstellt er einen regelm\u00e4\u00dfigen Datenschutz-Newsletter, der an alle Mitarbeiter zur fortlaufenden aktuellen Information versandt wird.<\/p>\n<p><b class=\"blue\">Zertifizierung nach ISO 9001<\/b><br \/>Die Verwaltungsaufgaben im Bereich Finanzen, Buchhaltung, Personal, Recht und IT f\u00fcr die\u00a0gesamte\u00a0EUTOP Group erbringt\u00a0die EUTOP Administration GmbH, deren Dienstleistungen seit dem Jahr 2010 vom T\u00dcV S\u00dcD nach ISO 9001 zertifiziert werden.<\/p>\n<p><a href=\"https:\/\/www.eutop.com\/de\/wp-content\/uploads\/2024\/10\/2025-07-24_TUV_Sued_EUTOP_Administration_Zeritfikat_ISO90012015_DE.pdf\" target=\"_blank\" rel=\"noopener\">T\u00dcV Zertifikat der EUTOP Administration GmbH (g\u00fcltig ab 24.08.25)<\/a><\/p>\n<p><b class=\"blue\">Die EUTOP Group in Transparenzregistern<\/b><br \/>EUTOP ist im EU-Transparenzregister eingetragen und unterst\u00fctzt damit die Transparenzbestrebungen der EU-Institutionen. Auch auf nationaler und regionaler Ebene unterst\u00fctzt EUTOP durch die Eintragung in dort vorhandene Register das Ziel der beh\u00f6rdlichen Vertreter nach gr\u00f6\u00dferer Transparenz in den politischen Prozessen.<\/p>\n<table border=\"0\">\n<tbody>\n<tr>\n<th>Lobbying \/ Transparenzregister<\/th>\n<th>EUTOP<\/th>\n<th>Registernummer<\/th>\n<\/tr>\n<tr>\n<td>\u00a0<\/td>\n<td>\u00a0<\/td>\n<td>\u00a0<\/td>\n<\/tr>\n<tr>\n<td>Europ\u00e4ische Union<\/td>\n<td>EUTOP Europe GmbH (EUTOP Group)<\/td>\n<td><a href=\"https:\/\/transparency-register.europa.eu\/search-register-or-update\/organisation-detail_de?id=171298025234-65\" target=\"_blank\" rel=\"noopener\">171298025234-65<\/a><\/td>\n<\/tr>\n<tr>\n<td>\u00a0<\/td>\n<td>\u00a0<\/td>\n<td>\u00a0<\/td>\n<\/tr>\n<tr>\n<td>Bundesrepublik Deutschland<\/td>\n<td>EUTOP Europe GmbH<\/td>\n<td><a href=\"https:\/\/www.lobbyregister.bundestag.de\/suche\/R002291\" target=\"_blank\" rel=\"noopener\">R002291<\/a><\/td>\n<\/tr>\n<tr>\n<td>\u00a0<\/td>\n<td>EUTOP International GmbH<\/td>\n<td><a href=\"https:\/\/www.lobbyregister.bundestag.de\/suche\/R002289\" target=\"_blank\" rel=\"noopener\">R002289<\/a><\/td>\n<\/tr>\n<tr>\n<td>\u00a0<\/td>\n<td>EUTOP Brussels SRL<\/td>\n<td><a href=\"https:\/\/www.lobbyregister.bundestag.de\/suche\/R002284\" target=\"_blank\" rel=\"noopener\">R002284<\/a><\/td>\n<\/tr>\n<tr>\n<td>\u00a0<\/td>\n<td>\u00a0<\/td>\n<td>\u00a0<\/td>\n<\/tr>\n<tr>\n<td>Freistaat Bayern<\/td>\n<td>EUTOP Europe GmbH<\/td>\n<td><a href=\"https:\/\/www.bayern.landtag.de\/lobbyregister\/lobbyregister-aktiv\/?tx_solr%5Bq%5D=DEBYLT019C\" target=\"_blank\" rel=\"noopener\">DEBYLT019C<\/a><\/td>\n<\/tr>\n<tr>\n<td>\u00a0<\/td>\n<td>EUTOP International GmbH<\/td>\n<td><a href=\"https:\/\/www.bayern.landtag.de\/lobbyregister\/lobbyregister-aktiv\/?tx_solr%5Bfilter%5D%5B0%5D=firstLetter%3AE&amp;tx_solr%5Bq%5D=DEBYLT01AD\" target=\"_blank\" rel=\"noopener\">DEBYLT01AD<\/a><\/td>\n<\/tr>\n<tr>\n<td>\u00a0<\/td>\n<td>EUTOP Brussels SRL<\/td>\n<td><a href=\"https:\/\/www.bayern.landtag.de\/lobbyregister\/lobbyregister-aktiv\/?tx_solr%5Bq%5D=DEBYLT026A\" target=\"_blank\" rel=\"noopener\">DEBYLT026A<\/a><\/td>\n<\/tr>\n<tr>\n<td>\u00a0<\/td>\n<td>EUTOP Berlin GmbH<\/td>\n<td><a href=\"https:\/\/www.bayern.landtag.de\/lobbyregister\/lobbyregister-aktiv\/?tx_solr%5Bq%5D=DEBYLT019D\" target=\"_blank\" rel=\"noopener\">DEBYLT019D<\/a><\/td>\n<\/tr>\n<tr>\n<td>\u00a0<\/td>\n<td>\u00a0<\/td>\n<td>\u00a0<\/td>\n<\/tr>\n<tr>\n<td>Land Baden-W\u00fcrttemberg<\/td>\n<td>EUTOP Europe GmbH<\/td>\n<td><a href=\"https:\/\/www.landtag-bw.de\/de\/der-landtag\/transparenzregister\/eutop-europe-gmbh-505324\" target=\"_blank\" rel=\"noopener\">Register<\/a><\/td>\n<\/tr>\n<tr>\n<td>\u00a0<\/td>\n<td>\u00a0<\/td>\n<td>\u00a0<\/td>\n<\/tr>\n<tr>\n<td>Land Hessen<\/td>\n<td>EUTOP Europe GmbH<\/td>\n<td><a href=\"https:\/\/hessischer-landtag.de\/liste-der-eingetragenen-interessenvertretungen\" target=\"_blank\" rel=\"noopener\">Register<\/a><\/td>\n<\/tr>\n<\/tbody>\n<\/table>\n\n<\/div>\n\n<\/div>\n\n\n\n<p><\/p>","protected":false},"excerpt":{"rendered":"","protected":false},"author":1,"featured_media":0,"parent":0,"menu_order":0,"comment_status":"closed","ping_status":"closed","template":"","meta":{"footnotes":""},"class_list":["post-12","page","type-page","status-publish","hentry"],"_links":{"self":[{"href":"https:\/\/www.eutop.com\/de\/wp-json\/wp\/v2\/pages\/12","targetHints":{"allow":["GET"]}}],"collection":[{"href":"https:\/\/www.eutop.com\/de\/wp-json\/wp\/v2\/pages"}],"about":[{"href":"https:\/\/www.eutop.com\/de\/wp-json\/wp\/v2\/types\/page"}],"author":[{"embeddable":true,"href":"https:\/\/www.eutop.com\/de\/wp-json\/wp\/v2\/users\/1"}],"replies":[{"embeddable":true,"href":"https:\/\/www.eutop.com\/de\/wp-json\/wp\/v2\/comments?post=12"}],"version-history":[{"count":15,"href":"https:\/\/www.eutop.com\/de\/wp-json\/wp\/v2\/pages\/12\/revisions"}],"predecessor-version":[{"id":1633,"href":"https:\/\/www.eutop.com\/de\/wp-json\/wp\/v2\/pages\/12\/revisions\/1633"}],"wp:attachment":[{"href":"https:\/\/www.eutop.com\/de\/wp-json\/wp\/v2\/media?parent=12"}],"curies":[{"name":"wp","href":"https:\/\/api.w.org\/{rel}","templated":true}]}}