{"id":1709,"date":"2026-05-04T15:07:59","date_gmt":"2026-05-04T13:07:59","guid":{"rendered":"https:\/\/www.eutop.com\/de\/?page_id=1709"},"modified":"2026-05-08T12:51:28","modified_gmt":"2026-05-08T10:51:28","slug":"kunde-werden","status":"publish","type":"page","link":"https:\/\/www.eutop.com\/de\/kunde-werden\/","title":{"rendered":"Kunde werden"},"content":{"rendered":"<div class=\"wp-bootstrap-blocks-container container-fluid mb-0 wave-blue\">\n\t\n<div class=\"wp-bootstrap-blocks-container container mb-2\">\n\t\n\n<div style=\"height:45px\" aria-hidden=\"true\" class=\"wp-block-spacer\"><\/div>\n\n\n<div class=\"wp-bootstrap-blocks-row row\">\n\t\n\n<div class=\"col-12 col-md-1\">\n\t\t\t\t<\/div>\n\n\n\n<div class=\"col-12 col-md-10\">\n\t\t\t\n\n<h2 class=\"wp-block-heading\">Kunde Werden<\/h2>\n\n\n\n<div style=\"height:20px\" aria-hidden=\"true\" class=\"wp-block-spacer\"><\/div>\n\n\t<\/div>\n\n\n\n<div class=\"col-12 col-md-1\">\n\t\t\t\t<\/div>\n\n<\/div>\n\n<\/div>\n\n<\/div>\n\n\n<div class=\"wp-bootstrap-blocks-container container-fluid mb-0\">\n\t\n<div class=\"wp-bootstrap-blocks-container container mb-0\">\n\t\n<div class=\"wp-bootstrap-blocks-row row\">\n\t\n\n<div class=\"col-12 col-md-1\">\n\t\t\t\t<\/div>\n\n\n\n<div class=\"col-12 col-md-10\">\n\t\t\t\n\n<div style=\"height:30px\" aria-hidden=\"true\" class=\"wp-block-spacer\"><\/div>\n\n\n\n<div style=\"height:10px\" aria-hidden=\"true\" class=\"wp-block-spacer\"><\/div>\n\n\n<div class=\"wp-bootstrap-blocks-row row tausch rechts\">\n\t\n\n<div class=\"col-12 col-md-6 h-center text\">\n\t\t\t\n\n<div style=\"height:20px\" aria-hidden=\"true\" class=\"wp-block-spacer\"><\/div>\n\n\n\n<div class=\"wp-block-group\"><div class=\"wp-block-group__inner-container is-layout-constrained wp-block-group-is-layout-constrained\">\n<h3 class=\"wp-block-heading\"><strong>Br\u00fcssel legt die politischen Spielregeln fest \u2013 Unternehmen haben darauf kaum Einfluss<\/strong><\/h3>\n\n\n\n<p>Ob Handelsabkommen, Lieferkettenregulierung, Nachhaltigkeitsberichterstattung, CBAM oder Emissionshandel: Die ma\u00dfgeblichen politischen Entscheidungen f\u00fcr die Wirtschaft entstehen nicht in Berlin, Paris oder Warschau, sondern in Br\u00fcssel.<\/p>\n<p>89\u202f% aller EU\u2011Rechtsakte werden dabei im ordentlichen Gesetzgebungsverfahren der EU bereits nach der ersten Lesung abgeschlossen \u2013 und zwar auf Basis der Ergebnisse des sogenannten informellen Trilogs. In diesen nicht\u2011\u00f6ffentlichen Verhandlungen legen EU\u2011Kommission, EU-Parlament und Rat der EU vorab den finalen Gesetzestext fest. Unternehmen sind dabei nicht formell eingebunden!<\/p>\n<\/div><\/div>\n\n\t<\/div>\n\n\n\n<div class=\"col-12 col-md-6 h-center image\">\n\t\t\t\n\n<figure class=\"wp-block-image size-full showalt\"><img loading=\"lazy\" decoding=\"async\" width=\"900\" height=\"600\" src=\"https:\/\/www.eutop.com\/de\/wp-content\/uploads\/2026\/05\/eu-Trilogs-1.jpg\" alt=\"Beispielhafte Visualisierung des informellen Trilogs mit estnischem Berichterstatter aus dem EU-Parlament, kroatischem EU-Kommissar und irischem Wirtschaftsminister (im Falle der EU-Ratspr\u00e4sidentschaft).\" class=\"wp-image-1714\" srcset=\"https:\/\/www.eutop.com\/de\/wp-content\/uploads\/2026\/05\/eu-Trilogs-1.jpg 900w, https:\/\/www.eutop.com\/de\/wp-content\/uploads\/2026\/05\/eu-Trilogs-1-520x347.jpg 520w, https:\/\/www.eutop.com\/de\/wp-content\/uploads\/2026\/05\/eu-Trilogs-1-768x512.jpg 768w\" sizes=\"auto, (max-width: 900px) 100vw, 900px\" \/><\/figure>\n\n\t<\/div>\n\n<\/div>\n\n\n<div class=\"wp-bootstrap-blocks-row row tausch links\">\n\t\n\n<div class=\"col-12 col-md-6 h-center image\">\n\t\t\t\n\n<figure class=\"wp-block-image size-full showalt\"><img loading=\"lazy\" decoding=\"async\" width=\"900\" height=\"600\" src=\"https:\/\/www.eutop.com\/de\/wp-content\/uploads\/2026\/05\/eu-Trilogs-2.jpg\" alt=\"Beispielhafte Visualisierung desselben informellen Trilogs mit mehr Ressourceneinsatz f\u00fcr die Sch\u00e4rfung inhaltlicher Argumente\n\u201evor dem Haus\u201c \u2013 w\u00e4hrend die Entscheidung \u201eim Haus\u201c f\u00e4llt.\" class=\"wp-image-1715\" srcset=\"https:\/\/www.eutop.com\/de\/wp-content\/uploads\/2026\/05\/eu-Trilogs-2.jpg 900w, https:\/\/www.eutop.com\/de\/wp-content\/uploads\/2026\/05\/eu-Trilogs-2-520x347.jpg 520w, https:\/\/www.eutop.com\/de\/wp-content\/uploads\/2026\/05\/eu-Trilogs-2-768x512.jpg 768w\" sizes=\"auto, (max-width: 900px) 100vw, 900px\" \/><\/figure>\n\n\t<\/div>\n\n\n\n<div class=\"col-12 col-md-6 h-center text\">\n\t\t\t\n\n<div class=\"wp-block-group\"><div class=\"wp-block-group__inner-container is-layout-constrained wp-block-group-is-layout-constrained\">\n<h3 class=\"wp-block-heading\"><strong><strong>Die besten Argumente helfen nicht, wenn sie die Entscheider nicht erreichen<\/strong><\/strong><\/h3>\n\n\n\n<p>Viele Unternehmen reagieren auf immer erdr\u00fcckendere EU\u2011Regulatorik reflexhaft mit mehr Ressourcen f\u00fcr die eigene Government\u2011Relations\u2011Abteilung, Verb\u00e4nde, Public\u2011Affairs\u2011Agenturen oder Anw\u00e4lte. \u00a0Das verbessert die Inhalte \u2013 aber nicht die Ergebnisse.<\/p>\n<p>Wer nur \u201evor dem Haus\u201c Argumente perfektioniert, kommt nicht automatisch \u201eins Haus rein\u201c, wenn die Entscheidung f\u00e4llt. Und wer nicht im richtigen Moment bei den richtigen Entscheidern die richtigen Argumente platziert, dessen Position verpufft.<\/p>\n<\/div><\/div>\n\n\t<\/div>\n\n<\/div>\n\n\t<\/div>\n\n\n\n<div class=\"col-12 col-md-1\">\n\t\t\t\t<\/div>\n\n<\/div>\n\n\n\n<div style=\"height:30px\" aria-hidden=\"true\" class=\"wp-block-spacer\"><\/div>\n\n\n\n<p class=\"has-text-align-center has-medium-font-size\">Haben Sie Fragen oder Interesse?<\/p>\n\n\n<div class=\"wp-bootstrap-blocks-button text-center\">\n\t<a\n\t\thref=\"#angebot\"\n\t\t\t\t\t\tclass=\"btn btn-primary\"\n\t>\n\t\tKontakt aufnehmen\t<\/a>\n<\/div>\n\n\n\n<div style=\"height:50px\" aria-hidden=\"true\" class=\"wp-block-spacer\"><\/div>\n\n<\/div>\n\n<\/div>\n\n\n<div class=\"wp-bootstrap-blocks-container container-fluid mb-0 bg-gray\">\n\t\n<div class=\"wp-bootstrap-blocks-container container mb-0\">\n\t\n\n<div style=\"height:50px\" aria-hidden=\"true\" class=\"wp-block-spacer\"><\/div>\n\n\n<div class=\"wp-bootstrap-blocks-row row\">\n\t\n\n<div class=\"col-12 col-md-1\">\n\t\t\t\t<\/div>\n\n\n\n<div class=\"col-12 col-md-10\">\n\t\t\t\n\n<h2 class=\"wp-block-heading\"><strong>Mit Prozesskompetenz wird Regulatorik zum R\u00fcckenwind f\u00fcr Ihr Gesch\u00e4ftsmodell<\/strong><\/h2>\n\n\n\n<p><strong>EUTOP verf\u00fcgt \u00fcber belastbaren Zugang zu &gt;3500 Entscheidern und tiefes Verst\u00e4ndnis aller formellen und informellen Entscheidungswege: <\/strong>Hierf\u00fcr arbeitet EUTOP exklusiv mit &gt;80 Strukturellen Beratern (d.h. ehemaligen Spitzenentscheidern aus der EU\u2011Kommission, diversen Fraktionen des EU\u2011Parlaments sowie Regierungen, Ministerien und Parlamenten auf nationaler Ebene) zusammen. So erreicht Ihr Anliegen im EU-Entscheidungsirrgarten die richtigen Entscheider zum richtigen Zeitpunkt.<\/p>\n\n\n\n<p><strong>EUTOP spricht die Sprache der Politik: <\/strong>In 85-95% der F\u00e4lle ist Ihr Anliegen grunds\u00e4tzlich mehrheitsf\u00e4hig. Mithilfe der OnePager\u00ae-Methodik bereiten wir Ihr Thema auf einer Seite so auf, dass es aus Sicht der politischen Entscheider im Sinne des Gemeinwohls \u00fcberzeugt und damit in der Praxis mehrheitsf\u00e4hig wird. Nur so kann Ihr Anliegen zum Anliegen der Politik werden.<\/p>\n\n\n\n<p><strong>EUTOP steht f\u00fcr exzellentes Projektmanagement<\/strong>: EUTOP begleitet den gesamten politischen Prozess strategisch und operativ. Vom ersten Signal bis zur finalen Entscheidung. Rund um die Uhr und mit klarem Ergebnisfokus.<\/p>\n\n\t<\/div>\n\n\n\n<div class=\"col-12 col-md-1\">\n\t\t\t\t<\/div>\n\n<\/div>\n\n\n\n<div style=\"height:45px\" aria-hidden=\"true\" class=\"wp-block-spacer\"><\/div>\n\n<\/div>\n\n<\/div>\n\n\n<div class=\"wp-bootstrap-blocks-container container-fluid mb-0\">\n\t\n<div class=\"wp-bootstrap-blocks-container container mb-2\">\n\t\n\n<div style=\"height:40px\" aria-hidden=\"true\" class=\"wp-block-spacer\"><\/div>\n\n\n<div class=\"wp-bootstrap-blocks-row row\">\n\t\n\n<div class=\"col-12 col-md-1\">\n\t\t\t\t<\/div>\n\n\n\n<div class=\"col-12 col-md-10\">\n\t\t\t\n\n<h2 class=\"wp-block-heading has-text-align-center\"><strong>Namenhafte Unternehmen, Verb\u00e4nde und Organisationen setzen seit Jahrzehnten auf die EUTOP-Methodik<\/strong><\/h2>\n\n\n\n<p class=\"has-text-align-center\">(Transparenzregister (EU): <a href=\"https:\/\/transparency-register.europa.eu\/search-register-or-update\/organisation-detail_de?id=171298025234-65\" target=\"_blank\" rel=\"noreferrer noopener\">EUTOP Europe GmbH<\/a>)&nbsp; (Lobbyregister (DE): <a href=\"https:\/\/www.lobbyregister.bundestag.de\/suche\/R002291\/64308\" target=\"_blank\" rel=\"noreferrer noopener\">EUTOP Europe GmbH<\/a>)<\/p>\n\n\t<\/div>\n\n\n\n<div class=\"col-12 col-md-1\">\n\t\t\t\t<\/div>\n\n<\/div>\n\n\n<div class=\"wrap small-padding\" id=\"kundenlogos\"><img decoding=\"async\" src=\"\/wp-content\/themes\/bootscore-child-main\/img\/fade-left.png\" class=\"fade_l\"><img decoding=\"async\" src=\"\/wp-content\/themes\/bootscore-child-main\/img\/fade-right.png\" class=\"fade_r\"><div class=\"logoslide owl-carousel\"><div><img decoding=\"async\" src=\"\/wp-content\/themes\/bootscore-child-main\/img\/kundenlogos\/alz-chem.png\" rel=\"\/wp-content\/themes\/bootscore-child-main\/img\/kundenlogos\/alz-chem_sw.png\" alt=\"alz-chem\"><\/div><div><img decoding=\"async\" src=\"\/wp-content\/themes\/bootscore-child-main\/img\/kundenlogos\/amadeus.png\" rel=\"\/wp-content\/themes\/bootscore-child-main\/img\/kundenlogos\/amadeus_sw.png\" alt=\"amadeus\"><\/div><div><img decoding=\"async\" src=\"\/wp-content\/themes\/bootscore-child-main\/img\/kundenlogos\/bayer.png\" rel=\"\/wp-content\/themes\/bootscore-child-main\/img\/kundenlogos\/bayer_sw.png\" alt=\"bayer\"><\/div><div><img decoding=\"async\" src=\"\/wp-content\/themes\/bootscore-child-main\/img\/kundenlogos\/bmw.png\" rel=\"\/wp-content\/themes\/bootscore-child-main\/img\/kundenlogos\/bmw_sw.png\" alt=\"bmw\"><\/div><div><img decoding=\"async\" src=\"\/wp-content\/themes\/bootscore-child-main\/img\/kundenlogos\/bundesnotarkammer.png\" rel=\"\/wp-content\/themes\/bootscore-child-main\/img\/kundenlogos\/bundesnotarkammer_sw.png\" alt=\"bundesnotarkammer\"><\/div><div><img decoding=\"async\" src=\"\/wp-content\/themes\/bootscore-child-main\/img\/kundenlogos\/covestro.png\" rel=\"\/wp-content\/themes\/bootscore-child-main\/img\/kundenlogos\/covestro_sw.png\" alt=\"covestro\"><\/div><div><img decoding=\"async\" src=\"\/wp-content\/themes\/bootscore-child-main\/img\/kundenlogos\/daimler-truck.png\" rel=\"\/wp-content\/themes\/bootscore-child-main\/img\/kundenlogos\/daimler-truck_sw.png\" alt=\"daimler-truck\"><\/div><div><img decoding=\"async\" src=\"\/wp-content\/themes\/bootscore-child-main\/img\/kundenlogos\/dhl.png\" rel=\"\/wp-content\/themes\/bootscore-child-main\/img\/kundenlogos\/dhl_sw.png\" alt=\"dhl\"><\/div><div><img decoding=\"async\" src=\"\/wp-content\/themes\/bootscore-child-main\/img\/kundenlogos\/edeka.png\" rel=\"\/wp-content\/themes\/bootscore-child-main\/img\/kundenlogos\/edeka_sw.png\" alt=\"edeka\"><\/div><div><img decoding=\"async\" src=\"\/wp-content\/themes\/bootscore-child-main\/img\/kundenlogos\/ferrero.png\" rel=\"\/wp-content\/themes\/bootscore-child-main\/img\/kundenlogos\/ferrero_sw.png\" alt=\"ferrero\"><\/div><div><img decoding=\"async\" src=\"\/wp-content\/themes\/bootscore-child-main\/img\/kundenlogos\/hitachi.png\" rel=\"\/wp-content\/themes\/bootscore-child-main\/img\/kundenlogos\/hitachi_sw.png\" alt=\"hitachi\"><\/div><div><img decoding=\"async\" src=\"\/wp-content\/themes\/bootscore-child-main\/img\/kundenlogos\/infineon.png\" rel=\"\/wp-content\/themes\/bootscore-child-main\/img\/kundenlogos\/infineon_sw.png\" alt=\"infineon\"><\/div><div><img decoding=\"async\" src=\"\/wp-content\/themes\/bootscore-child-main\/img\/kundenlogos\/knds.png\" rel=\"\/wp-content\/themes\/bootscore-child-main\/img\/kundenlogos\/knds_sw.png\" alt=\"knds\"><\/div><div><img decoding=\"async\" src=\"\/wp-content\/themes\/bootscore-child-main\/img\/kundenlogos\/ppf.png\" rel=\"\/wp-content\/themes\/bootscore-child-main\/img\/kundenlogos\/ppf_sw.png\" alt=\"ppf\"><\/div><div><img decoding=\"async\" src=\"\/wp-content\/themes\/bootscore-child-main\/img\/kundenlogos\/suedzucker.png\" rel=\"\/wp-content\/themes\/bootscore-child-main\/img\/kundenlogos\/suedzucker_sw.png\" alt=\"suedzucker\"><\/div><div><img decoding=\"async\" src=\"\/wp-content\/themes\/bootscore-child-main\/img\/kundenlogos\/telekom.png\" rel=\"\/wp-content\/themes\/bootscore-child-main\/img\/kundenlogos\/telekom_sw.png\" alt=\"telekom\"><\/div><div><img decoding=\"async\" src=\"\/wp-content\/themes\/bootscore-child-main\/img\/kundenlogos\/tengelmann.png\" rel=\"\/wp-content\/themes\/bootscore-child-main\/img\/kundenlogos\/tengelmann_sw.png\" alt=\"tengelmann\"><\/div><div><img decoding=\"async\" src=\"\/wp-content\/themes\/bootscore-child-main\/img\/kundenlogos\/tuev.png\" rel=\"\/wp-content\/themes\/bootscore-child-main\/img\/kundenlogos\/tuev_sw.png\" alt=\"tuev\"><\/div><div><img decoding=\"async\" src=\"\/wp-content\/themes\/bootscore-child-main\/img\/kundenlogos\/versicherungskammer.png\" rel=\"\/wp-content\/themes\/bootscore-child-main\/img\/kundenlogos\/versicherungskammer_sw.png\" alt=\"versicherungskammer\"><\/div><div><img decoding=\"async\" src=\"\/wp-content\/themes\/bootscore-child-main\/img\/kundenlogos\/wirtschaftsprueferkammer.png\" rel=\"\/wp-content\/themes\/bootscore-child-main\/img\/kundenlogos\/wirtschaftsprueferkammer_sw.png\" alt=\"wirtschaftsprueferkammer\"><\/div><\/div><\/div>\n\n<\/div>\n\n<\/div>\n\n\n<div class=\"wp-bootstrap-blocks-container container-fluid mb-0 bg-gray\">\n\t\n<div class=\"wp-bootstrap-blocks-container container mb-0\">\n\t\n\n<div style=\"height:50px\" aria-hidden=\"true\" class=\"wp-block-spacer\"><\/div>\n\n\n<div class=\"wp-bootstrap-blocks-row row\">\n\t\n\n<div class=\"col-12 col-md-1\">\n\t\t\t\t<\/div>\n\n\n\n<div class=\"col-12 col-md-10\">\n\t\t\t\n\n<h2 class=\"wp-block-heading\"><strong><strong>Unter welchen Voraussetzungen Sie EUTOP Kunde werden k\u00f6nnen<\/strong><\/strong><\/h2>\n\n\n\n<p>Bevor EUTOP mit einem Neukunden zusammenarbeitet, m\u00fcssen zwei Voraussetzungen zwingend erf\u00fcllt sein:<\/p>\n\n\n\n<ul class=\"wp-block-list\">\n<li>Es besteht kein Interessenkonflikt mit einem unser langj\u00e4hrigen Bestandskunden.<\/li>\n\n\n\n<li>Das Anliegen l\u00e4sst sich aus Sicht der relevanten politischen Entscheider \u00fcberzeugend in eine mehrheitsf\u00e4hige Gemeinwohlperspektive \u00fcbersetzen.<\/li>\n<\/ul>\n\n\n\n<p>Dann sind wir \u00fcberzeugt, unser Erfolgsversprechen einl\u00f6sen zu k\u00f6nnen.<\/p>\n\n\t<\/div>\n\n\n\n<div class=\"col-12 col-md-1\">\n\t\t\t\t<\/div>\n\n<\/div>\n\n\n\n<div style=\"height:50px\" aria-hidden=\"true\" class=\"wp-block-spacer\"><\/div>\n\n<\/div>\n\n<\/div>\n\n\n<div class=\"wp-bootstrap-blocks-container container-fluid mb-0\">\n\t\n<div class=\"wp-bootstrap-blocks-container container mb-0\">\n\t\n\n<div style=\"height:50px\" aria-hidden=\"true\" class=\"wp-block-spacer\"><\/div>\n\n\n<div class=\"wp-bootstrap-blocks-row row\">\n\t\n\n<div class=\"col-12 col-md-1\">\n\t\t\t\t<\/div>\n\n\n\n<div class=\"col-12 col-md-10\">\n\t\t\t\n\n<h2 class=\"wp-block-heading\"><strong><strong><strong>Unser Angebot an Sie<\/strong><\/strong><\/strong><\/h2>\n\n\n\n<p>EUTOP bietet seinen Kunden drei Typen von Dienstleistungen an:<\/p>\n\n\n\n<ol class=\"wp-block-list\">\n<li><strong>Aktives Interessenvertretungsprojekt (IVP):<\/strong> Erfolgreiche Begleitung Ihrer Interessen anhand der oben geschilderten Prozesskompetenz.<\/li>\n\n\n\n<li><strong>Informationsmanagement (IFM):<\/strong> Beschaffung, Analyse, Nutzung, Kommunikation und den Schutz von Informationen.<\/li>\n\n\n\n<li><strong>Kontaktmanagement (KM):<\/strong> Absicherung und professionelles Management des 24\/7\u2011Zugangs zu allen zentralen Stakeholdern. Wirksames Kontaktmanagement basiert auf einem belastbaren, vertrauensbasierten Netzwerk aller relevanten Stakeholder, das \u00fcber viele Jahre der Zusammenarbeit aufgebaut wurde. Strukturelle Berater erweitern diesen Zugang zus\u00e4tzlich.<\/li>\n<\/ol>\n\n\n\n<p>Je nach Fokus, Komplexit\u00e4t und Aufwand ergeben sich somit folgende Dienstleistungspakete:<\/p>\n\n\n\n<div class=\"wp-block-group tabelle100\"><div class=\"wp-block-group__inner-container is-layout-constrained wp-block-group-is-layout-constrained\"><div class=\"wp-bootstrap-blocks-row row tabelle gx-0\">\n\t\n\n<div class=\"col-2 box-blau1\">\n\t\t\t\n\n<p><strong>Dienstleistungspaket<\/strong><\/p>\n\n\t<\/div>\n\n\n\n<div class=\"col-2 box-blau2\">\n\t\t\t\n\n<p><strong><strong>1a) High-End<\/strong><\/strong><\/p>\n\n\t<\/div>\n\n\n\n<div class=\"col-2 box-blau1\">\n\t\t\t\n\n<p><strong><strong><strong>1b) Premium<\/strong><\/strong><\/strong><\/p>\n\n\t<\/div>\n\n\n\n<div class=\"col-2 box-blau2\">\n\t\t\t\n\n<p><strong><strong><strong>1c) Standard<\/strong><\/strong><\/strong><\/p>\n\n\t<\/div>\n\n\n\n<div class=\"col-2 box-blau1\">\n\t\t\t\n\n<p><strong><strong><strong>2) R\u00fcckversicherung<\/strong><\/strong><\/strong><\/p>\n\n\t<\/div>\n\n\n\n<div class=\"col-2 box-blau2\">\n\t\t\t\n\n<p><strong><strong><strong>3) Netzwerkzugang<\/strong><\/strong><\/strong><\/p>\n\n\t<\/div>\n\n<\/div>\n\n\n<div class=\"wp-bootstrap-blocks-row row tabelle gx-0\">\n\t\n\n<div class=\"col-2 box color\">\n\t\t\t\n\n<p><strong><strong>Fokus<\/strong><\/strong><\/p>\n\n\t<\/div>\n\n\n\n<div class=\"col-2 box\">\n\t\t\t\n\n<p>IVP<\/p>\n\n\n\n<p>IFM &amp; KM nur im Rahmen des IVP<br><\/p>\n\n\t<\/div>\n\n\n\n<div class=\"col-2 box\">\n\t\t\t\n\n<p>IVP<\/p>\n\n\n\n<p>IFM &amp; KM von mittler Wichtigkeit<\/p>\n\n\t<\/div>\n\n\n\n<div class=\"col-2 box\">\n\t\t\t\n\n<p>IVP<\/p>\n\n\n\n<p>IFM &amp; KM von h\u00f6herer Wichtigkeit<br><\/p>\n\n\t<\/div>\n\n\n\n<div class=\"col-2 box\">\n\t\t\t\n\n<p>IFM &amp; CM<\/p>\n\n\n\n<p>IVPs punktuell<\/p>\n\n\t<\/div>\n\n\n\n<div class=\"col-2 box\">\n\t\t\t\n\n<p>IFM &amp; CM<\/p>\n\n\n\n<p>IVP IVPs punktuell<\/p>\n\n\t<\/div>\n\n<\/div>\n\n\n<div class=\"wp-bootstrap-blocks-row row tabelle gx-0\">\n\t\n\n<div class=\"col-2 box color\">\n\t\t\t\n\n<p><strong>Komplexit\u00e4t &amp; Aufwand<\/strong><\/p>\n\n\t<\/div>\n\n\n\n<div class=\"col-2 box\">\n\t\t\t\n\n<p>Sehr hoch \u2013 hoch: <\/p>\n\n\n\n<p><em>Zahlreiche<\/em>, workstream\u2011basierte IVPs oder 1\u20132 hoch priorisierte IVPs mit <em>(sehr) hoher <\/em>strategischer Komplexit\u00e4t, Einsatz von Strukturellen Beratern sowie hohem Steuerungs\u2011 und Koordinationsaufwand.<\/p>\n\n\t<\/div>\n\n\n\n<div class=\"col-2 box\">\n\t\t\t\n\n<p>Hoch \u2013 mittel: <\/p>\n\n\n\n<p><em>Mehrere<\/em> IVPs mit <em>hoher bis mittlerer<\/em> strategischer Komplexit\u00e4t, Einsatz von Strukturellen Beratern sowie Steuerungs\u2011 und Koordinationsaufwand.<\/p>\n\n\t<\/div>\n\n\n\n<div class=\"col-2 box\">\n\t\t\t\n\n<p>Mittel \u2013 niedrig: <\/p>\n\n\n\n<p><em>Wenige<\/em> IVPs mit <em>mittlerer bis niedriger<\/em> strategischer Komplexit\u00e4t, Einsatz von Strukturellen Beratern sowie Steuerungs\u2011 und Koordinationsaufwand.<\/p>\n\n\t<\/div>\n\n\n\n<div class=\"col-2 box\">\n\t\t\t\n\n<p> Niedrig:<\/p>\n\n\n\n<p><em>Keine oder wenige<\/em> IVPs mit <em>niedriger<\/em> strategischer Komplexit\u00e4t, gelegentlicher Einsatz von Strukturellen Beratern sowie Steuerungs\u2011 und Koordinationsaufwand.<\/p>\n\n\t<\/div>\n\n\n\n<div class=\"col-2 box\">\n\t\t\t\n\n<p>Niedrig: <\/p>\n\n\n\n<p><em>Keine oder wenige<\/em> IVPs mit <em>niedriger<\/em> strategischer Komplexit\u00e4t, laufender Einsatz von Strukturellen Beratern sowie Steuerungs\u2011 und Koordinationsaufwand.<\/p>\n\n\t<\/div>\n\n<\/div>\n<\/div><\/div>\n\n\t<\/div>\n\n\n\n<div class=\"col-12 col-md-1\">\n\t\t\t\t<\/div>\n\n<\/div>\n\n\n\n<div style=\"height:50px\" aria-hidden=\"true\" class=\"wp-block-spacer\"><\/div>\n\n<\/div>\n\n<\/div>\n\n\n<a id=\"angebot\" class=\"anker\"><\/a>\n\n\n<div class=\"wp-bootstrap-blocks-container container-fluid mb-0 wave\">\n\t\n<div class=\"wp-bootstrap-blocks-container container mb-5\">\n\t\n<div class=\"wp-bootstrap-blocks-row row\">\n\t\n\n<div class=\"col-12 col-md-1\">\n\t\t\t\t<\/div>\n\n\n\n<div class=\"col-12 col-md-10\">\n\t\t\t\n\n<div style=\"height:40px\" aria-hidden=\"true\" class=\"wp-block-spacer\"><\/div>\n\n\n\n<h2 class=\"wp-block-heading\">Kontakt Aufnehmen<\/h2>\n\n\n\n<div style=\"height:20px\" aria-hidden=\"true\" class=\"wp-block-spacer\"><\/div>\n\n\n<form class=\"form-inline mobile-hspace\" id=\"kundewerden\">\n    <input type=\"hidden\" name=\"lang\" id=\"lang\" value=\"de\">\n    <div class=\"row\">\n        <div class=\"col-md-6\">\n\t\t\t<div class=\"controls controls-row\">\n\t\t\t\t<input type=\"text\" class=\"col-12\" placeholder=\"Firma\" value=\"\" name=\"firma\" id=\"firma\">\n\t\t\t<\/div>\n\t\t\t<div class=\"controls controls-row\">\n\t\t\t\t<input type=\"text\" class=\"col-12\" placeholder=\"Name*\" value=\"\" name=\"name\" id=\"name\">\n\t\t\t<\/div>\n\t\t\t<div class=\"controls controls-row\">\n\t\t\t\t\t<input type=\"text\" class=\"col-12\" placeholder=\"E-Mail*\" value=\"\" name=\"email\" id=\"email\">\n\t\t\t<\/div>\n\t\t\t<div class=\"controls controls-row\">\n\t\t\t\t\t<input type=\"text\" class=\"col-12\" placeholder=\"Telefon\" value=\"\" name=\"tel\" id=\"tel\">\n\t\t\t<\/div>\n\t\t\t <div class=\"controls controls-row\">\n\t\t\t\t<div id=\"ameldung\">&nbsp;<\/div>\n\t\t\t<\/div>\n\t\t<\/div>\n\t\t <div class=\"col-md-6\">\n\t\t  <div class=\"controls controls-row\">\n                <textarea rows=\"5\" class=\"col-12\" placeholder=\"Nachricht\" name=\"text\" id=\"text\"><\/textarea>\n                <div id=\"datenschutz\">\n                        <div>Ich habe die <a href=\"\/datenschutzerklaerung\/kontaktformular\/\" target=\"_blank\">Datenschutzhinweise<\/a> f\u00fcr das Kontaktformular gelesen* <\/div>\n                \n                <\/div>\n                <div id=\"send-form\">\n                    <span class=\"text-required\">*) Eingabe erforderlich<\/span><br>\n                    <button type=\"submit\" id=\"submit1\">Absenden<\/button>\n                <\/div>\n            <\/div>\n\t\t<\/div>\n\t<\/div>\n<\/form>\n\n\n\n\t<\/div>\n\n<\/div>\n\n<\/div>\n\n<\/div>","protected":false},"excerpt":{"rendered":"","protected":false},"author":1,"featured_media":0,"parent":0,"menu_order":0,"comment_status":"closed","ping_status":"closed","template":"","meta":{"footnotes":""},"class_list":["post-1709","page","type-page","status-publish","hentry"],"_links":{"self":[{"href":"https:\/\/www.eutop.com\/de\/wp-json\/wp\/v2\/pages\/1709","targetHints":{"allow":["GET"]}}],"collection":[{"href":"https:\/\/www.eutop.com\/de\/wp-json\/wp\/v2\/pages"}],"about":[{"href":"https:\/\/www.eutop.com\/de\/wp-json\/wp\/v2\/types\/page"}],"author":[{"embeddable":true,"href":"https:\/\/www.eutop.com\/de\/wp-json\/wp\/v2\/users\/1"}],"replies":[{"embeddable":true,"href":"https:\/\/www.eutop.com\/de\/wp-json\/wp\/v2\/comments?post=1709"}],"version-history":[{"count":109,"href":"https:\/\/www.eutop.com\/de\/wp-json\/wp\/v2\/pages\/1709\/revisions"}],"predecessor-version":[{"id":1860,"href":"https:\/\/www.eutop.com\/de\/wp-json\/wp\/v2\/pages\/1709\/revisions\/1860"}],"wp:attachment":[{"href":"https:\/\/www.eutop.com\/de\/wp-json\/wp\/v2\/media?parent=1709"}],"curies":[{"name":"wp","href":"https:\/\/api.w.org\/{rel}","templated":true}]}}