{"id":19,"date":"2023-09-06T15:13:32","date_gmt":"2023-09-06T13:13:32","guid":{"rendered":"https:\/\/www.eutop.com\/?page_id=19"},"modified":"2026-01-07T20:13:12","modified_gmt":"2026-01-07T19:13:12","slug":"geschaeftsleitung","status":"publish","type":"page","link":"https:\/\/www.eutop.com\/de\/geschaeftsleitung\/","title":{"rendered":"Gesch\u00e4ftsleitung"},"content":{"rendered":"<a id=\"gl1\" class=\"anker\"><\/a>\n\n\n<div class=\"wp-bootstrap-blocks-container container-fluid mb-0 bg-blue-gradient\">\n\t\n<div class=\"wp-bootstrap-blocks-container container mb-0 img-right\">\n\t\n\n<div style=\"height:15px\" aria-hidden=\"true\" class=\"wp-block-spacer\"><\/div>\n\n\n<div class=\"wp-bootstrap-blocks-row row g-0\">\n\t\n\n<div class=\"col-12 col-md-6\">\n\t\t\t\n\n<figure class=\"wp-block-image size-full\"><img loading=\"lazy\" decoding=\"async\" width=\"504\" height=\"461\" src=\"https:\/\/www.eutop.com\/wp-content\/uploads\/2023\/09\/bg_joos.png\" alt=\"PROF. DR. KLEMENS JOOS\" class=\"wp-image-151\"\/><\/figure>\n\n\t<\/div>\n\n\n\n<div class=\"col-12 col-md-6 flex\">\n\t\t\t\n<div class=\"wp-bootstrap-blocks-container container mb-0\">\n\t\n\n<h2 class=\"wp-block-heading\">PROF. DR. KLEMENS JOOS<\/h2>\n\n\n\n<h3 class=\"wp-block-heading\">Gr\u00fcnder, Gesellschafter, CEO<\/h3>\n\n\n\n<p>Prof. Dr. Klemens Joos ist Gr\u00fcnder, Gesellschafter und CEO der von ihm w\u00e4hrend seines Studiums der Betriebswirtschaftslehre an der Ludwig-Maximilians-Universit\u00e4t (LMU) M\u00fcnchen gegr\u00fcndeten EUTOP Group. Heute ist die EUTOP Group die gr\u00f6\u00dfte inhabergef\u00fchrte Governmental-Relations-Agentur in der Europ\u00e4ischen Union.<br>Von 2013 bis 2021 war er Lehrbeauftragter an der Fakult\u00e4t f\u00fcr Betriebswirtschaft der LMU M\u00fcnchen. Seit dem Sommersemester 2021 ist er Lehrbeauftragter an der TUM School of Management der Technischen Universit\u00e4t M\u00fcnchen, wo er 2022 zum Honorarprofessor f\u00fcr Betriebswirtschaft \u2013 <a href=\"https:\/\/www.fa.mgt.tum.de\/controlling\/lehrstuhlteam\/lehrbeauftragte\/\" data-type=\"link\" data-id=\"https:\/\/www.fa.mgt.tum.de\/controlling\/lehrstuhlteam\/lehrbeauftragte\/\" target=\"_blank\" rel=\"noreferrer noopener\">Political Stakeholder Management<\/a> bestellt wurde.<br>Das wissenschaftliche Standardwerk von Prof. Dr. Joos <a href=\"\/de\/publikationen\/\" data-type=\"page\" data-id=\"1575\" target=\"_blank\" rel=\"noreferrer noopener\">\u201ePolitische Stakeholder \u00fcberzeugen\u201c<\/a> ist im September 2023 in einer \u00fcberarbeiteten und erweiterten Auflage erschienen (WILEY-VCH Verlag, 1. Auflage: 2015).<br>Prof. Dr. Joos ist Gr\u00fcnder und gesch\u00e4ftsf\u00fchrender Gesellschafter seiner Unternehmensgruppe <a href=\"https:\/\/www.euxea.eu\/\" target=\"_blank\" rel=\"noreferrer noopener\">EUXEA Holding GmbH<\/a>, zu der neben der EUTOP Group weitere Gesellschaften in den Gesch\u00e4ftsfeldern Real Estate, Perspective Change (OnePager Group), Services und Handwerk geh\u00f6ren.<\/p>\n\n\n\n<div style=\"height:10px\" aria-hidden=\"true\" class=\"wp-block-spacer\"><\/div>\n\n<\/div>\n\n\t<\/div>\n\n<\/div>\n\n<\/div>\n\n<\/div>\n\n\n<a id=\"gl2\" class=\"anker\"><\/a>\n\n\n<div class=\"wp-bootstrap-blocks-container container-fluid mb-0 bg-blue-gradient\">\n\t\n<div class=\"wp-bootstrap-blocks-container container mb-0 img-left\">\n\t\n<div class=\"wp-bootstrap-blocks-row row g-0\">\n\t\n\n<div class=\"col-12 col-md-6 flex\">\n\t\t\t\n<div class=\"wp-bootstrap-blocks-container container mb-0\">\n\t\n\n<h2 class=\"wp-block-heading\">STEFAN MAPPUS<\/h2>\n\n\n\n<h3 class=\"wp-block-heading\">Gesch\u00e4ftsf\u00fchrer<\/h3>\n\n\n\n<p>Stefan Mappus studierte nach einer Lehre als Industriekaufmann bei der Standard Elektrik Lorenz AG sowie dem Ableisten des Wehrdienstes Wirtschafts- und Sozialwissenschaften an der Universit\u00e4t Hohenheim und war dort anschlie\u00dfend als Wissenschaftlicher Mitarbeiter t\u00e4tig. Mit seiner Wahl in den Landtag von Baden-W\u00fcrttemberg im Jahr 1996 gab er seine berufliche T\u00e4tigkeit im Vertrieb der Siemens AG auf und ging hauptberuflich in die Politik. In den Jahren 1998 bis 2011 war er Staatssekret\u00e4r, dann Minister, CDU-Fraktionsvorsitzender, Landesvorsitzender der CDU Baden-W\u00fcrttemberg und schlie\u00dflich Ministerpr\u00e4sident des Landes Baden-W\u00fcrttemberg. Nach seinem Ausscheiden aus der aktiven Politik war Stefan Mappus ab 2012 zun\u00e4chst in beratender Funktion f\u00fcr den Vorstand der pmOne AG t\u00e4tig. Von 2015 bis 2023 war er selbst Mitglied des Vorstands der pmOne AG, von 2017 \u2013 2023 in der Funktion des Group CFO. Seit April 2024 ist er Gesch\u00e4ftsf\u00fchrer der EUTOP Group.\u00a0\u00a0\u00a0<\/p>\n\n<\/div>\n\n\t<\/div>\n\n\n\n<div class=\"col-12 col-md-6\">\n\t\t\t\n\n<figure class=\"wp-block-image size-full is-resized\"><img loading=\"lazy\" decoding=\"async\" width=\"504\" height=\"461\" src=\"https:\/\/www.eutop.com\/de\/wp-content\/uploads\/2024\/04\/Mappus_Stefan.png\" alt=\"STEFAN MAPPUS\" class=\"wp-image-959\" style=\"width:481px;height:auto\"\/><\/figure>\n\n\t<\/div>\n\n<\/div>\n\n<\/div>\n\n<\/div>\n\n\n<a id=\"gl3\" class=\"anker\"><\/a>\n\n\n<div class=\"wp-bootstrap-blocks-container container-fluid mb-0 bg-blue-gradient\">\n\t\n<div class=\"wp-bootstrap-blocks-container container mb-0 img-right\">\n\t\n<div class=\"wp-bootstrap-blocks-row row g-0\">\n\t\n\n<div class=\"col-12 col-md-6\">\n\t\t\t\n\n<figure class=\"wp-block-image size-full is-resized\"><img loading=\"lazy\" decoding=\"async\" width=\"504\" height=\"461\" src=\"https:\/\/www.eutop.com\/de\/wp-content\/uploads\/2025\/05\/dane_felix.png\" alt=\"Felix Dane\" class=\"wp-image-1583\" style=\"width:481px;height:auto\"\/><\/figure>\n\n\t<\/div>\n\n\n\n<div class=\"col-12 col-md-6 flex\">\n\t\t\t\n<div class=\"wp-bootstrap-blocks-container container mb-0\">\n\t\n\n<h2 class=\"wp-block-heading\">Felix Dane<\/h2>\n\n\n\n<h3 class=\"wp-block-heading\">Gesch\u00e4ftsf\u00fchrer<\/h3>\n\n\n\n<p>Felix Dane leistete seinen Wehrdienst, bevor er Rechtswissenschaften an den Universit\u00e4ten Greifswald und Heidelberg studierte und anschlie\u00dfend einen Bachelor in Internationalen Beziehungen an der Keeley University in Gro\u00dfbritannien erwarb. Danach absolvierte er einen Masterstudiengang in European Studies der London School of Economics and Political Science (LSE) in Gro\u00dfbritannien. Im Anschluss an ein Traineeship in der Europ\u00e4ischen Kommission, f\u00fchrte er das B\u00fcro eines MdEP. 2009 wechselte er zur Konrad-Adenauer-Stiftung (KAS) und leitete dort die Auslandsb\u00fcros in den Pal\u00e4stinensischen Gebieten, in Brasilien sowie Gro\u00dfbritannien und Irland. Nach seinem Wechsel in den Privatsektor baute er das Londoner B\u00fcro des geopolitischen Beratungsunternehmens Berlin Global Advisors in Gro\u00dfbritannien auf. Seit dem 13. Mai 2025 ist er Gesch\u00e4ftsf\u00fchrer der EUTOP Brussels SRL.<\/p>\n\n<\/div>\n\n\t<\/div>\n\n<\/div>\n\n<\/div>\n\n<\/div>\n\n\n<a id=\"gl4\" class=\"anker\"><\/a>\n\n\n<div class=\"wp-bootstrap-blocks-container container-fluid mb-0 bg-blue-gradient\">\n\t\n<div class=\"wp-bootstrap-blocks-container container mb-0 img-left\">\n\t\n<div class=\"wp-bootstrap-blocks-row row g-0\">\n\t\n\n<div class=\"col-12 col-md-6 flex\">\n\t\t\t\n<div class=\"wp-bootstrap-blocks-container container mb-0\">\n\t\n\n<h2 class=\"wp-block-heading\">CHRISTIAN SCHAUFLER<\/h2>\n\n\n\n<h3 class=\"wp-block-heading\">Gesch\u00e4ftsf\u00fchrer<\/h3>\n\n\n\n<p>Christian Schaufler studierte Rechtswissenschaften an der Eberhard-Karls-Universit\u00e4t T\u00fcbingen und absolvierte anschlie\u00dfend sein Rechtsreferendariat in T\u00fcbingen und Reutlingen. Nach Abschluss des zweiten juristischen Staatsexamens 2004 war er als Rechtsanwalt f\u00fcr die RWT-Gruppe in Reutlingen t\u00e4tig. Im Jahr 2007 wechselte er in das B\u00fcro des Vorsitzenden der CDU-Fraktion im Landtag von Baden-W\u00fcrttemberg, dessen Leitung er 2008 \u00fcbernahm. Von Februar 2010 bis Mai 2011 leitete er sodann das B\u00fcro des baden-w\u00fcrttembergischen Ministerpr\u00e4sidenten. Im September 2011 \u00fcbernahm er die Position des Chief Administrative Officer (CAO) der EUTOP Group in M\u00fcnchen. Christian Schaufler ist seit 2018 Gesch\u00e4ftsf\u00fchrer der EUTOP Administration GmbH und seit 2019 Gesch\u00e4ftsf\u00fchrer der EUTOP Group.<\/p>\n\n<\/div>\n\n\t<\/div>\n\n\n\n<div class=\"col-12 col-md-6\">\n\t\t\t\n\n<figure class=\"wp-block-image size-full\"><img loading=\"lazy\" decoding=\"async\" width=\"504\" height=\"461\" src=\"https:\/\/www.eutop.com\/de\/wp-content\/uploads\/2023\/09\/christian_schaufler.png\" alt=\"CHRISTIAN SCHAUFLER\" class=\"wp-image-132\"\/><\/figure>\n\n\t<\/div>\n\n<\/div>\n\n<\/div>\n\n<\/div>\n\n\n<a id=\"gl5\" class=\"anker\"><\/a>\n\n\n<div class=\"wp-bootstrap-blocks-container container-fluid mb-0 bg-blue-gradient\">\n\t\n<div class=\"wp-bootstrap-blocks-container container mb-0 img-right\">\n\t\n<div class=\"wp-bootstrap-blocks-row row g-0\">\n\t\n\n<div class=\"col-12 col-md-6\">\n\t\t\t\n\n<figure class=\"wp-block-image size-full is-resized\"><img decoding=\"async\" src=\"https:\/\/www.eutop.com\/de\/wp-content\/uploads\/2024\/10\/al_eutop.png\" alt=\"ARNE LEIMENSTOLL\" class=\"wp-image-959\" style=\"width:481px;height:auto\"\/><\/figure>\n\n\t<\/div>\n\n\n\n<div class=\"col-12 col-md-6 flex\">\n\t\t\t\n<div class=\"wp-bootstrap-blocks-container container mb-0\">\n\t\n\n<h2 class=\"wp-block-heading\">ARNE LEIMENSTOLL<\/h2>\n\n\n\n<h3 class=\"wp-block-heading\">Mitglied der Gesch\u00e4ftsleitung<\/h3>\n\n\n\n<p>Arne Leimenstoll studierte Politikwissenschaft an der Universit\u00e4t zu K\u00f6ln und absolvierte anschlie\u00dfend ein postgraduales Masterstudium am College of Europe in Br\u00fcgge. Nach seinem Studium arbeitete er zun\u00e4chst im Europ\u00e4ischen Parlament und danach f\u00fcr eine Public-Affairs-Agentur in Br\u00fcssel. Im M\u00e4rz 2013 wechselte er zur EUTOP Group in Br\u00fcssel und betreute mehrere Jahre an der Seite der Gesch\u00e4ftsf\u00fchrung wichtige Kundenmandate. Ab 2017 \u00fcbernahm er die Leitung zentraler Abteilungsbereiche der EUTOP Group in Berlin. Im August 2021 wurde er Leiter der EUTOP Akademie und ist seitdem f\u00fcr die Aus- und Weiterbildung der Mitarbeiter im Kundenbereich zust\u00e4ndig. Arne Leimenstoll verantwortet seit M\u00e4rz 2024 das gesamte Qualit\u00e4tsmanagement der EUTOP Group und wurde im November 2024 zum Prokuristen bestellt und in die Gesch\u00e4ftsleitung der EUTOP Group berufen.<\/p>\n\n<\/div>\n\n\t<\/div>\n\n<\/div>\n\n<\/div>\n\n<\/div>\n\n\n\n<div style=\"height:250px\" aria-hidden=\"true\" class=\"wp-block-spacer\"><\/div>","protected":false},"excerpt":{"rendered":"","protected":false},"author":1,"featured_media":0,"parent":0,"menu_order":0,"comment_status":"closed","ping_status":"closed","template":"","meta":{"footnotes":""},"class_list":["post-19","page","type-page","status-publish","hentry"],"_links":{"self":[{"href":"https:\/\/www.eutop.com\/de\/wp-json\/wp\/v2\/pages\/19","targetHints":{"allow":["GET"]}}],"collection":[{"href":"https:\/\/www.eutop.com\/de\/wp-json\/wp\/v2\/pages"}],"about":[{"href":"https:\/\/www.eutop.com\/de\/wp-json\/wp\/v2\/types\/page"}],"author":[{"embeddable":true,"href":"https:\/\/www.eutop.com\/de\/wp-json\/wp\/v2\/users\/1"}],"replies":[{"embeddable":true,"href":"https:\/\/www.eutop.com\/de\/wp-json\/wp\/v2\/comments?post=19"}],"version-history":[{"count":52,"href":"https:\/\/www.eutop.com\/de\/wp-json\/wp\/v2\/pages\/19\/revisions"}],"predecessor-version":[{"id":1676,"href":"https:\/\/www.eutop.com\/de\/wp-json\/wp\/v2\/pages\/19\/revisions\/1676"}],"wp:attachment":[{"href":"https:\/\/www.eutop.com\/de\/wp-json\/wp\/v2\/media?parent=19"}],"curies":[{"name":"wp","href":"https:\/\/api.w.org\/{rel}","templated":true}]}}