{"id":23,"date":"2023-09-06T15:14:28","date_gmt":"2023-09-06T13:14:28","guid":{"rendered":"https:\/\/www.eutop.com\/?page_id=23"},"modified":"2025-05-13T15:21:04","modified_gmt":"2025-05-13T13:21:04","slug":"beirat","status":"publish","type":"page","link":"https:\/\/www.eutop.com\/de\/beirat\/","title":{"rendered":"Vorsitzender Beirat"},"content":{"rendered":"<a id=\"br1\" class=\"anker\"><\/a>\n\n\n<div class=\"wp-bootstrap-blocks-container container-fluid mb-0 bg-blue-gradient\">\n\t\n<div class=\"wp-bootstrap-blocks-container container mb-0 img-right\">\n\t\n\n<div style=\"height:15px\" aria-hidden=\"true\" class=\"wp-block-spacer\"><\/div>\n\n\n<div class=\"wp-bootstrap-blocks-row row g-0\">\n\t\n\n<div class=\"col-12 col-md-6\">\n\t\t\t\n\n<figure class=\"wp-block-image size-full is-resized\"><img loading=\"lazy\" decoding=\"async\" width=\"480\" height=\"462\" src=\"https:\/\/www.eutop.com\/de\/wp-content\/uploads\/2023\/09\/bg_wend.png\" alt=\"\" class=\"wp-image-166\" style=\"width:481px;height:auto\"\/><\/figure>\n\n\t<\/div>\n\n\n\n<div class=\"col-12 col-md-6 flex\">\n\t\t\t\n<div class=\"wp-bootstrap-blocks-container container mb-0\">\n\t\n\n<h2 class=\"wp-block-heading\">Dr. Rainer Wend<\/h2>\n\n\n\n<h3 class=\"wp-block-heading\">Vorsitzender des Beirats<\/h3>\n\n\n\n<p>Dr. Rainer Wend studierte Rechtswissenschaften an der Philipps-Universit\u00e4t Marburg sowie der Westf\u00e4lischen Wilhelms-Universit\u00e4t M\u00fcnster. 1984 promovierte er an der Universit\u00e4t Bielefeld, wo er bereits seit 1980 als wissenschaftlicher Mitarbeiter t\u00e4tig war. Mit seinem Eintritt in die Sozialdemokratische Partei Deutschlands (SPD) startete Dr. Wend 1970 seine politische Laufbahn. Von 1994 bis 2003 war er B\u00fcrgermeister der Stadt Bielefeld, 1998 zog er f\u00fcr die SPD in den Deutschen Bundestag ein. Dort war Dr. Rainer Wend von 2002 bis 2005 Vorsitzender des Ausschusses f\u00fcr Wirtschaft und Arbeit und von 2002 bis 2009 Mitglied des SPD-Fraktionsvorstands. 2009 stieg Dr. Wend bei der Deutschen Post DHL Group ein, dem mit rund 550.000 Besch\u00e4ftigten international f\u00fchrenden Unternehmen f\u00fcr Logistik und Briefkommunikation. Bis Ende 2019 war Dr. Wend dort als Executive Vice President und Leiter des Zentralbereichs Politik und Regulierungsmanagement weltweit verantwortlich. Dar\u00fcber hinaus ist Dr. Wend Mitglied in mehreren Aufsichts- und Beir\u00e4ten und seit Juni 2019 Gesch\u00e4ftsf\u00fchrer der Universit\u00e4tsgesellschaft Bielefeld. In der EUTOP Group bekleidete Herr Dr. Wend mehrere Funktionen, darunter als Mitglied der Gesch\u00e4ftsleitung und zuletzt als Mitglied des Beirats. Seit dem 13. Mai 2025 ist er Vorsitzender des Beirats der EUTOP Group.<\/p>\n\n\n\n<div style=\"height:10px\" aria-hidden=\"true\" class=\"wp-block-spacer\"><\/div>\n\n<\/div>\n\n\t<\/div>\n\n<\/div>\n\n<\/div>\n\n<\/div>\n\n\n\n<div style=\"height:250px\" aria-hidden=\"true\" class=\"wp-block-spacer\"><\/div>","protected":false},"excerpt":{"rendered":"","protected":false},"author":1,"featured_media":0,"parent":0,"menu_order":0,"comment_status":"closed","ping_status":"closed","template":"","meta":{"footnotes":""},"class_list":["post-23","page","type-page","status-publish","hentry"],"_links":{"self":[{"href":"https:\/\/www.eutop.com\/de\/wp-json\/wp\/v2\/pages\/23","targetHints":{"allow":["GET"]}}],"collection":[{"href":"https:\/\/www.eutop.com\/de\/wp-json\/wp\/v2\/pages"}],"about":[{"href":"https:\/\/www.eutop.com\/de\/wp-json\/wp\/v2\/types\/page"}],"author":[{"embeddable":true,"href":"https:\/\/www.eutop.com\/de\/wp-json\/wp\/v2\/users\/1"}],"replies":[{"embeddable":true,"href":"https:\/\/www.eutop.com\/de\/wp-json\/wp\/v2\/comments?post=23"}],"version-history":[{"count":34,"href":"https:\/\/www.eutop.com\/de\/wp-json\/wp\/v2\/pages\/23\/revisions"}],"predecessor-version":[{"id":1573,"href":"https:\/\/www.eutop.com\/de\/wp-json\/wp\/v2\/pages\/23\/revisions\/1573"}],"wp:attachment":[{"href":"https:\/\/www.eutop.com\/de\/wp-json\/wp\/v2\/media?parent=23"}],"curies":[{"name":"wp","href":"https:\/\/api.w.org\/{rel}","templated":true}]}}