{"id":25,"date":"2023-09-06T15:14:36","date_gmt":"2023-09-06T13:14:36","guid":{"rendered":"https:\/\/www.eutop.com\/?page_id=25"},"modified":"2026-02-19T16:54:05","modified_gmt":"2026-02-19T15:54:05","slug":"status-ausblick","status":"publish","type":"page","link":"https:\/\/www.eutop.com\/de\/status-ausblick\/","title":{"rendered":"Status &amp; Ausblick"},"content":{"rendered":"<a id=\"as1\" class=\"anker\"><\/a>\n\n\n<div class=\"wp-bootstrap-blocks-container container-fluid mb-0 wave\">\n\t\n<div class=\"wp-bootstrap-blocks-container container mb-3\">\n\t\n<div class=\"wp-bootstrap-blocks-row row g-0\">\n\t\n\n<div class=\"col-12 col-md-2\">\n\t\t\t\t<\/div>\n\n\n\n<div class=\"col-12 col-md-8\">\n\t\t\t\n\n<div style=\"height:60px\" aria-hidden=\"true\" class=\"wp-block-spacer\"><\/div>\n\n\n\n<h2 class=\"wp-block-heading\">STATUS &amp; AUSBLICK<\/h2>\n\n\n\n<p>Die EUTOP Group stellt \u2013 mit \u00fcber 150 Mitarbeitern sowie Strukturellen Beratern \u2013 umfangreiche Strukturen bereit, b\u00fcndelt diverse Kompetenzen EU-weit und stellt den Kunden damit die f\u00fcr eine erfolgreiche Interessenvertretung inzwischen notwendige Prozessstruktur-, Perspektivenwechsel- und Prozessbegleitkompetenz zur Verf\u00fcgung. Um unsere Marktposition weiter auszubauen, haben wir uns zum Ziel gesetzt, auch in den n\u00e4chsten Jahren in die Erweiterung und Vertiefung der drei Kompetenzen EU-weit zu investieren sowie unsere bestehenden Strukturen weiterzuentwickeln.<\/p>\n\n\n\n<div style=\"height:15px\" aria-hidden=\"true\" class=\"wp-block-spacer\"><\/div>\n\n\n<a href=\"\/de\/wp-content\/uploads\/2026\/02\/DE_EUTOP_Status_quo_Februar_2026.pdf\" class=\"teaser struktur\" target=\"_blank\"><span>EUTOP Status quo<\/span>[PDF]<\/a>\n\n\n\n<div style=\"height:25px\" aria-hidden=\"true\" class=\"wp-block-spacer\"><\/div>\n\n\t<\/div>\n\n\n\n<div class=\"col-12 col-md-2\">\n\t\t\t\t<\/div>\n\n<\/div>\n\n<\/div>\n\n<\/div>\n\n\n<a id=\"as2\" class=\"anker\"><\/a>\n\n\n<div class=\"wp-bootstrap-blocks-container container-fluid mb-0\">\n\t\n<div class=\"wp-bootstrap-blocks-container container mb-3\">\n\t\n<div class=\"wp-bootstrap-blocks-row row g-0\">\n\t\n\n<div class=\"col-12 col-md-2\">\n\t\t\t\t<\/div>\n\n\n\n<div class=\"col-12 col-md-8\">\n\t\t\t\n\n<div style=\"height:60px\" aria-hidden=\"true\" class=\"wp-block-spacer\"><\/div>\n\n\n\n<p>Unser Ziel ist es, unsere Pr\u00e4senz in allen EU-Mitgliedstaaten in den kommenden Jahren weiter zu erh\u00f6hen sowie Vertriebs- und Managementstrukturen in den relevanten M\u00e4rkten der Welt aufzubauen, um neben in der EU ans\u00e4ssigen Unternehmen auch Unternehmen aus anderen M\u00e4rkten prozessual innerhalb der EU zu begleiten.<\/p>\n\n\n\n<div style=\"height:15px\" aria-hidden=\"true\" class=\"wp-block-spacer\"><\/div>\n\n\n<a href=\"\/wp-content\/uploads\/2023\/09\/DE_Corporate_Mission_2023-01-31.pdf\" class=\"teaser europe\" target=\"_blank\"><span>EUTOP Corporate Mission<\/span>[PDF]<\/a>\n\n\n\n<div style=\"height:25px\" aria-hidden=\"true\" class=\"wp-block-spacer\"><\/div>\n\n\t<\/div>\n\n\n\n<div class=\"col-12 col-md-2\">\n\t\t\t\t<\/div>\n\n<\/div>\n\n<\/div>\n\n<\/div>\n\n\n<a id=\"as3\" class=\"anker\"><\/a>\n\n\n<div class=\"wp-bootstrap-blocks-container container-fluid mb-0 wave\">\n\t\n<div class=\"wp-bootstrap-blocks-container container mb-3\">\n\t\n<div class=\"wp-bootstrap-blocks-row row g-0\">\n\t\n\n<div class=\"col-12 col-md-2\">\n\t\t\t\t<\/div>\n\n\n\n<div class=\"col-12 col-md-8\">\n\t\t\t\n\n<div style=\"height:60px\" aria-hidden=\"true\" class=\"wp-block-spacer\"><\/div>\n\n\n\n<p>Wir glauben fest an den fortschreitenden Europ\u00e4isierungsprozess und die stetig wachsende Bedeutung der Europ\u00e4ischen Union. Um dieser Entwicklung Rechnung zu tragen und letztlich das Gesch\u00e4ftsmodell der EUTOP Group langfristig zu st\u00e4rken und abzusichern, suchen wir Gesch\u00e4fts- und Kooperationspartner mit Erfahrung in Governmental Relations, mit Netzwerken und\/oder Vertriebskompetenz in allen Mitgliedstaaten der EU.<\/p>\n\n\n\n<div style=\"height:15px\" aria-hidden=\"true\" class=\"wp-block-spacer\"><\/div>\n\n\n<a href=\"https:\/\/www.eutop.com\/de\/wp-content\/uploads\/2024\/12\/DE_Business_Opportunities.pdf\" class=\"teaser atom\" target=\"_blank\"><span>Business Opportunities<\/span>[PDF]<\/a>\n\n\n\n<div style=\"height:25px\" aria-hidden=\"true\" class=\"wp-block-spacer\"><\/div>\n\n\t<\/div>\n\n\n\n<div class=\"col-12 col-md-2\">\n\t\t\t\t<\/div>\n\n<\/div>\n\n<\/div>\n\n<\/div>\n\n\n\n<div style=\"height:350px\" aria-hidden=\"true\" class=\"wp-block-spacer\"><\/div>","protected":false},"excerpt":{"rendered":"","protected":false},"author":1,"featured_media":0,"parent":0,"menu_order":0,"comment_status":"closed","ping_status":"closed","template":"","meta":{"footnotes":""},"class_list":["post-25","page","type-page","status-publish","hentry"],"_links":{"self":[{"href":"https:\/\/www.eutop.com\/de\/wp-json\/wp\/v2\/pages\/25","targetHints":{"allow":["GET"]}}],"collection":[{"href":"https:\/\/www.eutop.com\/de\/wp-json\/wp\/v2\/pages"}],"about":[{"href":"https:\/\/www.eutop.com\/de\/wp-json\/wp\/v2\/types\/page"}],"author":[{"embeddable":true,"href":"https:\/\/www.eutop.com\/de\/wp-json\/wp\/v2\/users\/1"}],"replies":[{"embeddable":true,"href":"https:\/\/www.eutop.com\/de\/wp-json\/wp\/v2\/comments?post=25"}],"version-history":[{"count":38,"href":"https:\/\/www.eutop.com\/de\/wp-json\/wp\/v2\/pages\/25\/revisions"}],"predecessor-version":[{"id":1683,"href":"https:\/\/www.eutop.com\/de\/wp-json\/wp\/v2\/pages\/25\/revisions\/1683"}],"wp:attachment":[{"href":"https:\/\/www.eutop.com\/de\/wp-json\/wp\/v2\/media?parent=25"}],"curies":[{"name":"wp","href":"https:\/\/api.w.org\/{rel}","templated":true}]}}