{"id":29,"date":"2023-09-06T15:15:18","date_gmt":"2023-09-06T13:15:18","guid":{"rendered":"https:\/\/www.eutop.com\/?page_id=29"},"modified":"2024-03-20T15:40:51","modified_gmt":"2024-03-20T14:40:51","slug":"publikationen","status":"publish","type":"page","link":"https:\/\/www.eutop.com\/de\/publikationen\/","title":{"rendered":"Publikationen"},"content":{"rendered":"<div class=\"wp-bootstrap-blocks-container container-fluid mb-2 wave\">\n\t\n\n<div style=\"height:60px\" aria-hidden=\"true\" class=\"wp-block-spacer\"><\/div>\n\n\n<div class=\"wp-bootstrap-blocks-container container mb-2\">\n\t\n\n<h2 class=\"wp-block-heading\">Wissenschaftlich fundiert<\/h2>\n\n\n\n<div class=\"mobile-hspace\">\n<div class=\"mobile-hspace\">\n<p><a href=\"http:\/\/www.prof-joos.eu\/de\/\" target=\"_blank\" rel=\"noopener\">Prof. Dr. Klemens Joos<\/a> ist Autor und Herausgeber verschiedener Publikationen zu EU-relevanten Themen. Den Ausgangspunkt bildet seine bereits im Februar 1998 erschienene Dissertation \u201eInteressenvertretung deutscher Unternehmen bei den Institutionen der Europ\u00e4ischen Union\u201d. Mit dieser Arbeit, die ausgehend von betriebswirtschaftlichen Determinanten die Interessenvertretung von Unternehmen auf der Ebene der Europ\u00e4ischen Union untersucht, wurde Klemens Joos 1997 an der betriebswirtschaftlichen Fakult\u00e4t der Ludwig-Maximilians-Universit\u00e4t M\u00fcnchen promoviert. Er entwickelte gem\u00e4\u00df einem organisationswissenschaftlichen Ansatz ein grundlegendes Gesamtmodell zur Strukturierung einer effektiven und effizienten Interessenvertretung bei den Institutionen der EU, die die wissenschaftliche Basis f\u00fcr das Gesch\u00e4ftsmodell von EUTOP darstellt und heute mehr denn je G\u00fcltigkeit hat. Dar\u00fcber hinaus war Klemens Joos von 2013 bis 2021 Lehrbeauftragter an der Fakult\u00e4t f\u00fcr Betriebswirtschaft der LMU M\u00fcnchen f\u00fcr die Lehrveranstaltung \u201eConvincing Political Stakeholders\u201c. Seit dem Sommersemester 2021 ist er Lehrbeauftragter an der TUM School of Management der Technischen Universit\u00e4t M\u00fcnchen, wo er 2022 zum Honorarprofessor f\u00fcr <a href=\"https:\/\/www.professors.wi.tum.de\/controlling\/lehrstuhlteam\/lehrbeauftragte\/\" target=\"_blank\" rel=\"noopener\">Political Stakeholder Management<\/a> bestellt wurde. Das wissenschaftliche Standardwerk zur Interessenvertretung in der Europ\u00e4ischen Union von Prof. Dr. Klemens Joos \u201ePolitische Stakeholder \u00fcberzeugen\u201c ist im September 2023 in einer \u00fcberarbeiteten und erweiterten Auflage erschienen (WILEY-VCH Verlag, 1. Auflage: 2015).<\/p>\n<\/div>\n<\/div>\n\n<\/div>\n\n\n\n<div style=\"height:30px\" aria-hidden=\"true\" class=\"wp-block-spacer\"><\/div>\n\n<\/div>\n\n\n<div class=\"wp-bootstrap-blocks-container container-fluid mb-2\">\n\t\n\n<div style=\"height:60px\" aria-hidden=\"true\" class=\"wp-block-spacer\"><\/div>\n\n\n<div class=\"wp-bootstrap-blocks-container container mb-2\">\n\t\n\n<h2 class=\"wp-block-heading\">Neuauflage des Standardwerks von Prof. Dr. Klemens Joos<\/h2>\n\n\n\n<p>Am 06.09.2023 ist die Neuauflage des Standardwerks \u201ePolitische Stakeholder \u00fcberzeugen\u201c von Prof. Dr. Klemens Joos erschienen.<br>Im Mittelpunkt steht ein neues Kapitel, das die wissenschaftsbasierte Formel f\u00fcr eine erfolgreiche Interessenvertretung noch greifbarer macht.<\/p>\n\n\n\n<div style=\"height:25px\" aria-hidden=\"true\" class=\"wp-block-spacer\"><\/div>\n\n\n\n<h3 class=\"wp-block-heading\"><strong>Ausf\u00fchrliche Informationen zum Buch und Autor<\/strong><\/h3>\n\n\n\n<p><a class=\"link-arrow\" href=\"https:\/\/www.eutop.com\/en\/wp-content\/uploads\/sites\/2\/2024\/03\/DE_Presseinformation.pdf\" target=\"_blank\" rel=\"noopener\">Informationen Wiley-Verlag<\/a> <br data-rich-text-line-break=\"true\" \/><a class=\"link-arrow\" href=\"https:\/\/www.eutop.com\/wp-content\/uploads\/2023\/09\/Leseprobe_4_Seiten_Politische-Stakeholder-ueberzeugen.pdf\" target=\"_blank\" rel=\"noopener\">Leseprobe<\/a><\/p>\n\n\n\n<div style=\"height:25px\" aria-hidden=\"true\" class=\"wp-block-spacer\"><\/div>\n\n\n\n<h3 class=\"wp-block-heading\"><strong>Die Neuauflage erobert Platz 1 in den Media Control Buch-Charts<\/strong><\/h3>\n\n\n\n<p>Woche vom 18.09. &#8211; 22.09.2023 in der Rubrik \u201ePolitikwissenschaft&#8220;<\/p>\n\n\n\n<p><a class=\"link-arrow\" href=\"https:\/\/www.media-control.de\/politische-stakeholder-%C3%BCberzeugen.html?page=1\" target=\"_blank\" rel=\"noreferrer noopener\">Media Control Pressemitteilung <\/a><\/p>\n\n\n\n<div style=\"height:20px\" aria-hidden=\"true\" class=\"wp-block-spacer\"><\/div>\n\n\n<div class=\"wp-bootstrap-blocks-row row\">\n\t\n\n<div class=\"col-12 col-md-4\">\n\t\t\t\n\n<figure class=\"wp-block-image size-full\"><a href=\"\/de\/wp-content\/uploads\/2023\/10\/Cover_Politische_Stakeholder_ueberzeugen.pdf\" target=\"_blank\" rel=\"noopener\"><img loading=\"lazy\" decoding=\"async\" width=\"719\" height=\"495\" src=\"https:\/\/www.eutop.com\/wp-content\/uploads\/2023\/09\/2te_Auflage_politische_Stakeholder_uebezeugen_de.jpg\" alt=\"\" class=\"wp-image-282\" srcset=\"https:\/\/www.eutop.com\/de\/wp-content\/uploads\/2023\/09\/2te_Auflage_politische_Stakeholder_uebezeugen_de.jpg 719w, https:\/\/www.eutop.com\/de\/wp-content\/uploads\/2023\/09\/2te_Auflage_politische_Stakeholder_uebezeugen_de-520x358.jpg 520w\" sizes=\"auto, (max-width: 719px) 100vw, 719px\" \/><\/a><\/figure>\n\n\t<\/div>\n\n\n\n<div class=\"col-12 col-md-8\">\n\t\t\t\n\n<p><b>&#8222;Politische Stakeholder \u00fcberzeugen&#8220;<\/b><\/p>\n<p><a class=\"button\" href=\"https:\/\/www.amazon.de\/Politische-Stakeholder-%C3%BCberzeugen-Interessenvertretung-Entscheidungssystem\/dp\/3527511377\/ref=mp_s_a_1_3?qid=1686514140&amp;refinements=p_27%3AKlemens+Joos&amp;s=books&amp;sr=1-3\" data-wplink-edit=\"true\" target=\"_blank\" rel=\"noopener\">Zu bestellen unter: www.amazon.de<\/a><\/p>\n\n\t<\/div>\n\n<\/div>\n\n\n\n<p>Rezensionen zum Buch finden Sie <a href=\"\/de\/wp-content\/uploads\/2023\/09\/CPS_zweite_Auflage_Rezensionen_DE.pdf\">hier<\/a>.<\/p>\n<p><strong>Prof. Dr. Thomas F. Hofmann, Pr\u00e4sident der Technischen Universit\u00e4t M\u00fcnchen (TUM):<\/strong><br \/>\u201eBasierend auf \u00fcber Jahrzehnte entwickelte Kompetenzen und internationalen Erfahrungen in Politik, Wirtschaft und Academia zeigen Prof. Dr. Klemens Joos und seine Co-Autoren in diesem Buch in eindrucksvoller Weise auf, wie erfolgreiche Interessenvertretungen in komplexen Entscheidungssystemen \u2013 wie beispielsweise Unternehmen im Mehrebenensystem der Europ\u00e4ischen Union \u2013 ihre Verhandlungsstrategie und Ablauforganisation strukturieren m\u00fcssen. Dabei flexibilisieren die Autoren bisherige Vorstellungen von starren soziologischen, politik- und wirtschaftswissenschaftlichen Funktionsmechanismen der Lobby-Arbeit und verbinden in geschickter Weise theoretische und methodische Grundlagen mit konkreten Orientierungshilfen f\u00fcr die unternehmerische Praxis.\u201c<\/p>\n<p><strong>Prof. Dr. Gunther Friedl, Dekan der TUM School of Management:<\/strong><br \/>\u201eKlemens Joos gelingt es auch mit dieser zweiten Auflage seines Buches, Neuland zu betreten. Die wichtige Unterscheidung zwischen Inhaltskompetenz und Prozesskompetenz, ohne die eine erfolgreiche Interessenvertretung nicht m\u00f6glich ist, wird von ihm in greifbarer Weise in eine Formel gepackt, mit der die komplexe Aufgabe der Interessenvertretung auf ihren Kern und die zentralen Zusammenh\u00e4nge reduziert wird.\u201c<\/p>\n\n<\/div>\n\n\n\n<div style=\"height:30px\" aria-hidden=\"true\" class=\"wp-block-spacer\"><\/div>\n\n<\/div>\n\n\n<div class=\"container-fluid\"><div class=\"wrap small-padding\"><div class=\"container\"><div class=\"row\"><div class=\"col-lg-6 p-item\"><div class=\"image\"><a href=\"https:\/\/www.eutop.com\/de\/publikationen\/politische-stakeholder-ueberzeugen-2\/\"><img decoding=\"async\" src=\"https:\/\/www.eutop.com\/de\/wp-content\/uploads\/2023\/09\/convincing_political_stakeholders2de.jpg\"><\/a><\/div><div class=\"info\"><span class=\"author\">Joos, Klemens<\/span><h4>Politische Stakeholder \u00fcberzeugen<\/h4><p><strong>Erfolgreiche Interessenvertretung durch Prozesskompetenz im komplexen Entscheidungssystem der Europ\u00e4ischen Union<\/strong><br \/>2., \u00fcberarbeitete und erweiterte Ausgabe<br \/>Deutsche Ausgabe<br \/>September 2023<br \/>Wiley-VCH Verlag, Weinheim<br \/>ISBN: 978-3-527-51137-2<\/p><div class=\"linklist\"><p><a class=\"cart\" href=\"https:\/\/www.wiley-vch.de\/de?option=com_eshop&amp;view=product&amp;isbn=9783527511372&amp;title=Politische%20Stakeholder%20%C3%BCberzeugen\" target=\"_blank\" rel=\"noopener\">Direkt beim Verlag bestellen<\/a><\/p><\/div><\/div><\/div><div class=\"col-lg-6 p-item linie\"><div class=\"image\"><a href=\"https:\/\/www.eutop.com\/de\/publikationen\/convincing-political-stakeholders-2\/\"><img decoding=\"async\" src=\"https:\/\/www.eutop.com\/de\/wp-content\/uploads\/2023\/09\/convincing_political_stakeholders2en.jpg\"><\/a><\/div><div class=\"info\"><span class=\"author\">Joos, Klemens<\/span><h4>Convincing Political Stakeholders<\/h4><p><strong>Successful lobbying through process competence in the complex decision-making system of the European Union<\/strong><br \/>2., \u00fcberarbeitete und erweiterte Ausgabe <br \/>Englische Ausgabe<br \/>September 2023<br \/>Wiley-VCH Verlag, Weinheim<br \/>ISBN: 978-3-527-51138-9<\/p><div class=\"linklist\"><p><a class=\"cart\" href=\"https:\/\/www.wiley-vch.de\/de?option=com_eshop&amp;&amp;view=product&amp;&amp;isbn=9783527511389&amp;&amp;title=Convincing Political Stakeholders\" target=\"_blank\" rel=\"noopener\">Direkt beim Verlag bestellen<\/a><\/p><\/div><\/div><\/div><\/div><\/div><\/div><\/div><div class=\"container-fluid\"><div class=\"wrap small-padding\"><div class=\"container\"><div class=\"row\"><div class=\"col-lg-6 p-item\"><div class=\"image\"><a href=\"https:\/\/www.eutop.com\/de\/publikationen\/politische-stakeholder-ueberzeugen\/\"><img decoding=\"async\" src=\"https:\/\/www.eutop.com\/de\/wp-content\/uploads\/2023\/09\/politische_stakeholder_ueberzeugen.jpg\"><\/a><\/div><div class=\"info\"><span class=\"author\">Joos, Klemens<\/span><h4>Politische Stakeholder \u00fcberzeugen<\/h4><p><strong>Erfolgreiche Interessenvertretung durch Prozesskompetenz im komplexen Entscheidungssystem der Europ\u00e4ischen Union<\/strong><br \/>Deutsche Ausgabe<br \/>November 2015<br \/>Wiley-VCH Verlag, Weinheim <br \/>ISBN 978-3-527-50859-4<\/p><div class=\"linklist\"><\/div><\/div><\/div><div class=\"col-lg-6 p-item linie\"><div class=\"image\"><a href=\"https:\/\/www.eutop.com\/de\/publikationen\/convincing-political-stakeholders\/\"><img decoding=\"async\" src=\"https:\/\/www.eutop.com\/de\/wp-content\/uploads\/2023\/09\/convincing_political_stakeholders.jpg\"><\/a><\/div><div class=\"info\"><span class=\"author\">Joos, Klemens<\/span><h4>Convincing Political Stakeholders<\/h4><p><strong>Successful lobbying through process competence in the complex decision-making system of the European Union<\/strong><br \/>Englische Ausgabe<br \/>Oktober\u00a02016\u00a0<br \/>Wiley-VCH Verlag, Weinheim<br \/>ISBN: 978-3-527-50865-5<\/p><div class=\"linklist\"><\/div><\/div><\/div><\/div><\/div><\/div><\/div><div class=\"container-fluid\"><div class=\"wrap small-padding\"><div class=\"container\"><div class=\"row\"><div class=\"col-lg-6 p-item\"><div class=\"image\"><a href=\"https:\/\/www.eutop.com\/de\/publikationen\/entscheidungen-ohne-entscheider\/\"><img decoding=\"async\" src=\"https:\/\/www.eutop.com\/de\/wp-content\/uploads\/2023\/09\/entscheidungen_ohne_entscheider.jpg\"><\/a><\/div><div class=\"info\"><span class=\"author\">Joos, Klemens<\/span><h4>Entscheidungen ohne Entscheider?<\/h4><p><strong>Prozesskompetenz ist der entscheidende Erfolgsfaktor f\u00fcr die Reduzierung von Komplexit\u00e4t in der Interessenvertretung bei den Institutionen der Europ\u00e4ischen Union <\/strong><br \/>in: Silke Bartsch \/ Christian Bl\u00fcmelhuber (Hrsg.) <br \/>Always Ahead im Marketing: Offensiv, digital, strategisch<br \/>Springer Gabler, Wiesbaden 2015<br \/>ISBN 978-3-658-09029-6<\/p><div class=\"linklist\"><p><a class=\"cart\" href=\"http:\/\/www.springer.com\/de\/book\/9783658090296\" target=\"_blank\" rel=\"noopener\">Direkt beim Verlag bestellen<\/a><\/p><\/div><\/div><\/div><div class=\"col-lg-6 p-item linie\"><div class=\"image\"><a href=\"https:\/\/www.eutop.com\/de\/publikationen\/erfolg-durch-prozesskompetenz\/\"><img decoding=\"async\" src=\"https:\/\/www.eutop.com\/de\/wp-content\/uploads\/2023\/09\/erfolg_durch_prozesskompetenz.jpg\"><\/a><\/div><div class=\"info\"><span class=\"author\">Joos, Klemens<\/span><h4>Erfolg durch Prozesskompetenz<\/h4><p><strong>Paradigmenwechsel in der Interessenvertretung nach dem Vertrag von Lissabon <\/strong><br \/>in: Doris Dialer \/ Margarethe Richter (Hrsg.)<br \/>Lobbying in der Europ\u00e4ischen Union. Zwischen Professionalisierung und Regulierung<br \/>Springer VS, Wiesbaden 2014<br \/>ISBN 978-3-658-03220-3<\/p><div class=\"linklist\"><p><a class=\"cart\" href=\"http:\/\/www.springer.com\/de\/book\/9783658032203\" target=\"_blank\" rel=\"noopener\">Direkt beim Verlag bestellen<\/a><\/p><\/div><\/div><\/div><\/div><\/div><\/div><\/div><div class=\"container-fluid\"><div class=\"wrap small-padding\"><div class=\"container\"><div class=\"row\"><div class=\"col-lg-6 p-item\"><div class=\"image\"><a href=\"https:\/\/www.eutop.com\/de\/publikationen\/auf-nach-bruessel\/\"><img decoding=\"async\" src=\"https:\/\/www.eutop.com\/de\/wp-content\/uploads\/2023\/09\/auf_nach_brssel.jpg\"><\/a><\/div><div class=\"info\"><span class=\"author\">Joos, Klemens<\/span><h4>Auf nach Br\u00fcssel!<\/h4><p>in: Harvard Business Manager, Mai 2014<\/p><div class=\"linklist\"><p><a href=\"\/wp-content\/uploads\/2023\/09\/auf-nach-bruessel_harvard-business-manager_DE.pdf\" target=\"_blank\" rel=\"noopener\">Download [PDF]<\/a><\/p><\/div><\/div><\/div><div class=\"col-lg-6 p-item linie\"><div class=\"image\"><a href=\"https:\/\/www.eutop.com\/de\/publikationen\/lobbying-in-the-new-europe\/\"><img decoding=\"async\" src=\"https:\/\/www.eutop.com\/de\/wp-content\/uploads\/2023\/09\/thumb_lobbying-in-the-new-europe.jpg\"><\/a><\/div><div class=\"info\"><span class=\"author\">Joos, Klemens<\/span><h4>Lobbying in the new Europe<\/h4><p><strong>Sucessful representation of interests after the Treaty of Lisbon<\/strong><br \/>Wiley-VCH, Weinheim 2011<br \/>ISBN 978-3-527-50597-5<\/p><div class=\"linklist\"><a href=\"https:\/\/www.eutop.com\/de\/publikationen\/lobbying-in-the-new-europe\/\">Vorwort \/ Preface (EN)<\/a><p><a class=\"cart\" href=\"http:\/\/www.wiley-vch.de\/publish\/dt\/books\/ISBN3-527-50597-0\/\" target=\"_blank\" rel=\"noopener\">Direkt beim Verlag bestellen<\/a><\/p><\/div><\/div><\/div><\/div><\/div><\/div><\/div><div class=\"container-fluid\"><div class=\"wrap small-padding\"><div class=\"container\"><div class=\"row\"><div class=\"col-lg-6 p-item\"><div class=\"image\"><a href=\"https:\/\/www.eutop.com\/de\/publikationen\/lobbying-im-neuen-europa\/\"><img decoding=\"async\" src=\"https:\/\/www.eutop.com\/de\/wp-content\/uploads\/2023\/09\/thumb_lobbying-im-neuen-europa.jpg\"><\/a><\/div><div class=\"info\"><span class=\"author\">Joos, Klemens<\/span><h4>Lobbying im neuen Europa<\/h4><p><strong>Erfolgreiche Interessenvertretung nach dem Vertrag von Lissabon<\/strong><br \/>Wiley-VCH, Weinheim 2011<br \/>ISBN 978-3-527-50564-7<\/p><div class=\"linklist\"><a href=\"https:\/\/www.eutop.com\/de\/publikationen\/lobbying-im-neuen-europa\/\">Vorwort<\/a><p><a class=\"cart\" href=\"http:\/\/www.wiley-vch.de\/publish\/dt\/books\/ISBN3-527-50564-4\/\" target=\"_blank\" rel=\"noopener\">Direkt beim Verlag bestellen<\/a><\/p><\/div><\/div><\/div><div class=\"col-lg-6 p-item linie\"><div class=\"image\"><a href=\"https:\/\/www.eutop.com\/de\/publikationen\/the-european-commission\/\"><img decoding=\"async\" src=\"https:\/\/www.eutop.com\/de\/wp-content\/uploads\/2023\/09\/cover_europeanCommission.jpg\"><\/a><\/div><div class=\"info\"><span class=\"author\">Sabathil, Gerhard \/ Joos, Klemens \/ Ke\u00dfler, Bernd (Hrsg.)<\/span><h4>THE EUROPEAN COMMISSION<\/h4><p><strong>An Essential Guide to the Institution, the Procedures and the Policies<\/strong><br \/>Kogan Page, London 2008<br \/>ISBN: 978-0-7494-5266-7<\/p><div class=\"linklist\"><\/div><\/div><\/div><\/div><\/div><\/div><\/div><div class=\"container-fluid\"><div class=\"wrap small-padding\"><div class=\"container\"><div class=\"row\"><div class=\"col-lg-6 p-item\"><div class=\"image\"><a href=\"https:\/\/www.eutop.com\/de\/publikationen\/successful-lobbying-in-the-new-europe-jp\/\"><img decoding=\"async\" src=\"https:\/\/www.eutop.com\/de\/wp-content\/uploads\/2023\/09\/successful-lobbying_jp_sm.jpg\"><\/a><\/div><div class=\"info\"><span class=\"author\">Joos, Klemens \/ Waldenberger, Franz<\/span><h4>Successful Lobbying in the New Europe<\/h4><p>Japanische Ausgabe \u65e5\u672c\u7d4c\u6e08\u8a55\u8ad6\u793e\u3001<br \/>2005\u5e74 ISBN: 978-4-8188-1746-3<\/p><div class=\"linklist\"><\/div><\/div><\/div><div class=\"col-lg-6 p-item linie\"><div class=\"image\"><a href=\"https:\/\/www.eutop.com\/de\/publikationen\/successful-lobbying-in-the-new-europe\/\"><img decoding=\"async\" src=\"https:\/\/www.eutop.com\/de\/wp-content\/uploads\/2023\/09\/cover_successfulLobbying_new.jpg\"><\/a><\/div><div class=\"info\"><span class=\"author\">Joos, Klemens \/ Waldenberger, Franz<\/span><h4>Successful Lobbying in the New Europe<\/h4><p>Englische Ausgabe BWV Berliner Wissenschafts-Verlag, Berlin 2004 <br \/>ISBN: 978-3-8305-0857-1<\/p><div class=\"linklist\"><a href=\"https:\/\/www.eutop.com\/de\/publikationen\/successful-lobbying-in-the-new-europe\/\">Vorwort \/ Preface (EN)<\/a><\/div><\/div><\/div><\/div><\/div><\/div><\/div><div class=\"container-fluid\"><div class=\"wrap small-padding\"><div class=\"container\"><div class=\"row\"><div class=\"col-lg-6 p-item\"><div class=\"image\"><a href=\"https:\/\/www.eutop.com\/de\/publikationen\/interessenvertretung-deutscher-unternehmen-bei-den-institutionen-der-europaeischen-union\/\"><img decoding=\"async\" src=\"https:\/\/www.eutop.com\/de\/wp-content\/uploads\/2023\/09\/cover_interessenvertretung.jpg\"><\/a><\/div><div class=\"info\"><span class=\"author\">Joos, Klemens<\/span><h4>Interessenvertretung deutscher Unternehmen bei den Institutionen der Europ\u00e4ischen Union<\/h4><p>BWV Berliner Wissenschafts-Verlag, Berlin 1998 <br \/>ISBN: 978-3-87061-773-8<\/p><div class=\"linklist\"><a href=\"https:\/\/www.eutop.com\/de\/publikationen\/interessenvertretung-deutscher-unternehmen-bei-den-institutionen-der-europaeischen-union\/\">Vorwort<\/a><\/div><\/div><\/div><\/div><\/div><\/div><\/div>","protected":false},"excerpt":{"rendered":"","protected":false},"author":1,"featured_media":0,"parent":0,"menu_order":0,"comment_status":"closed","ping_status":"closed","template":"","meta":{"footnotes":""},"class_list":["post-29","page","type-page","status-publish","hentry"],"_links":{"self":[{"href":"https:\/\/www.eutop.com\/de\/wp-json\/wp\/v2\/pages\/29","targetHints":{"allow":["GET"]}}],"collection":[{"href":"https:\/\/www.eutop.com\/de\/wp-json\/wp\/v2\/pages"}],"about":[{"href":"https:\/\/www.eutop.com\/de\/wp-json\/wp\/v2\/types\/page"}],"author":[{"embeddable":true,"href":"https:\/\/www.eutop.com\/de\/wp-json\/wp\/v2\/users\/1"}],"replies":[{"embeddable":true,"href":"https:\/\/www.eutop.com\/de\/wp-json\/wp\/v2\/comments?post=29"}],"version-history":[{"count":36,"href":"https:\/\/www.eutop.com\/de\/wp-json\/wp\/v2\/pages\/29\/revisions"}],"predecessor-version":[{"id":945,"href":"https:\/\/www.eutop.com\/de\/wp-json\/wp\/v2\/pages\/29\/revisions\/945"}],"wp:attachment":[{"href":"https:\/\/www.eutop.com\/de\/wp-json\/wp\/v2\/media?parent=29"}],"curies":[{"name":"wp","href":"https:\/\/api.w.org\/{rel}","templated":true}]}}