{"id":3,"date":"2023-07-31T17:43:44","date_gmt":"2023-07-31T15:43:44","guid":{"rendered":"https:\/\/www.eutop.com\/?page_id=3"},"modified":"2025-07-25T16:32:43","modified_gmt":"2025-07-25T14:32:43","slug":"datenschutzerklaerung","status":"publish","type":"page","link":"https:\/\/www.eutop.com\/de\/datenschutzerklaerung\/","title":{"rendered":"Datenschutz"},"content":{"rendered":"<div class=\"wp-bootstrap-blocks-container container-fluid mb-0 wave\">\n\t\n<div class=\"wp-bootstrap-blocks-container container mb-2 stars\">\n\t\n\n<h2 class=\"wp-block-heading\">DATENSCHUTZHINWEISE<\/h2>\n\n\n\n<p>Die EUTOP International GmbH und ihre Tochtergesellschaften (EUTOP Group) freuen sich \u00fcber Ihr Interesse an unserer Unternehmensgruppe und unseren Dienstleistungen.<\/p>\n\n\n\n<p>Wir m\u00f6chten Sie mittels der nachfolgenden Datenschutzinformation dar\u00fcber informieren, welche personenbezogenen Daten, in welchem Umfang und zu welchem Zweck bei Ihrem Besuch auf unserer Website erhoben, verarbeitet und ggf. \u00fcbermittelt werden. Dies gilt gleicherma\u00dfen f\u00fcr die \u00fcber die Website erreichbaren Leistungen und Angebote.<\/p>\n\n\n\n<p>Soweit diese Website auf externe Seiten anderer Anbieter (Links) verweist, verlassen Sie durch diese Links unser Internetangebot. F\u00fcr die Einhaltung der datenschutzrechtlichen Bestimmungen auf diesen verlinkten Seiten sind ausschlie\u00dflich deren Betreiber und nicht die EUTOP International GmbH verantwortlich.<\/p>\n\n\n\n<div style=\"height:20px\" aria-hidden=\"true\" class=\"wp-block-spacer\"><\/div>\n\n\n\n<p class=\"has-medium-font-size\"><strong>Allgemeines<\/strong><\/p>\n\n\n\n<p><b>Datenschutzgrunds\u00e4tze der EUTOP Group<\/b><br>Der Schutz Ihrer Privatsph\u00e4re sowie die Sicherheit aller Gesch\u00e4ftsdaten sind uns ein sehr wichtiges Anliegen, das wir in unseren Gesch\u00e4ftsprozessen ber\u00fccksichtigen. Datenschutz und Informationssicherheit sind Bestandteil unserer Unternehmenspolitik.<br>Wir legen gr\u00f6\u00dften Wert auf den Schutz Ihrer personenbezogenen Daten und verarbeiten diese ausschlie\u00dflich im Einklang mit den Gesetzen und Bestimmungen der Bundesrepublik Deutschland sowie \u00fcbergeordneter europ\u00e4ischer Rechtsvorgaben; u. a. EU-Datenschutzgrundverordnung (DSGVO). Ihre personenbezogenen Daten werden in dem nachfolgend beschriebenen Umfang f\u00fcr die erl\u00e4uterten Zwecke verarbeitet. Das bedeutet, wir verwenden Ihre personenbezogenen Daten nur dann, wenn dies die Datenschutzgesetze ausdr\u00fccklich zulassen oder Sie uns eine vorherige ausdr\u00fcckliche Einwilligung erteilt haben.<\/p>\n\n\n\n<p><b>Begriffsbestimmungen<\/b><br>In der EU-Datenschutzgrundverordnung werden bestimmte Begriffe benutzt, die in Art. 4 definiert sind, z.B. personenbezogene Daten, Verarbeitung, Pseudonymisierung, Verantwortliche, Auftragsverarbeiter, Empf\u00e4nger, Dritter, Einwilligung.<\/p>\n\n\n\n<p><a href=\"\/de\/datenschutzerklaerung\/begriffsbestimmungen\/\">Hier fahren Sie was bestimmte Ausdr\u00fccke im Sinne der Datenschutzgrundverordnung bedeuten<\/a><\/p>\n\n\n\n<p><b>Name und Kontaktdaten des Verantwortlichen<\/b><br>Verantwortlicher im Sinne der DSGVO ist:<\/p>\n\n\n\n<p>EUTOP International GmbH<br>Denninger Stra\u00dfe 15<br>81679 M\u00fcnchen<br>Deutschland<br>Tel.: +49 89 323700-0<br>Fax.: +49 89 323700-6140<br>E-Mail: <a href=\"mailto:eutop@eutop.eu\">eutop@eutop.eu<\/a><br>Website: <a href=\"http:\/\/www.eutop.eu\" data-type=\"link\" data-id=\"www.eutop.eu\">www.eutop.eu<\/a><\/p>\n\n\n\n<p>F\u00fcr Fragen bez\u00fcglich des Datenschutzes und zur Geltendmachung ihrer Betroffenenrechte wenden Sie sich bitte an unser Datenschutzteam.<br>E-Mail: <a href=\"mailto:privacy@eutop.eu\" data-type=\"mailto\" data-id=\"mailto:DPO@eutop.eu\">privacy@eutop.eu<\/a><\/p>\n\n\n\n<p><b>Name und Kontakt des Datenschutzbeauftragten<\/b><br>Der Datenschutzbeauftragte des Verantwortlichen ist:<\/p>\n\n\n\n<p>Dr. Eddie Kohfeldt <br>Denninger Stra\u00dfe 15<br>81679 M\u00fcnchen<br>Deutschland<br>E-Mail: <a href=\"mailto:DPO@eutop.eu\" data-type=\"mailto\" data-id=\"mailto:DPO@eutop.eu\">DPO@eutop.eu<\/a><\/p>\n\n\n\n<div style=\"height:20px\" aria-hidden=\"true\" class=\"wp-block-spacer\"><\/div>\n\n\n\n<p><b>Allgemeines zur Verarbeitung personenbezogener Daten<\/b><\/p>\n\n\n\n<p><b>Umfang der Verarbeitung <\/b><br>Wir verarbeiten personenbezogene Daten, um eine Website mit verschiedenen Inhalten und Funktionen zur Verf\u00fcgung zu stellen und wenn dies zum Angebot, der Bereitstellung und zur Abrechnung unserer gesch\u00e4ftlichen Leistungen und Produkte erforderlich ist..<\/p>\n\n\n\n<p><b>Zwecke der Verarbeitung<\/b><br>Die Zwecke der Verarbeitung personenbezogener Daten begr\u00fcnden sich in der Durchf\u00fchrung des Gesch\u00e4ftsbetriebs der EUTOP International GmbH und aller damit verbundenen Nebengesch\u00e4fte.<\/p>\n\n\n\n<p><b>Rechtsgrundlage f\u00fcr die Verarbeitung<\/b><\/p>\n\n\n\n<p>Die Verarbeitung personenbezogener Daten erfolgt auf Basis der aktuell geltenden rechtlichen Grundlagen.<\/p>\n\n\n\n<ul class=\"wp-block-list\">\n<li>Bei Verarbeitungen von personenbezogenen Daten, die zur Erf\u00fcllung eines Vertrages, dessen Vertragspartei die betroffene Person ist, erforderlich sind, dient Art. 6 Abs. 1 lit. b DSGVO als Rechtsgrundlage. Dies gilt auch f\u00fcr Verarbeitungsvorg\u00e4nge, die zur Durchf\u00fchrung vorvertraglicher Ma\u00dfnahmen erforderlich sind.<\/li>\n\n\n\n<li>Ist die Verarbeitung zur Wahrung eines berechtigten Interesses unseres Unternehmens oder eines Dritten erforderlich und \u00fcberwiegen die Interessen, Grundrechte und Grundfreiheiten des Betroffenen das erstgenannte Interesse nicht, so dient Art. 6 Abs. 1 lit. f DSGVO als Rechtsgrundlage f\u00fcr die Verarbeitung.<\/li>\n\n\n\n<li>Soweit wir f\u00fcr Verarbeitungsvorg\u00e4nge personenbezogener Daten eine Einwilligung der betroffenen Person einholen, dient Art. 6 Abs. 1 lit. a DSGVO als Rechtsgrundlage.<\/li>\n\n\n\n<li>Wenn eine Verarbeitung personenbezogener Daten zur Erf\u00fcllung einer rechtlichen Verpflichtung erforderlich ist, der unser Unternehmen unterliegt, dient Art. 6 Abs. 1 lit. c DSGVO als Rechtsgrundlage.<\/li>\n\n\n\n<li>F\u00fcr den Fall, dass lebenswichtige Interessen der betroffenen Person oder einer anderen nat\u00fcrlichen Person eine Verarbeitung personenbezogener Daten erforderlich machen, dient Art. 6 Abs. 1 lit. d DSGVO als Rechtsgrundlage.<br>Sofern Daten in Drittl\u00e4nder \u00fcbermittelt werden, erfolgt dies entweder auf Basis eines Angemessenheitsbeschlusses der Europ\u00e4ischen Union (Art. 45 DSGVO), auf Basis geeig-neter Garantien (Art. 46 DSGVO) oder auf Basis des Art. 49 Abs. 1 lit. b wenn dies zur Vertragserf\u00fcllung erforderlich ist.<\/li>\n<\/ul>\n\n\n\n<p><b>Gesetzliche oder vertragliche Vorschriften zur Bereitstellung der personenbezogenen Daten<\/b><br>Die Bereitstellung personenbezogener Daten durch Sie kann unter Umst\u00e4nden gesetzlich oder vertraglich vorgeschrieben oder f\u00fcr den Vertragsabschluss erforderlich sein.<br>Insbesondere f\u00fcr Vertragsabschl\u00fcsse k\u00f6nnen Sie verpflichtet sein, uns personenbezogene Daten zur Verf\u00fcgung zu stellen. Eine Nichtbereitstellung der personenbezogenen Daten h\u00e4tte zur Folge, dass der Vertrag mit Ihnen nicht geschlossen werden k\u00f6nnte.<\/p>\n\n\n\n<p><b>Weitergabe personenbezogener Daten<\/b><br>Wir geben Ihre personenbezogenen Daten nur dann an Dritte weiter, wenn<\/p>\n\n\n\n<ul class=\"wp-block-list\">\n<li>dies zur Durchf\u00fchrung eines mit Ihnen bestehenden Vertragsverh\u00e4ltnisses notwendig ist.<\/li>\n\n\n\n<li>es zur Wahrung unserer berechtigten Interessen oder eines Dritten erforderlich ist, sofern nicht die Interessen oder Grundrechte und Grundfreiheiten von Ihnen (der betroffenen Person), die den Schutz personenbezogener Daten erfordern, \u00fcberwiegen.<\/li>\n\n\n\n<li>wir gesetzlich dazu verpflichtet sind.<\/li>\n\n\n\n<li>dies zur Durchsetzung unserer Anspr\u00fcche und Rechte notwendig ist.<br>wir Anfragen von beh\u00f6rdlichen Organen erhalten (z. B. Aufsichtsbeh\u00f6rden oder Strafverfolgungsbeh\u00f6rden, wenn die Weitergabe zur Abwehr von Gefahren f\u00fcr die \u00f6ffentliche Sicherheit und Ordnung sowie zur Verfolgung von Straftaten erforderlich ist).<\/li>\n\n\n\n<li>Sie uns Ihre Einwilligung hierzu erteilt haben<\/li>\n<\/ul>\n\n\n\n<p>Im Rahmen einer solchen Weitergabe d\u00fcrfen die personenbezogenen Daten jedoch ausschlie\u00dflich zum jeweiligen Zweck verwendet werden.<\/p>\n\n\n\n<p><b>Einbindung von externen Dienstleistern<\/b><br>Wir sind nicht Spezialisten f\u00fcr alles. Deshalb nutzen wir in Teilbereichen unserer Gesch\u00e4ftst\u00e4tigkeit Dienstleister, die uns unterst\u00fctzen, z. B.<\/p>\n\n\n\n<ul class=\"wp-block-list\">\n<li>IT-Dienstleister bei der Wartung unserer Infrastruktur<\/li>\n\n\n\n<li>IT-Entwickler bei der Weiterentwicklung unserer Anwendungen<br>Dienstleister f\u00fcr spezifische Anwendungen, die auf unserer Website genutzt werden<\/li>\n\n\n\n<li>Rechenzentren \/ Cloud Services zum sicheren Betrieb unserer Services<\/li>\n\n\n\n<li>Agenturen und Druckereien zum Versand von gedruckten Informationen<\/li>\n<\/ul>\n\n\n\n<p>Wir haben die gesetzlich geforderten Vertr\u00e4ge zur Auftragsverarbeitung abgeschlossen, in denen konkret festgelegt ist, was der Dienstleister mit welchen Daten machen darf. Insbesondere die Nutzung der Daten f\u00fcr eigene Zwecke durch den Dienstleister und eine Weitergabe an Dritte werden darin ausgeschlossen. Dienstleister werden in diesen Vertr\u00e4gen zur Einhaltung der anzuwendenden Datenschutzvorschriften verpflichtet.<\/p>\n\n\n\n<p><b>Datenl\u00f6schung und Speicherdauer<\/b><br>Personenbezogene Daten werden gel\u00f6scht oder gesperrt, sobald der Zweck der Speicherung entf\u00e4llt. Davon abweichend kann eine l\u00e4ngere Speicherung erfolgen, wenn dies durch den europ\u00e4ischen oder nationalen Gesetzgeber in unionsrechtlichen Verordnungen, Gesetzen oder sonstigen Vorschriften, denen der Verantwortliche unterliegt, vorgesehen wurde. Eine Sperrung oder L\u00f6schung der Daten erfolgt , wenn eine durch die genannten Normen vorgeschriebene Speicherfrist abl\u00e4uft, es sei denn, dass eine Erforderlichkeit zur weiteren Speicherung der Daten besteht.<\/p>\n\n\n\n<p><strong>Sicherheit der Daten<\/strong><br>Zum Schutz Ihrer bei uns gespeicherten personenbezogenen Daten vor unberechtigtem Zu-griff und Missbrauch haben wir umfangreiche technische und organisatorische Vorkehrungen getroffen. Unsere Sicherheitsverfahren werden regelm\u00e4\u00dfig \u00fcberpr\u00fcft und dem Stand der Technik angepasst. Unsere Mitarbeiter sind zur Wahrung der Vertraulichkeit verpflichtet.<\/p>\n\n\n\n<div style=\"height:20px\" aria-hidden=\"true\" class=\"wp-block-spacer\"><\/div>\n\n\n\n<p class=\"has-medium-font-size\"><strong>Details zur Verarbeitung personenbezogener Daten<\/strong><\/p>\n\n\n\n<p><a href=\"\/de\/datenschutzerklaerung\/logfiles\/\">Bereitstellung der Website und Erstellung von Logfiles<\/a><br><br><a href=\"\/de\/datenschutzerklaerung\/cookies\/\">Einsatz von Cookies<\/a><br><br><a href=\"\/de\/datenschutzerklaerung\/kontaktformular\/\">Kontaktaufnahme per Kontaktformular, E-Mail und Telefon<\/a><br><br><a href=\"\/de\/datenschutzerklaerung\/businesscontacts\">Verarbeitung von Gesch\u00e4ftskontakten<\/a><br><br><a href=\"\/de\/datenschutzerklaerung\/newsletter\/\">Newsletter<\/a><br><br><a href=\"\/de\/datenschutzerklaerung\/statistik\/\">Statistische Analyse mit Matomo<\/a><br><br><a href=\"\/de\/datenschutzerklaerung\/bewerbungen\/\">Wenn Sie sich bewerben<\/a><br><\/p>\n\n\n\n<p><b>Ihre Rechte als betroffene Person<\/b><br>Werden personenbezogene Daten von Ihnen verarbeitet, sind Sie Betroffener i. S. d. DSGVO und es stehen Ihnen folgende Rechte gegen\u00fcber dem Verantwortlichen zu:<\/p>\n\n\n\n<ul class=\"wp-block-list\">\n<li>Auskunftsrecht: Sie k\u00f6nnen eine Best\u00e4tigung dar\u00fcber verlangen, ob und welche personenbezogenen Daten, die Sie betreffen, von uns verarbeitet werden.<\/li>\n\n\n\n<li>Recht auf Berichtigung: Sie haben ein Recht auf Berichtigung und\/oder Vervollst\u00e4ndigung, sofern die verarbeiteten personenbezogenen Daten, die Sie betreffen, unrichtig oder unvollst\u00e4ndig sind.<\/li>\n\n\n\n<li>Recht auf L\u00f6schung (\u201eRecht auf Vergessen werden\u201c): Sie k\u00f6nnen verlangen, dass die Sie betreffenden personenbezogenen Daten unverz\u00fcglich gel\u00f6scht werden, und der Verantwortliche ist verpflichtet, diese Daten unverz\u00fcglich zu l\u00f6schen, sofern bestimmte Gr\u00fcnde zutreffen.<\/li>\n\n\n\n<li>Recht auf Einschr\u00e4nkung der Verarbeitung: Unter bestimmten Voraussetzungen k\u00f6nnen Sie die Einschr\u00e4nkung der Verarbeitung der Sie betreffenden personenbezogenen Daten verlangen (z.B. eine Sperrung der Nutzung bzw. eine vor\u00fcbergehende Entfernung von der Website, wenn diese dort ver\u00f6ffentlicht waren.<\/li>\n\n\n\n<li>Recht auf Unterrichtung: Haben Sie das Recht auf Berichtigung, L\u00f6schung oder Einschr\u00e4nkung der Verarbeitung geltend gemacht, ist der Verantwortliche verpflichtet, allen Empf\u00e4ngern, denen die Sie betreffenden personenbezogenen Daten offengelegt wurden, diese Berichtigung oder L\u00f6schung der Daten oder Einschr\u00e4nkung der Verarbeitung mitzuteilen, damit diese entsprechend handeln k\u00f6nnen.<\/li>\n\n\n\n<li>Recht auf Daten\u00fcbertragbarkeit: Sie haben das Recht, die Sie betreffenden personenbezogenen Daten, die Sie dem Verantwortlichen bereitgestellt haben, in einem strukturierten, g\u00e4ngigen und maschinenlesbaren Format zu erhalten. Sie haben auch das Recht, die Daten direkt an einen anderen f\u00fcr die Verarbeitung Verantwortlichen \u00fcbermitteln zu lassen, sofern dies technisch machbar ist und die Rechte und Freiheiten anderer Personen nicht beeintr\u00e4chtigt werden.<\/li>\n\n\n\n<li>Widerspruchsrecht: Sie haben das Recht, aus Gr\u00fcnden, die sich aus ihrer besonderen Situation ergeben, jederzeit gegen die Verarbeitung der Sie betreffenden personenbezogenen Daten Widerspruch einzulegen, wenn die Verarbeitung aufgrund berechtigter Interessen erfolgt.<p><br><b>-&gt; Hierzu z\u00e4hlt insbesondere der Widerspruch gegen Direktwerbung.<\/b><\/p><\/li>\n\n\n\n<li>Recht auf Widerruf der datenschutzrechtlichen Einwilligungserkl\u00e4rung: Sie haben das Recht, Ihre datenschutzrechtliche Einwilligungserkl\u00e4rung jederzeit zu widerrufen. Durch den Widerruf der Einwilligung wird die Rechtm\u00e4\u00dfigkeit, der aufgrund der Einwilligung bis zum Widerruf erfolgten Verarbeitung nicht ber\u00fchrt.<\/li>\n\n\n\n<li>Automatisierte Entscheidung im Einzelfall einschlie\u00dflich Profiling: Sie haben das Recht, nicht einer ausschlie\u00dflich auf einer automatisierten Verarbeitung \u2013 einschlie\u00dflich Profiling \u2013 beruhenden Entscheidung unterworfen zu werden, die Ihnen gegen\u00fcber rechtliche Wirkung entfaltet oder Sie in \u00e4hnlicher Weise erheblich beeintr\u00e4chtigt.<\/li>\n\n\n\n<li>Recht auf Beschwerde bei einer Aufsichtsbeh\u00f6rde: Ihnen steht das Recht auf Beschwerde bei einer Datenschutz-Aufsichtsbeh\u00f6rde zu. <br>Wie Sie Ihre Rechte aus\u00fcben: Sie k\u00f6nnen diese Rechte aus\u00fcben, indem Sie uns per E-Mail an <a href=\"mailto:\">DSB@eutop.eu <\/a>kontaktieren oder sich per Post an an die verantwortliche Stelle wenden. Falls notwendig, k\u00f6nnen wir zus\u00e4tzliche Informationen anfordern, die zur Best\u00e4tigung Ihrer Identit\u00e4t erforderlich sind, z.B. eine Fotokopie eines Personalausweises. Ihre Anfragen werden unverz\u00fcglich, in der Regel innerhalb eines Monats bearbeitet. Wenn die Umst\u00e4nde es erfordern, kann sich die Bearbeitungszeit um zwei weitere Monate verl\u00e4ngern.<\/li>\n<\/ul>\n\n\n\n<p><b>\u00c4nderung der Datenschutzinformation<\/b><br>Wir behalten uns vor, diese Datenschutzinformation bei der Einf\u00fchrung oder \u00c4nderungen neuer Services anzupassen, damit sie stets den aktuellen rechtlichen Anforderungen entspricht. F\u00fcr Ihren erneuten Besuch unserer Website gilt dann die aktuelle Version.<\/p>\n\n<\/div>\n\n<\/div>","protected":false},"excerpt":{"rendered":"","protected":false},"author":1,"featured_media":0,"parent":0,"menu_order":0,"comment_status":"closed","ping_status":"closed","template":"","meta":{"footnotes":""},"class_list":["post-3","page","type-page","status-publish","hentry"],"_links":{"self":[{"href":"https:\/\/www.eutop.com\/de\/wp-json\/wp\/v2\/pages\/3","targetHints":{"allow":["GET"]}}],"collection":[{"href":"https:\/\/www.eutop.com\/de\/wp-json\/wp\/v2\/pages"}],"about":[{"href":"https:\/\/www.eutop.com\/de\/wp-json\/wp\/v2\/types\/page"}],"author":[{"embeddable":true,"href":"https:\/\/www.eutop.com\/de\/wp-json\/wp\/v2\/users\/1"}],"replies":[{"embeddable":true,"href":"https:\/\/www.eutop.com\/de\/wp-json\/wp\/v2\/comments?post=3"}],"version-history":[{"count":44,"href":"https:\/\/www.eutop.com\/de\/wp-json\/wp\/v2\/pages\/3\/revisions"}],"predecessor-version":[{"id":1628,"href":"https:\/\/www.eutop.com\/de\/wp-json\/wp\/v2\/pages\/3\/revisions\/1628"}],"wp:attachment":[{"href":"https:\/\/www.eutop.com\/de\/wp-json\/wp\/v2\/media?parent=3"}],"curies":[{"name":"wp","href":"https:\/\/api.w.org\/{rel}","templated":true}]}}