{"id":387,"date":"2023-09-15T16:32:48","date_gmt":"2023-09-15T14:32:48","guid":{"rendered":"https:\/\/www.eutop.com\/?page_id=387"},"modified":"2024-12-17T18:01:05","modified_gmt":"2024-12-17T17:01:05","slug":"businesscontacts","status":"publish","type":"page","link":"https:\/\/www.eutop.com\/de\/datenschutzerklaerung\/businesscontacts\/","title":{"rendered":"Businesscontacts"},"content":{"rendered":"<div class=\"wp-bootstrap-blocks-container container-fluid mb-0 wave\">\n\t\n<div class=\"wp-bootstrap-blocks-container container mb-2 stars\">\n\t\n\n<h2 class=\"wp-block-heading\">Datenschutzhinweise zur Verarbeitung von Gesch\u00e4ftskontakten<\/h2>\n\n\n<div class=\"wp-bootstrap-blocks-row row g-0\">\n\t\n\n<div class=\"col-12 col-md-9\">\n\t\t\t\n\n<p><b>Beschreibung und Umfang der Datenverarbeitung<\/b><\/p>\n\n\n\n<p>Neben gesch\u00e4ftlichen Kontaktinformationen, die wir durch aktive Kontaktaufnahme z.B. per Kontaktformular, E-Mail, Telefon bekommen, erhalten Besch\u00e4ftigte und Gesch\u00e4ftsf\u00fchrer unseres Unternehmens Visitenkarten oder Teilnehmerlisten von Veranstaltungen auf denen Kontaktinformationen enthalten sind. Zus\u00e4tzlich werden gesch\u00e4ftliche Kontaktinformationen bei der Registrierung von Gesch\u00e4ftspartnern und aus \u00f6ffentlich zug\u00e4nglichen Quellen erhoben und verarbeitet.<\/p>\n\n\n\n<p>Diese personenbezogenen gesch\u00e4ftlichen Kontaktdaten werden von uns in eine Kontaktdatenbank \/ in ein CRM System \u00fcbernommen:<\/p>\n\n\n\n<ul class=\"wp-block-list\">\n<li>Titel<\/li>\n\n\n\n<li>Vor- und Nachname<\/li>\n\n\n\n<li>Firma<\/li>\n\n\n\n<li>Funktion<\/li>\n\n\n\n<li>Firmenadresse<\/li>\n\n\n\n<li>E-Mail-Adresse<\/li>\n\n\n\n<li>Internetadresse<\/li>\n\n\n\n<li>Telefonnummer<\/li>\n\n\n\n<li>Mobiltelefonnummer<\/li>\n\n\n\n<li>Faxnummer<\/li>\n<\/ul>\n\n\n\n<p>Zus\u00e4tzlich werden der Zeitpunkt und der Anlass der \u00dcbergabe der Kontaktinformationen und gegebenenfalls weitere gesch\u00e4ftsbezogene Informationen verarbeitet. z. B.<\/p>\n\n\n\n<ul class=\"wp-block-list\">\n<li>Branche<\/li>\n\n\n\n<li>Termindaten<\/li>\n\n\n\n<li>Kontakthistorie<\/li>\n\n\n\n<li>Kundennummer, Kundenart<\/li>\n\n\n\n<li>ggf. Geburtsdatum<br>Daten zu Gesch\u00e4ftspartnern<br>vertriebsbezogene Daten<br>wesentliche Kommunikationsinhalte<br><\/li>\n<\/ul>\n\n\n\n<p>Die Daten werden ausschlie\u00dflich im Rahmen unserer gesch\u00e4ftlichen Verbindung verarbeitet. Es erfolgt keine Weitergabe der Daten an Dritte, au\u00dfer Sie selbst geben uns hierzu Ihre Einwilligung.<\/p>\n\n\n\n<div style=\"height:20px\" aria-hidden=\"true\" class=\"wp-block-spacer\"><\/div>\n\n\n\n<p><b>Rechtsgrundlage f\u00fcr die Datenverarbeitung<\/b><\/p>\n<p>Rechtsgrundlage f\u00fcr die Verarbeitung der Daten, die im Zuge der Erhebung und Speicherung von gesch\u00e4ftlichen Kontaktdaten verarbeitet werden, ist Art. 6 Abs. 1 lit. f DSGVO f\u00fcr Angeh\u00f6rige und Besch\u00e4ftigte von Unternehmen oder Organisationen. Unser berechtigtes Interesse besteht an einer, der Kundenbeziehung angemessenen und effektiven Kommunikation zu den angegebenen Zwecken.<\/p>\n<p>Basiert die Kontaktaufnahme auf vorvertraglichen Ma\u00dfnahmen oder ist f\u00fcr die Erf\u00fcllung eines Vertrages mit der betroffenen Person (z.B. Einzelunternehmen) erforderlich, ist Art. 6 Abs. 1 lit. b DSGVO die Rechtsgrundlage. ist.<\/p>\n<p>Der Versand von Informationen, die i.d.R. als Direktwerbung klassifiziert sind, erfolgt auf Basis der Art. 6 Abs. 1 lit. f i.v.m. Erw\u00e4gungsgrund 47 DSGVO.<\/p>\n<p>Bei Vorliegen einer Einwilligung der betroffenen Person Art. ist 6 Abs. 1 lit. a DSGVO die Rechtsgrundlage f\u00fcr die Verarbeitung.<\/p>\n\n\n\n<div style=\"height:20px\" aria-hidden=\"true\" class=\"wp-block-spacer\"><\/div>\n\n\n\n<p><b>Zweck der Datenverarbeitung<\/b><\/p>\n\n\n\n<p>Verwaltung und Bereitstellung der Kontaktm\u00f6glichkeit zu Personen, Unternehmen, Besch\u00e4ftigten von Unternehmen oder \u00f6ffentlichen Stellen. Die Verarbeitung der gesch\u00e4ftlichen Kontaktdaten kann hierbei einem oder mehreren der nachfolgenden Zwecke dienen.<\/p>\n\n\n\n<p>Sofern als Rechtsgrundlage Art. 6 Abs. 1 lit. f Anwendung findet, liegt in diesen Zwecken auch das erforderliche berechtigte Interesse an der Verarbeitung der Daten.<\/p>\n\n\n\n<ul class=\"wp-block-list\">\n<li>Kontaktpflege<\/li>\n\n\n\n<li>Informationsaustausch<\/li>\n\n\n\n<li>Kooperation \/ gesch\u00e4ftliche Zusammenarbeit<\/li>\n\n\n\n<li>Potenzielle zuk\u00fcnftige Kooperation \/ gesch\u00e4ftliche Zusammenarbeit<\/li>\n\n\n\n<li>Angebotserstellung und Vertragsabwicklung<\/li>\n\n\n\n<li>Rechnungslegung<\/li>\n<\/ul>\n\n\n\n<ul class=\"wp-block-list\">\n<li>Projektabwicklung<\/li>\n\n\n\n<li>\u00dcbersendung von Informationsmaterial (Versand von Schreiben per Post, \u00dcbermittlung von EUTOP-News per E-Mail<\/li>\n\n\n\n<li>Zusendung von Geburtstagsgr\u00fc\u00dfen per Post, E-Mail oder SMS<\/li>\n<\/ul>\n\n\n\n<div style=\"height:20px\" aria-hidden=\"true\" class=\"wp-block-spacer\"><\/div>\n\n\n\n<p><b>Dauer der Speicherung\u00a0<\/b><br>Nach Ablauf von vier Jahren zum Ende des jeweiligen Kalenderjahres wird gepr\u00fcft, ob eine weitere Speicherung der personenbezogenen Daten in der Kontaktverwaltung erforderlich ist. Sollte eine Erforderlichkeit nicht bestehen, werden die Daten gel\u00f6scht. Die \u00dcberpr\u00fcfung wird in Abh\u00e4ngigkeit vom jeweiligen Zweck durchgef\u00fchrt.<\/p>\n\n\n\n<p>Sofern Sie Widerspruch gegen die weitere Verarbeitung Ihrer Kontaktdaten einlegen, werden die Daten sofort gel\u00f6scht.<\/p>\n\n\n\n<p>Eine L\u00f6schung nach vier Jahren bzw. Widerspruch unterbleibt, wenn der L\u00f6schung gesetzliche Gr\u00fcnde (Aufbewahrungsfristen, Nachweisbarkeit) entgegenstehen. Diese Daten werden f\u00fcr die weitere Verarbeitung gesperrt.<\/p>\n\n\n\n<div style=\"height:20px\" aria-hidden=\"true\" class=\"wp-block-spacer\"><\/div>\n\n\n\n<p><b>Widerspruchs- und Beseitigungsm\u00f6glichkeit<\/b><br>Sie haben die M\u00f6glichkeit, der Verarbeitung und Speicherung ihrer personenbezogenen gesch\u00e4ftlichen Kontaktdaten zu widersprechen.<\/p>\n\n\n\n<p>Insbesondere haben Sie ein Widerspruchsrecht gegen die Verarbeitung ihrer Daten zum Zwecke der Direktwerbung. Der Widerspruch ist \u00fcber diesen Link oder per Post, Telefax oder E-Mail m\u00f6glich.<\/p>\n\n\n\n<p>Sofern Sie eine Einwilligung zur Verarbeitung der personenbezogenen gesch\u00e4ftlichen Kontaktdaten erteilt haben, haben Sie die M\u00f6glichkeit, ihre Einwilligung zur Verarbeitung zu widerrufen.<\/p>\n\n\n\n<p>In beiden F\u00e4llen werden alle personenbezogenen Daten, die im Zuge der Kontaktverwaltung gespeichert wurden, gel\u00f6scht, sofern nicht gesetzliche Gr\u00fcnde (Aufbewahrungsfristen, Nachweisbarkeit) entgegenstehen. In letzterem Fall erfolgt eine Sperrung der Daten.<\/p>\n\n\n\n<p>Im Falle der L\u00f6schung oder Sperrung kann eine Verarbeitung f\u00fcr die angegebenen Zwecke nicht fortgef\u00fchrt werden bzw. eine zuk\u00fcnftige Kontaktaufnahme nicht erfolgen.<\/p>\n\n\t<\/div>\n\n<\/div>\n\n<\/div>\n\n<\/div>","protected":false},"excerpt":{"rendered":"","protected":false},"author":1,"featured_media":0,"parent":3,"menu_order":0,"comment_status":"closed","ping_status":"closed","template":"standard-back.php","meta":{"footnotes":""},"class_list":["post-387","page","type-page","status-publish","hentry"],"_links":{"self":[{"href":"https:\/\/www.eutop.com\/de\/wp-json\/wp\/v2\/pages\/387","targetHints":{"allow":["GET"]}}],"collection":[{"href":"https:\/\/www.eutop.com\/de\/wp-json\/wp\/v2\/pages"}],"about":[{"href":"https:\/\/www.eutop.com\/de\/wp-json\/wp\/v2\/types\/page"}],"author":[{"embeddable":true,"href":"https:\/\/www.eutop.com\/de\/wp-json\/wp\/v2\/users\/1"}],"replies":[{"embeddable":true,"href":"https:\/\/www.eutop.com\/de\/wp-json\/wp\/v2\/comments?post=387"}],"version-history":[{"count":13,"href":"https:\/\/www.eutop.com\/de\/wp-json\/wp\/v2\/pages\/387\/revisions"}],"predecessor-version":[{"id":1420,"href":"https:\/\/www.eutop.com\/de\/wp-json\/wp\/v2\/pages\/387\/revisions\/1420"}],"up":[{"embeddable":true,"href":"https:\/\/www.eutop.com\/de\/wp-json\/wp\/v2\/pages\/3"}],"wp:attachment":[{"href":"https:\/\/www.eutop.com\/de\/wp-json\/wp\/v2\/media?parent=387"}],"curies":[{"name":"wp","href":"https:\/\/api.w.org\/{rel}","templated":true}]}}