{"id":392,"date":"2023-09-15T16:36:16","date_gmt":"2023-09-15T14:36:16","guid":{"rendered":"https:\/\/www.eutop.com\/?page_id=392"},"modified":"2024-12-17T17:55:39","modified_gmt":"2024-12-17T16:55:39","slug":"cookies","status":"publish","type":"page","link":"https:\/\/www.eutop.com\/de\/datenschutzerklaerung\/cookies\/","title":{"rendered":"Cookies"},"content":{"rendered":"<div class=\"wp-bootstrap-blocks-container container-fluid mb-0 wave\">\n\t\n<div class=\"wp-bootstrap-blocks-container container mb-2 stars\">\n\t\n\n<h2 class=\"wp-block-heading\">Datenschutzhinweise f\u00fcr den Einsatz von Cookies<\/h2>\n\n\n<div class=\"wp-bootstrap-blocks-row row g-0\">\n\t\n\n<div class=\"col-12 col-md-9\">\n\t\t\t\n\n<p>Um den Besuch unserer Website attraktiv zu gestalten und die Nutzung bestimmter Funktionen zu erm\u00f6glichen, verwenden wir auf unserer Website Cookies. Cookies sind kleine Textdateien, die Ihr Browser auf Anweisung unserer Website in Ihrem Endger\u00e4t speichert. Cookies richten auf Ihrem Rechner keinen Schaden an und enthalten keine Viren.<\/p>\n\n\n\n<div style=\"height:20px\" aria-hidden=\"true\" class=\"wp-block-spacer\"><\/div>\n\n\n\n<p><b>Beschreibung und Umfang der Datenverarbeitung<\/b><br>Wir nutzen einerseits tempor\u00e4re Cookies, die mit dem Schlie\u00dfen Ihres Browsers automatisch gel\u00f6scht werden und andererseits sogenannte \u201epersistente\u201c (dauerhafte) Cookies, deren Verfallszeit f\u00fcr Ihre Bequemlichkeit auf ein Datum in der Zukunft eingestellt ist. Cookies k\u00f6nnen dabei von uns oder auch von Drittanbietern bereitgestellt werden.<\/p>\n\n\n\n<p>Die auf diese Weise erhobenen Daten der Nutzer sind pseudonymisiert. Daher ist eine direkte Zuordnung der Daten zum aufrufenden Nutzer nicht m\u00f6glich. Die Daten werden nicht gemeinsam mit sonstigen personenbezogenen Daten der Nutzer gespeichert.<\/p>\n\n\n\n<p>Wichtig ist der Unterschied zwischen essenziellen Cookies, die zum Betrieb der Website unbedingt erforderlich sind, und einwilligungspflichtigen Cookies, z.B. f\u00fcr , Statistik und Marketing.<\/p>\n\n\n\n<p>Wir verwenden auf unserer Website zurzeit technisch notwendige, Pr\u00e4ferenz- und Statistikcookies:<\/p>\n\n\n\n<p>Technisch notwendige Cookies erm\u00f6glichen Grundfunktionen wie Seitennavigation, Zugriff auf sichere Bereiche der Website und die notwendige Speicherung des Einwilligungsstatus f\u00fcr die Nutzung einwilligungspflichtiger Cookies. Hier ist keine Zustimmung von Seiten des Besuchers notwendig. Die Website kann ohne diese Cookies nicht wie vorgesehen funktionieren.<\/p>\n\n\n\n<p>Wir verwenden auf unserer Website folgende technische Cookies: <br><b><br><\/b>Name: eto-info \/ Anbieter: www.eutop.com \/ Zweck: Bereitstellen Website Inhalt \/ Ablauf: Session \/ Daten gesendet nach: Deutschland<\/p>\n\n\n\n<p>Name: eto-cookie \/ Anbieter: www.eutop.com \/ Zweck: Speichern der Cookie Einstellungen \/ Ab-lauf: 12 Monate \/ Daten gesendet nach: Deutschland<\/p>\n\n\n\n<p>Name: eto-track-cookie \/ Anbieter: www.eutop.com \/ Zweck: Speichern der Tracking Einstellungen \/ Ablauf: 12 Monate \/ Daten gesendet nach: Deutschland<\/p>\n\n\n\n<p>Wir verwenden auf unserer Website ein Cookie, um Inhalte und Anzeigen hinsichtlich der Sprache zu personalisieren:<\/p>\n\n\n\n<p>Name: eutoplang \/ Anbieter: www.eutop.com.de \/ Zweck: speichern die L\u00e4nderauswahl \/ Ablauf: 13 Monate\/ Daten gesendet nach: Deutschland<\/p>\n\n\n\n<p>Wir verwenden derzeitig zwei Cookies f\u00fcr Statistikfunktionen:<\/p>\n\n\n\n<p>Name: _pk_id.1.21c6 \/ Anbieter: www.eutop.com \/ Zweck: Matomo Statistiken \/ Ablauf: 13 Monate \/ Daten gesendet nach: Deutschland<\/p>\n\n\n\n<p>Name: _pk_ses.1.21c6 \/ Anbieter: www.eutop.com \/ Zweck: Matomo Statistiken \/ Ablauf: Session \/ Daten gesendet nach: Deutschland<b><br><\/b><\/p>\n\n\n\n<div style=\"height:20px\" aria-hidden=\"true\" class=\"wp-block-spacer\"><\/div>\n\n\n\n<p><b>Rechtsgrundlage f\u00fcr die Datenverarbeitung <\/b><\/p>\n\n\n\n<p>Die Rechtsgrundlage f\u00fcr die Verarbeitung personenbezogener Daten unter Verwendung technisch notweniger sowie Pr\u00e4ferenzcookies ist Art. 6 Abs. 1 lit. f (berechtigtes Interesse) oder Art. 6 Abs. 1 lit. c (Einhaltung gesetzlicher Verpflichtungen) i.v.m. \u00a7 25 Abs. 2 Satz 2 TDDDG.<br><br>Die Rechtsgrundlage zum Einsatz von Statistik Cookies ist Art. 6 Abs. 1 lit. a i.v.m. \u00a7 <\/p>\n\n\n\n<p>25 Abs. 1 TDDDG (Einwilligung).<\/p>\n\n\n\n<div style=\"height:20px\" aria-hidden=\"true\" class=\"wp-block-spacer\"><\/div>\n\n\n\n<p><b>Zweck der Datenverarbeitung<\/b><\/p>\n\n\n\n<p>Der Zweck der Verwendung technisch notwendiger Cookies ist, die Nutzung von Websites f\u00fcr die Nutzer durch Bereitstellen bestimmter Funktionen zu erm\u00f6glichen. So ist es z. B. erforderlich, dass der Browser auch nach einem Seitenwechsel wiedererkannt wird und der Zustimmungsverwaltungsdienst die vom Besucher vorgenommenen Einstellungen hinsichtlich der Einwilligung zur Nutzung von Statistik-Cookies beibeh\u00e4lt.<\/p>\n\n\n\n<p>Die Verwendung des Pr\u00e4ferenzcookies erfolgt zu dem Zweck, Ihnen personalisierte Inhalte (L\u00e4nderauswahl) anzuzeigen.<\/p>\n\n\n\n<p>In vorgenannten Zwecken liegt auch unser berechtigtes Interesse in der Verarbeitung.<\/p>\n\n\n\n<p>Die Verwendung von Cookies f\u00fcr statistische Zwecke dient uns dazu, zu analysieren, wie unsere Website genutzt wird, um dadurch unser Angebot stetig zu optimieren.<\/p>\n\n\n\n<div style=\"height:20px\" aria-hidden=\"true\" class=\"wp-block-spacer\"><\/div>\n\n\n\n<p><b>Dauer der Speicherung<\/b><\/p>\n\n\n\n<p>Cookies werden auf dem Rechner des Nutzers gespeichert und von diesem an unsere Seite \u00fcbermittelt. \u201eSession-Cookies\u201c werden nach Ende Ihres Besuchs automatisch gel\u00f6scht. Andere Cookies bleiben auf Ihrem Endger\u00e4t gespeichert, bis die festgelegte Speicherzeit, die unterschiedlich sein kann, abgelaufen ist (siehe 7.1) oder Sie diese l\u00f6schen.<\/p>\n\n\n\n<div style=\"height:20px\" aria-hidden=\"true\" class=\"wp-block-spacer\"><\/div>\n\n\n\n<p><b>Widerspruchs- und Beseitigungsm\u00f6glichkeit<\/b><\/p>\n\n\n\n<p>Sie haben als Nutzer die volle Kontrolle \u00fcber die Verwendung von Cookies.<\/p>\n\n\n\n<p>Ihre Einwilligung f\u00fcr den Einsatz von Statistik Cookies k\u00f6nnen Sie \u00fcber die in unsere Website integrierte Anwendung, jederzeit widerrufen.<\/p>\n\n\n\n<p><a class=\"button\" href=\"\/de\/datenschutzerklaerung\/cookies\/?cookie=1\"> Einwilligungsstatus \u00e4ndern<\/a><\/p>\n\n\n\n<p><strong>Globale Cookie Einstellungen<\/strong><\/p>\n\n\n\n<p>Durch eine \u00c4nderung der Einstellungen in Ihrem Internetbrowser k\u00f6nnen Sie die \u00dcbertragung von Cookies deaktivieren oder einschr\u00e4nken. Bereits gespeicherte Cookies k\u00f6nnen dadurch jederzeit gel\u00f6scht werden.<\/p>\n\n\n\n<p>\u00dcber die nachfolgenden Links k\u00f6nnen Sie Cookie-Einstellungen in den Browsern kontrollieren und entsprechend Ihren Pr\u00e4ferenzen anpassen:<\/p>\n\n\n\n<ul class=\"wp-block-list\">\n<li><a href=\"https:\/\/support.mozilla.org\/en-US\/kb\/enable-and-disable-cookies-website-preferences#os=win7&amp;browser=fx17\" target=\"_blank\" rel=\"noopener\">Firefox<\/a><\/li>\n\n\n\n<li><a href=\"https:\/\/support.apple.com\/en-gb\/guide\/safari\/manage-cookies-and-website-data-sfri11471\/mac\" target=\"_blank\" rel=\"noopener\">Safari (Apple)<\/a><\/li>\n\n\n\n<li><a href=\"https:\/\/support.google.com\/chrome\/answer\/95647?hl=en-GB\" target=\"_blank\" rel=\"noopener\">Google Chrome<\/a><\/li>\n\n\n\n<li><a href=\"http:\/\/help.opera.com\/Windows\/10.20\/en\/cookies.html\" target=\"_blank\" rel=\"noopener\">Opera<\/a><br><\/li>\n<\/ul>\n\n\n\n<p>Werden Cookies f\u00fcr unsere Website deaktiviert, k\u00f6nnen m\u00f6glicherweise nicht mehr alle Funktionen der Website vollumf\u00e4nglich genutzt werden.<\/p>\n\n\t<\/div>\n\n<\/div>\n\n<\/div>\n\n<\/div>\n\n\n\n<p><\/p>","protected":false},"excerpt":{"rendered":"","protected":false},"author":1,"featured_media":0,"parent":3,"menu_order":0,"comment_status":"closed","ping_status":"closed","template":"standard-back.php","meta":{"footnotes":""},"class_list":["post-392","page","type-page","status-publish","hentry"],"_links":{"self":[{"href":"https:\/\/www.eutop.com\/de\/wp-json\/wp\/v2\/pages\/392","targetHints":{"allow":["GET"]}}],"collection":[{"href":"https:\/\/www.eutop.com\/de\/wp-json\/wp\/v2\/pages"}],"about":[{"href":"https:\/\/www.eutop.com\/de\/wp-json\/wp\/v2\/types\/page"}],"author":[{"embeddable":true,"href":"https:\/\/www.eutop.com\/de\/wp-json\/wp\/v2\/users\/1"}],"replies":[{"embeddable":true,"href":"https:\/\/www.eutop.com\/de\/wp-json\/wp\/v2\/comments?post=392"}],"version-history":[{"count":12,"href":"https:\/\/www.eutop.com\/de\/wp-json\/wp\/v2\/pages\/392\/revisions"}],"predecessor-version":[{"id":1421,"href":"https:\/\/www.eutop.com\/de\/wp-json\/wp\/v2\/pages\/392\/revisions\/1421"}],"up":[{"embeddable":true,"href":"https:\/\/www.eutop.com\/de\/wp-json\/wp\/v2\/pages\/3"}],"wp:attachment":[{"href":"https:\/\/www.eutop.com\/de\/wp-json\/wp\/v2\/media?parent=392"}],"curies":[{"name":"wp","href":"https:\/\/api.w.org\/{rel}","templated":true}]}}