{"id":394,"date":"2023-09-15T16:38:17","date_gmt":"2023-09-15T14:38:17","guid":{"rendered":"https:\/\/www.eutop.com\/?page_id=394"},"modified":"2024-12-17T17:56:08","modified_gmt":"2024-12-17T16:56:08","slug":"kontaktformular","status":"publish","type":"page","link":"https:\/\/www.eutop.com\/de\/datenschutzerklaerung\/kontaktformular\/","title":{"rendered":"Kontaktformular"},"content":{"rendered":"<div class=\"wp-bootstrap-blocks-container container-fluid mb-0 wave\">\n\t\n<div class=\"wp-bootstrap-blocks-container container mb-2 stars\">\n\t\n\n<h2 class=\"wp-block-heading\">Datenschutzhinweise zuR KontaktAUFNAHME PER KONTAKTFORMULAR, E-Mail UND TELEFON<\/h2>\n\n\n<div class=\"wp-bootstrap-blocks-row row g-0\">\n\t\n\n<div class=\"col-12 col-md-9\">\n\t\t\t\n\n<p><b>Beschreibung und Umfang der Datenverarbeitung<\/b><br><strong><br>Kommunikation per Kontaktformular<\/strong><br>Auf unserer Internetseite ist ein Kontaktformular vorhanden, das f\u00fcr die elektronische Kontaktaufnahme genutzt werden kann. Nimmt ein Nutzer diese M\u00f6glichkeit wahr, so werden die in der Eingabemaske eingegeben Daten an uns \u00fcbermittelt und gespeichert.<\/p>\n\n\n\n<p>Pflichtfelder sind:<\/p>\n\n\n\n<ul class=\"wp-block-list\">\n<li>Vor- und Nachname<\/li>\n\n\n\n<li>E-Mail-Adresse<\/li>\n<\/ul>\n\n\n\n<p>Optional k\u00f6nnen eingegeben werden:<\/p>\n\n\n\n<ul class=\"wp-block-list\">\n<li>Inhalt der Nachricht<\/li>\n\n\n\n<li>Adresse<\/li>\n\n\n\n<li>Telefonnummer<\/li>\n\n\n\n<li>Faxnummer<\/li>\n\n\n\n<li>Firma<\/li>\n<\/ul>\n\n\n\n<p><strong>Kommunikation per E-Mail<\/strong><br>Alternativ ist eine Kontaktaufnahme \u00fcber die bereitgestellte E-Mail-Adresse m\u00f6glich. In diesem Fall werden die mit der E-Mail \u00fcbermittelten personenbezogenen Daten des Nutzers gespeichert.<\/p>\n\n\n\n<ul class=\"wp-block-list\">\n<li>E-Mail-Adresse(n)<\/li>\n\n\n\n<li>Inhalt der Nachricht<\/li>\n\n\n\n<li>ggf. Signatur mit\n<ul class=\"wp-block-list\">\n<li>Vor- und Nachname<\/li>\n\n\n\n<li>Adresse<\/li>\n\n\n\n<li>Telefonnummer<\/li>\n\n\n\n<li>Firma<\/li>\n<\/ul>\n<\/li>\n\n\n\n<li>Anhang<\/li>\n<\/ul>\n\n\n\n<p>Im Zeitpunkt des Absendens bzw. des Empfangs der Nachricht werden zudem folgende Daten in einem Logfile gespeichert:<\/p>\n\n\n\n<ul class=\"wp-block-list\">\n<li>Datum und Uhrzeit des Mailversands<\/li>\n\n\n\n<li>\u00fcbertragene Datenmenge<\/li>\n\n\n\n<li>E-Mail-System des Nutzers<\/li>\n\n\n\n<li>St\u00e4rke der Transportverschl\u00fcsselung<\/li>\n\n\n\n<li>SPAM-Filter-Analyse (ggf. auch des absendenden Systems)<\/li>\n\n\n\n<li>Message-ID des absendenden Systems<\/li>\n\n\n\n<li>Antwort-E-Mail-Adresse<\/li>\n<\/ul>\n\n\n\n<p><strong>Bitte beachten Sie:<\/strong> Kommunikation \u00fcber E-Mail kann trotz Transportverschl\u00fcsselung Sicherheitsl\u00fccken aufweisen. Beispielsweise k\u00f6nnten E-Mails auf ihrem Weg durch das Internet von nicht dazu berechtigten Personen aufgehalten und eingesehen werden. Sollten wir eine E-Mail von Ihnen erhalten, so gehen wir davon aus, dass wir zu einer Beantwortung per E-Mail berechtigt sind. Ansonsten m\u00fcssen wir Sie ausdr\u00fccklich auf eine andere Art der Kommunikation verweisen.<\/p>\n\n\n\n<p><strong>Kontaktaufnahme per Telefon<\/strong><br>Auf unserer Website sind Rufnummern angegeben, die f\u00fcr die telefonische Kontaktaufnahme mit uns genutzt werden k\u00f6nnen. In Abh\u00e4ngigkeit von der Art der Anfrage, werden ausgetauschte Informationen in unsere Kontaktdatenbank \u00fcbernommen.<\/p>\n\n\n\n<p>\u2022 Vor- und Nachname Gespr\u00e4chspartner<br>\u2022 Firma<br>\u2022 E-Mail-Adresse<br>\u2022 Telefonnummer<br>\u2022 Inhalt der Anfrage<br>\u2022 Zeitpunkt des Gespr\u00e4chs<br>\u2022 ggf. noch weitere Informationen<\/p>\n\n\n\n<p>Bei allen Formen der Kontaktaufnahme erfolgt keine Weitergabe der Daten an Dritte. Ihre Daten werden ausschlie\u00dflich f\u00fcr die Bearbeitung Ihrer Anfrage verwendet.<\/p>\n\n\n\n<div style=\"height:20px\" aria-hidden=\"true\" class=\"wp-block-spacer\"><\/div>\n\n\n\n<p><b>Rechtsgrundlage f\u00fcr die Datenverarbeitung <\/b><br>Rechtsgrundlage f\u00fcr die Verarbeitung der Daten, die im Zuge einer Kontaktaufnahme \u00fcber das Kontaktformular bzw. der \u00dcbersendung einer E-Mail \u00fcbermittelt werden, ist Art. 6 Abs. 1 lit. f DSGVO.<\/p>\n\n\n\n<p>Zielt die Kontaktaufnahme auf den Abschluss eines Vertrages mit der betroffenen Person ab, so ist Art. 6 Abs. 1 lit. b DSGVO die Rechtsgrundlage f\u00fcr die Verarbeitung.<\/p>\n\n\n\n<div style=\"height:20px\" aria-hidden=\"true\" class=\"wp-block-spacer\"><\/div>\n\n\n\n<p><b>Zweck der Datenverarbeitung<\/b><br>Die Verarbeitung der \u00fcbermittelten personenbezogenen Daten dient uns allein zur Bearbeitung der Anfrage. Hierin liegt auch das erforderliche berechtigte Interesse an der Verarbeitung der Daten.<\/p>\n\n\n\n<p>Die sonstigen w\u00e4hrend des Absendevorgangs (KObntaktformular, E-Mail) verarbeiteten personenbezogenen Daten dienen dazu, einen Missbrauch des Kontaktformulars zu verhindern und die Sicherheit unserer informationstechnischen Systeme sicherzustellen.<\/p>\n\n\n\n<div style=\"height:20px\" aria-hidden=\"true\" class=\"wp-block-spacer\"><\/div>\n\n\n\n<p><b>Dauer der Speicherung<\/b><br>Die in das Kontaktformular eingegebenen Daten werden in Abh\u00e4ngigkeit vom Zweck gel\u00f6scht, sobald sie f\u00fcr die Erreichung des Zweckes ihrer Erhebung nicht mehr erforderlich sind, d. h. wenn die jeweilige Konversation mit dem Nutzer beendet ist und der L\u00f6schung nicht eine potenziell m\u00f6gliche erneute Kontaktaufnahme oder gesetzliche Gr\u00fcnde (Aufbewahrungsfristen, Nachweisbarkeit) entgegenstehen.<\/p>\n\n\n\n<div style=\"height:20px\" aria-hidden=\"true\" class=\"wp-block-spacer\"><\/div>\n\n\n\n<p><b>8.5 Widerspruchs- und Beseitigungsm\u00f6glichkeit<\/b><br>Der Nutzer hat jederzeit die M\u00f6glichkeit, der Verarbeitung und Speicherung seiner personenbezogenen Daten zu widersprechen. Alle personenbezogenen Daten, die im Zuge der Kontaktaufnahme gespeichert wurden, werden in diesem Fall gel\u00f6scht, sofern nicht gesetzliche Gr\u00fcnde (Aufbewahrungsfristen, Nachweisbarkeit) entgegenstehen.<\/p>\n\n\n\n<p>Im Falle der L\u00f6schung kann die Konversation nicht fortgef\u00fchrt werden.<\/p>\n\n\t<\/div>\n\n<\/div>\n\n<\/div>\n\n<\/div>","protected":false},"excerpt":{"rendered":"","protected":false},"author":1,"featured_media":0,"parent":3,"menu_order":0,"comment_status":"closed","ping_status":"closed","template":"standard-back.php","meta":{"footnotes":""},"class_list":["post-394","page","type-page","status-publish","hentry"],"_links":{"self":[{"href":"https:\/\/www.eutop.com\/de\/wp-json\/wp\/v2\/pages\/394","targetHints":{"allow":["GET"]}}],"collection":[{"href":"https:\/\/www.eutop.com\/de\/wp-json\/wp\/v2\/pages"}],"about":[{"href":"https:\/\/www.eutop.com\/de\/wp-json\/wp\/v2\/types\/page"}],"author":[{"embeddable":true,"href":"https:\/\/www.eutop.com\/de\/wp-json\/wp\/v2\/users\/1"}],"replies":[{"embeddable":true,"href":"https:\/\/www.eutop.com\/de\/wp-json\/wp\/v2\/comments?post=394"}],"version-history":[{"count":6,"href":"https:\/\/www.eutop.com\/de\/wp-json\/wp\/v2\/pages\/394\/revisions"}],"predecessor-version":[{"id":1422,"href":"https:\/\/www.eutop.com\/de\/wp-json\/wp\/v2\/pages\/394\/revisions\/1422"}],"up":[{"embeddable":true,"href":"https:\/\/www.eutop.com\/de\/wp-json\/wp\/v2\/pages\/3"}],"wp:attachment":[{"href":"https:\/\/www.eutop.com\/de\/wp-json\/wp\/v2\/media?parent=394"}],"curies":[{"name":"wp","href":"https:\/\/api.w.org\/{rel}","templated":true}]}}