{"id":396,"date":"2023-09-15T16:40:04","date_gmt":"2023-09-15T14:40:04","guid":{"rendered":"https:\/\/www.eutop.com\/?page_id=396"},"modified":"2024-12-18T09:33:13","modified_gmt":"2024-12-18T08:33:13","slug":"logfiles","status":"publish","type":"page","link":"https:\/\/www.eutop.com\/de\/datenschutzerklaerung\/logfiles\/","title":{"rendered":"Logfiles"},"content":{"rendered":"<div class=\"wp-bootstrap-blocks-container container-fluid mb-0 wave\">\n\t\n<div class=\"wp-bootstrap-blocks-container container mb-2 stars\">\n\t\n\n<h2 class=\"wp-block-heading\">Datenschutzhinweise zur Bereitstellung der Website und Erstellung von Logfiles<\/h2>\n\n\n<div class=\"wp-bootstrap-blocks-row row g-0\">\n\t\n\n<div class=\"col-12 col-md-9\">\n\t\t\t\n\n<p><b>Beschreibung und Umfang der Datenverarbeitung<\/b><br>Beim Besuch unserer Website werden Daten vom Webserver f\u00fcr die \u00dcbertragung von Daten erhoben (Informationen vom Computersystem des aufrufenden Rechners) und zum Teil in Protokolldateien (Log-Files) auf dem Webserver gespeichert, die z. B. Auskunft \u00fcber das genutzte Endger\u00e4t, den verwendeten Browser, Zeitpunkt des Zugriffs, den sog. Referrer und \u00fcbertragene Datenmengen geben.<\/p>\n\n\n\n<p>Folgende Daten werden hierbei erhoben:<\/p>\n\n\n\n<ul class=\"wp-block-list\">\n<li>IP-Adresse des anfragenden Rechners<\/li>\n\n\n\n<li>Datum und Uhrzeit der Anfrage<\/li>\n\n\n\n<li>Name und URL der abgerufenen Datei<\/li>\n\n\n\n<li>Zugriffsstatus \/ http-Statuscode<\/li>\n\n\n\n<li>\u00fcbertragene Datenmenge<\/li>\n\n\n\n<li>Website, von der aus die Anforderung erfolgt (Referrer-URL)<\/li>\n\n\n\n<li>verwendeter Browser, Sprache und Version der Browsersoftware, das Betriebssystem und dessen Oberfl\u00e4che<\/li>\n\n\n\n<li>Name Ihres Access-Providers<\/li>\n<\/ul>\n\n\n\n<p>Die Daten werden in den Server-Logfiles unseres Systems gespeichert. Eine Speicherung dieser Daten zusammen mit anderen personenbezogenen Daten des Nutzers findet nicht statt.<\/p>\n\n\n\n<p>Datenabruf \/ Download <br>Bei jedem Abruf einer Datei (Download) werden Daten \u00fcber diesen Vorgang in einer Protokolldatei gespeichert.<\/p>\n\n\n\n<p>Im Einzelnen wird \u00fcber jeden Abruf zus\u00e4tzlich folgender Datensatz gespeichert:<\/p>\n\n\n\n<ul class=\"wp-block-list\">\n<li>Name der abgerufenen Datei<\/li>\n\n\n\n<li>Meldung, ob der Abruf erfolgreich war<\/li>\n<\/ul>\n\n\n\n<div style=\"height:10px\" aria-hidden=\"true\" class=\"wp-block-spacer\"><\/div>\n\n\n\n<p><b><br>Rechtsgrundlage f\u00fcr die Datenverarbeitung<\/b><br>Rechtsgrundlage f\u00fcr die vor\u00fcbergehende Speicherung der Daten und der Logfiles ist Art. 6 Abs.1 lit. f DSGVO.<\/p>\n\n\n\n<div style=\"height:20px\" aria-hidden=\"true\" class=\"wp-block-spacer\"><\/div>\n\n\n\n<p><b>Zweck der Datenverarbeitung<\/b><br>Die vor\u00fcbergehende Speicherung der IP-Adresse durch das System ist notwendig, um eine Auslieferung der Website an den Rechner des Nutzers zu erm\u00f6glichen. Hierf\u00fcr muss die IP-Adresse des Nutzers f\u00fcr die Dauer der Sitzung gespeichert bleiben.<\/p>\n\n\n\n<p>Die Speicherung in Logfiles erfolgt, um die Funktionsf\u00e4higkeit der Website sicherzustellen. Zudem dienen uns die Daten zur Optimierung der Website und um die Sicherheit unserer informationstechnischen Systeme zu gew\u00e4hrleisten. Eine Auswertung der Daten zu Marketingzwecken findet in diesem Zusammenhang nicht statt.<\/p>\n\n\n\n<p>Wir behalten uns vor, Server-Logfiles nachtr\u00e4glich zu \u00fcberpr\u00fcfen, sollten konkrete Anhaltspunkte auf eine rechtswidrige Nutzung unserer Website hinweisen.<\/p>\n\n\n\n<p>In vorgenannten Zwecken liegt unser berechtigtes Interesse an der Datenverarbeitung nach Art. 6 Abs. 1 lit. f DSGVO.<\/p>\n\n\n\n<div style=\"height:20px\" aria-hidden=\"true\" class=\"wp-block-spacer\"><\/div>\n\n\n\n<p><b>Dauer der Speicherung<\/b><br>Die Daten werden gel\u00f6scht, sobald sie f\u00fcr die Erreichung des Zweckes ihrer Erhebung nicht mehr erforderlich sind. Im Falle der Erfassung der Daten zur Bereitstellung der Website ist dies der Fall, wenn die jeweilige Sitzung beendet ist.<\/p>\n\n\n\n<p>Im Falle der Speicherung der Daten in Logfiles ist dies nach sp\u00e4testens 3 Monaten der Fall. Eine dar\u00fcberhinausgehende Speicherung ist m\u00f6glich. In diesem Fall werden die IP-Adressen der Nutzer gel\u00f6scht oder verfremdet, sodass eine Zuordnung des aufrufenden Clients nicht mehr m\u00f6glich ist.<\/p>\n\n\n\n<div style=\"height:20px\" aria-hidden=\"true\" class=\"wp-block-spacer\"><\/div>\n\n\n\n<p><b>Widerspruchs- und Beseitigungsm\u00f6glichkeit<\/b><br>Die Erfassung der Daten zur Bereitstellung der Website und die Speicherung der Daten in Logfiles ist f\u00fcr den Betrieb der Internetseite zwingend erforderlich. Es besteht folglich seitens des Nutzers keine Widerspruchsm\u00f6glichkeit.<\/p>\n\n\t<\/div>\n\n<\/div>\n\n<\/div>\n\n<\/div>","protected":false},"excerpt":{"rendered":"","protected":false},"author":1,"featured_media":0,"parent":3,"menu_order":0,"comment_status":"closed","ping_status":"closed","template":"standard-back.php","meta":{"footnotes":""},"class_list":["post-396","page","type-page","status-publish","hentry"],"_links":{"self":[{"href":"https:\/\/www.eutop.com\/de\/wp-json\/wp\/v2\/pages\/396","targetHints":{"allow":["GET"]}}],"collection":[{"href":"https:\/\/www.eutop.com\/de\/wp-json\/wp\/v2\/pages"}],"about":[{"href":"https:\/\/www.eutop.com\/de\/wp-json\/wp\/v2\/types\/page"}],"author":[{"embeddable":true,"href":"https:\/\/www.eutop.com\/de\/wp-json\/wp\/v2\/users\/1"}],"replies":[{"embeddable":true,"href":"https:\/\/www.eutop.com\/de\/wp-json\/wp\/v2\/comments?post=396"}],"version-history":[{"count":6,"href":"https:\/\/www.eutop.com\/de\/wp-json\/wp\/v2\/pages\/396\/revisions"}],"predecessor-version":[{"id":1427,"href":"https:\/\/www.eutop.com\/de\/wp-json\/wp\/v2\/pages\/396\/revisions\/1427"}],"up":[{"embeddable":true,"href":"https:\/\/www.eutop.com\/de\/wp-json\/wp\/v2\/pages\/3"}],"wp:attachment":[{"href":"https:\/\/www.eutop.com\/de\/wp-json\/wp\/v2\/media?parent=396"}],"curies":[{"name":"wp","href":"https:\/\/api.w.org\/{rel}","templated":true}]}}