{"id":398,"date":"2023-09-15T16:41:45","date_gmt":"2023-09-15T14:41:45","guid":{"rendered":"https:\/\/www.eutop.com\/?page_id=398"},"modified":"2024-12-17T17:57:03","modified_gmt":"2024-12-17T16:57:03","slug":"newsletter","status":"publish","type":"page","link":"https:\/\/www.eutop.com\/de\/datenschutzerklaerung\/newsletter\/","title":{"rendered":"Newsletter"},"content":{"rendered":"<div class=\"wp-bootstrap-blocks-container container-fluid mb-0 wave\">\n\t\n<div class=\"wp-bootstrap-blocks-container container mb-2 stars\">\n\t\n\n<h2 class=\"wp-block-heading\">Datenschutzhinweise zum Newsletter-Abonnement<\/h2>\n\n\n<div class=\"wp-bootstrap-blocks-row row g-0\">\n\t\n\n<div class=\"col-12 col-md-9\">\n\t\t\t\n\n<p><b>Beschreibung und Umfang der Datenverarbeitung<\/b><br>Wir versenden einen kostenfreien E-Mail Newsletter f\u00fcr den wir postalisch, per E-Mail-Abfrage oder mittels Double Opt In eine Einwilligung einholen. Bei der Best\u00e4tigung durch den Nutzer per Post, Telefax, E-Mail oder \u00fcber den Einwilligungslink werden folgende Daten an uns \u00fcbermittelt und verarbeitet.<\/p>\n\n\n\n<ul class=\"wp-block-list\">\n<li>E-Mail-Adresse<\/li>\n\n\n\n<li>ggf. Telefaxnummer<\/li>\n<\/ul>\n\n\n\n<p>Optional k\u00f6nnen angegeben werden:<\/p>\n\n\n\n<ul class=\"wp-block-list\">\n<li>Vor- und Nachname<\/li>\n\n\n\n<li>Adresse<\/li>\n\n\n\n<li>Firma<\/li>\n\n\n\n<li>Telefonnummer<\/li>\n<\/ul>\n\n\n\n<p>Bei Nutzung des Einwilligungslinks werden zum Zeitpunkt der Anmeldung zudem folgende Daten gespeichert:<\/p>\n\n\n\n<ul class=\"wp-block-list\">\n<li>Abonnenten-ID<\/li>\n\n\n\n<li>IP-Adresse des Nutzers<\/li>\n\n\n\n<li>Quelle der Registrierung<\/li>\n\n\n\n<li>Datum und Uhrzeit der Anmeldung<\/li>\n\n\n\n<li>Datum und Uhrzeit der Double Opt In Zustimmung<\/li>\n\n\n\n<li>Status der Anmeldung<\/li>\n<\/ul>\n\n\n\n<p>Zum Zeitpunkt der Abmeldung:<\/p>\n\n\n\n<ul class=\"wp-block-list\">\n<li>Datum der Abmeldung<\/li>\n<\/ul>\n\n\n\n<p>Es erfolgt im Zusammenhang mit der Datenverarbeitung f\u00fcr den Versand von Newslettern keine Weitergabe der Daten an Dritte. Die Daten werden ausschlie\u00dflich f\u00fcr den Versand des Newsletters verwendet.<\/p>\n\n\n\n<div style=\"height:20px\" aria-hidden=\"true\" class=\"wp-block-spacer\"><\/div>\n\n\n\n<p><b>Rechtsgrundlage f\u00fcr die Datenverarbeitung<\/b><br>Rechtsgrundlage f\u00fcr die Verarbeitung der Daten nach Best\u00e4tigung per Post, Telefax, E-Mail oder \u00fcber den Einwilligungslink ist Art. 6 Abs. 1 lit. a DSGVO (Einwilligung).<\/p>\n\n\n\n<p>Rechtsgrundlage f\u00fcr die Speicherung der zus\u00e4tzlichen Daten ist Art. 6 Abs. 1 lit. f DSGVO i. V. m. Art. 5 Abs. 2 DSGVO zur Nachweisbarkeit der gegebenen Einwilligung.<\/p>\n\n\n\n<div style=\"height:20px\" aria-hidden=\"true\" class=\"wp-block-spacer\"><\/div>\n\n\n\n<p><b>Zweck der Datenverarbeitung<\/b><br>Die Verarbeitung dient in erster Linie dazu, ihnen Informationen \u00fcber unseren Newsletter bereitzustellen. Sofern Sie Anrede und Name bereitstellen, nutzen wir diese um unsere Kommunikation zu personalisieren. Die weiteren, im Rahmen des Newsletter-Versands gespeicherten Daten dienen der Nachweisbarkeit der gegebenen Einwilligung sowie, einen Missbrauch der Dienste oder der verwendeten E-Mail-Adresse zu verhindern.<\/p>\n\n\n\n<div style=\"height:20px\" aria-hidden=\"true\" class=\"wp-block-spacer\"><\/div>\n\n\n\n<p><b>Dauer der Speicherung<\/b><br>Nach R\u00fcckzug der Einwilligung werden die Daten gel\u00f6scht, sofern sie nicht zu Nachweiszwecken aufbewahrt werden m\u00fcssen. E-Mail-Adressen werden aus Nachweisgr\u00fcnden in einer Blacklist als gesperrte Daten im System gespeichert.<\/p>\n\n\n\n<div style=\"height:20px\" aria-hidden=\"true\" class=\"wp-block-spacer\"><\/div>\n\n\n\n<p><b>Widerspruchs- und Beseitigungsm\u00f6glichkeit<\/b><br>Die Einwilligung in das Abonnement des Newsletters kann jederzeit gek\u00fcndigt werden. Insbesondere haben Sie ein Widerspruchsrecht gegen die Verarbeitung ihrer Daten zum Zwecke der Direktwerbung. Der Widerspruch ist per Post, Telefax oder E-Mail m\u00f6glich.<\/p>\n\n\t<\/div>\n\n<\/div>\n\n<\/div>\n\n<\/div>","protected":false},"excerpt":{"rendered":"","protected":false},"author":1,"featured_media":0,"parent":3,"menu_order":0,"comment_status":"closed","ping_status":"closed","template":"standard-back.php","meta":{"footnotes":""},"class_list":["post-398","page","type-page","status-publish","hentry"],"_links":{"self":[{"href":"https:\/\/www.eutop.com\/de\/wp-json\/wp\/v2\/pages\/398","targetHints":{"allow":["GET"]}}],"collection":[{"href":"https:\/\/www.eutop.com\/de\/wp-json\/wp\/v2\/pages"}],"about":[{"href":"https:\/\/www.eutop.com\/de\/wp-json\/wp\/v2\/types\/page"}],"author":[{"embeddable":true,"href":"https:\/\/www.eutop.com\/de\/wp-json\/wp\/v2\/users\/1"}],"replies":[{"embeddable":true,"href":"https:\/\/www.eutop.com\/de\/wp-json\/wp\/v2\/comments?post=398"}],"version-history":[{"count":5,"href":"https:\/\/www.eutop.com\/de\/wp-json\/wp\/v2\/pages\/398\/revisions"}],"predecessor-version":[{"id":1423,"href":"https:\/\/www.eutop.com\/de\/wp-json\/wp\/v2\/pages\/398\/revisions\/1423"}],"up":[{"embeddable":true,"href":"https:\/\/www.eutop.com\/de\/wp-json\/wp\/v2\/pages\/3"}],"wp:attachment":[{"href":"https:\/\/www.eutop.com\/de\/wp-json\/wp\/v2\/media?parent=398"}],"curies":[{"name":"wp","href":"https:\/\/api.w.org\/{rel}","templated":true}]}}