{"id":402,"date":"2023-09-15T16:47:42","date_gmt":"2023-09-15T14:47:42","guid":{"rendered":"https:\/\/www.eutop.com\/?page_id=402"},"modified":"2024-12-17T17:59:26","modified_gmt":"2024-12-17T16:59:26","slug":"statistik","status":"publish","type":"page","link":"https:\/\/www.eutop.com\/de\/datenschutzerklaerung\/statistik\/","title":{"rendered":"Statistik"},"content":{"rendered":"<div class=\"wp-bootstrap-blocks-container container-fluid mb-0 wave\">\n\t\n<div class=\"wp-bootstrap-blocks-container container mb-2 stars\">\n\t\n\n<h2 class=\"wp-block-heading\">Datenschutzhinweise zur Statistik<\/h2>\n\n\n<div class=\"wp-bootstrap-blocks-row row g-0\">\n\t\n\n<div class=\"col-12 col-md-9\">\n\t\t\t\n\n<p><strong>Statistische Analyse mit Matomo<\/strong><\/p>\n\n\n\n<p><strong>Umfang der Datenverarbeitung<\/strong><br>Wir nutzen auf dieser Website die Software \u201eMatomo\u201c (www.matomo.org), einen Dienst des Anbieters InnoCraft Ltd., 150 Willis St, 6011 Wellington, Neuseeland zur Analyse des Surfver-haltens unserer Nutzer. <br>Die Software l\u00e4uft ausschlie\u00dflich auf den Servern unserer Webseite. Eine Speicherung der Analysedaten findet nur dort statt. Eine Weitergabe der Daten an Dritte erfolgt nicht. <br>Die Software setzt zwei Cookies auf dem Rechner der Nutzer. Die IP-Adressen werden nicht vollst\u00e4ndig gespeichert werden, sondern 2 Bytes der IP-Adresse maskiert (Bsp.: 192.168.xxx.xxx). . Auf diese Weise ist eine Zuordnung der gek\u00fcrzten IP-Adresse zum aufru-fenden Rechner nicht mehr m\u00f6glich.<\/p>\n\n\n\n<p>Werden Einzelseiten unserer Website aufgerufen, so werden folgende Daten gespeichert:<\/p>\n\n\n\n<p>\u2022&nbsp;&nbsp;&nbsp; Zwei Bytes der IP-Adresse des aufrufenden Systems des Nutzers<\/p>\n\n\n\n<p>\u2022&nbsp;&nbsp;&nbsp; Die aufgerufene Webseite<\/p>\n\n\n\n<p>\u2022&nbsp;&nbsp;&nbsp; Die Website, von der der Nutzer auf die aufgerufene Webseite gelangt ist (Referrer)<\/p>\n\n\n\n<p>\u2022&nbsp;&nbsp;&nbsp; Die Unterseiten, die von der aufgerufenen Webseite aus aufgerufen werden<\/p>\n\n\n\n<p>\u2022&nbsp;&nbsp;&nbsp; Die Verweildauer auf der Webseite<\/p>\n\n\n\n<p>\u2022&nbsp;&nbsp;&nbsp; Die H\u00e4ufigkeit des Aufrufs der Webseite<\/p>\n\n\n\n<p><strong>Zweck der Datenverarbeitung<\/strong><br>Wir ben\u00f6tigen die Daten, um das Surfverhalten der Nutzer zu analysieren und Informationen \u00fcber Nutzung der einzelnen Komponenten unserer Website zu erhalten. Das erm\u00f6glicht uns, die Website und ihre Nutzerfreundlichkeit zu optimieren. Durch die Anonymisierung der IP-Adresse tragen wir dem Interesse der Nutzer am Schutz personenbezogener Daten Rechnung. Die Daten werden nicht dazu genutzt, den Nutzer der Website pers\u00f6nlich zu identifizieren und werden nicht mit anderen Daten zusammengef\u00fchrt.<\/p>\n\n\n\n<p><strong>Rechtsgrundlage<\/strong><br>Die Rechtsgrundlage, auf der wir personenbezogene Daten mittels Matomo verarbeiten, ist Art. 6 Abs. 1 lit. a DSGVO (Einwilligung) i.v.m. \u00a7 25 Abs. 1 TDDDG.<\/p>\n\n\n\n<p><strong>Dauer der Speicherung<\/strong><br>Die zur Durchf\u00fchrung der statistischen Auswertung genutzten Cookies werden nach der Session \/ nach 13 Monaten gel\u00f6scht. Bei einem Widerruf ihrer Einwilligung werden diese Cookies nach der Session gel\u00f6scht.<\/p>\n\n\n\n<p><strong>Widerspruchsm\u00f6glichkeit<br><\/strong>Sie k\u00f6nnen der Analyse des Surfverhaltens beim Besuch auf unserer Website jederzeit durch den Widerruf Ihrer Einwilligung widersprechen.<\/p>\n\n\n\n<p><a href=\"\/de\/datenschutzerklaerung\/statistik\/?cookie=1\" class=\"button\">Statistik Einstellungen \u00e4ndern<\/a><\/p>\n\n\n\n<p>Weitere Informationen finden Sie in den <a href=\"https:\/\/matomo.org\/privacy-policy\/\">Datenschutzinformationen des Herstellers<\/a>.<\/p>\n\n\t<\/div>\n\n<\/div>\n\n<\/div>\n\n<\/div>","protected":false},"excerpt":{"rendered":"","protected":false},"author":1,"featured_media":0,"parent":3,"menu_order":0,"comment_status":"closed","ping_status":"closed","template":"standard-back.php","meta":{"footnotes":""},"class_list":["post-402","page","type-page","status-publish","hentry"],"_links":{"self":[{"href":"https:\/\/www.eutop.com\/de\/wp-json\/wp\/v2\/pages\/402","targetHints":{"allow":["GET"]}}],"collection":[{"href":"https:\/\/www.eutop.com\/de\/wp-json\/wp\/v2\/pages"}],"about":[{"href":"https:\/\/www.eutop.com\/de\/wp-json\/wp\/v2\/types\/page"}],"author":[{"embeddable":true,"href":"https:\/\/www.eutop.com\/de\/wp-json\/wp\/v2\/users\/1"}],"replies":[{"embeddable":true,"href":"https:\/\/www.eutop.com\/de\/wp-json\/wp\/v2\/comments?post=402"}],"version-history":[{"count":13,"href":"https:\/\/www.eutop.com\/de\/wp-json\/wp\/v2\/pages\/402\/revisions"}],"predecessor-version":[{"id":1426,"href":"https:\/\/www.eutop.com\/de\/wp-json\/wp\/v2\/pages\/402\/revisions\/1426"}],"up":[{"embeddable":true,"href":"https:\/\/www.eutop.com\/de\/wp-json\/wp\/v2\/pages\/3"}],"wp:attachment":[{"href":"https:\/\/www.eutop.com\/de\/wp-json\/wp\/v2\/media?parent=402"}],"curies":[{"name":"wp","href":"https:\/\/api.w.org\/{rel}","templated":true}]}}