{"id":512,"date":"2023-09-27T15:27:31","date_gmt":"2023-09-27T13:27:31","guid":{"rendered":"https:\/\/www.eutop.com\/?page_id=512"},"modified":"2025-05-13T11:31:34","modified_gmt":"2025-05-13T09:31:34","slug":"standorte","status":"publish","type":"page","link":"https:\/\/www.eutop.com\/de\/standorte\/","title":{"rendered":"Standorte &#8211; Mobil"},"content":{"rendered":"<div class=\"wp-bootstrap-blocks-container container-fluid mb-0\">\n\t\n<div class=\"wp-bootstrap-blocks-container container mb-2 text\">\n\t\n\n<h2 class=\"wp-block-heading\">BEREITS SEIT 1990 IST DIE EUTOP GROUP IN BR\u00dcSSEL<\/h2>\n\n\n\n<div class=\"col-12 col-md-6\">\n<p>EUTOP ist dort pr\u00e4sent, wo die Entscheidungen getroffen werden: in Br\u00fcssel, Frankfurt, Berlin, D\u00fcsseldorf, Paris, Madrid, Rom, Wien, Budapest, Prag und Kopenhagen sowie durch ein Netzwerk von Strukturpartnern auch in weiteren EU-Mitgliedstaaten. Damit ist EUTOP ein struktureller Dienstleister f\u00fcr seine Kunden mit Anliegen in der Europ\u00e4ischen Union.<\/p>\n<p>Das B\u00fcro Br\u00fcssel liegt in unmittelbarer N\u00e4he des Europ\u00e4ischen Parlaments und der Europ\u00e4ischen Kommission. Seit 1998 hat die EUTOP Group einen Standort am Place du Luxembourg.<\/p>\n<div class=\"col-12 col-md-6\">\n<p>In der deutschen Hauptstadt Berlin ist die EUTOP Group zentral Unter den Linden und nur einen Katzensprung von Bundestag und diversen Bundesministerien entfernt.<\/p>\n<p>In M\u00fcnchen befindet sich die Hauptverwaltung der EUTOP Group. Hier haben neben der Gesch\u00e4ftsf\u00fchrung auch die Corporate Services und die administrativen Bereiche von EUTOP ihren Sitz.<\/p>\n<\/div>\n<\/div>\n\n\n<div class=\"standort-akkordeon\"><div class=\"row\"><a href=\"#\" class=\"trigger\">Br\u00fcssel<\/a><div class=\"info\"><div class=\"wrap\"><img decoding=\"async\" src=\"\/wp-content\/themes\/bootscore-child-main\/img\/abb_locations-brussels.jpg\" alt=\"Br\u00fcssel\"><div class=\"text\"><p>EUTOP Group<br>Rue d'Arlon 15<br>1050 Brussels<br>Belgium<\/p><span class=\"icn phone\"><a href=\"tel:+3222868080\" class=\"tellink\">+32 2 2868080<\/a><\/span><\/br><a class=\"email\" href=\"mailto:brussels@eutop.eu\">brussels@eutop.eu<\/a><\/br><a class=\"internet\" href=\"http:\/\/www.eutop.eu\" target=\"_blank\">www.eutop.eu<\/a><\/br><\/br><p class=\"mt-1z\">Vor\u00fcbergehende Besucheradresse ab dem 23.09.2024<\/p> EUTOP Group<br\/>Rond-Point Schuman, 11<br\/>1040 Brussels<br\/>Belgium<\/div><\/div><\/div><\/div><div class=\"row\"><a href=\"#\" class=\"trigger\">Berlin<\/a><div class=\"info\"><div class=\"wrap\"><img decoding=\"async\" src=\"\/wp-content\/themes\/bootscore-child-main\/img\/abb_locations-berlin.jpg\" alt=\"Berlin\"><div class=\"text\"><p>EUTOP Group<br>Unter den Linden 38<br>10117 Berlin<br>Germany<\/p><span class=\"icn phone\"><a href=\"tel:+49305200055-0\" class=\"tellink\">+49 30 5200055-0<\/a><\/span><\/br><span class=\"icn fax\">+49 30 5200055-7140<\/span><\/br><a class=\"email\" href=\"mailto:berlin@eutop.eu\">berlin@eutop.eu<\/a><\/br><a class=\"internet\" href=\"http:\/\/www.eutop.de\" target=\"_blank\">www.eutop.de<\/a><\/div><\/div><\/div><\/div><div class=\"row\"><a href=\"#\" class=\"trigger\">Paris<\/a><div class=\"info\"><div class=\"wrap\"><img decoding=\"async\" src=\"\/wp-content\/themes\/bootscore-child-main\/img\/abb_locations-paris.jpg\" alt=\"Paris\"><div class=\"text\"><p>EUTOP Group<br>10, Place Vend\u00f4me<br>75001 Paris<br>France<\/p><span class=\"icn phone\"><a href=\"tel:+33153455480\" class=\"tellink\">+33 1 53455480<\/a><\/span><\/br><a class=\"email\" href=\"mailto:paris@eutop.eu\">paris@eutop.eu<\/a><\/br><a class=\"internet\" href=\"http:\/\/www.eutop.eu\" target=\"_blank\">www.eutop.eu<\/a><\/div><\/div><\/div><\/div><div class=\"row\"><a href=\"#\" class=\"trigger\">Rom<\/a><div class=\"info\"><div class=\"wrap\"><img decoding=\"async\" src=\"\/wp-content\/themes\/bootscore-child-main\/img\/abb_locations-rom.jpg\" alt=\"Rom\"><div class=\"text\"><p>EUTOP Group<br>Via Antonio Salandra 18<br>00187 Roma<br>Italy<\/p><span class=\"icn phone\"><a href=\"tel:+390642272304\" class=\"tellink\">+39 06 42272304<\/a><\/span><\/br><a class=\"email\" href=\"mailto:rome@eutop.eu\">rome@eutop.eu<\/a><\/br><a class=\"internet\" href=\"http:\/\/www.eutop.eu\" target=\"_blank\">www.eutop.eu<\/a><\/div><\/div><\/div><\/div><div class=\"row\"><a href=\"#\" class=\"trigger\">Budapest<\/a><div class=\"info\"><div class=\"wrap\"><img decoding=\"async\" src=\"\/wp-content\/themes\/bootscore-child-main\/img\/abb_locations-budapest.jpg\" alt=\"Budapest\"><div class=\"text\"><p>EUTOP Group<br>K\u00e1lm\u00e1n Imre utca 1<br>1054 Budapest <br>Hungary<\/p><span class=\"icn phone\"><a href=\"tel:+3614751433\" class=\"tellink\">+36 1 4751433<\/a><\/span><\/br><a class=\"email\" href=\"mailto:budapest@eutop.eu\">budapest@eutop.eu<\/a><\/br><a class=\"internet\" href=\"http:\/\/www.eutop.eu\" target=\"_blank\">www.eutop.eu<\/a><\/div><\/div><\/div><\/div><div class=\"row\"><a href=\"#\" class=\"trigger\">Prag<\/a><div class=\"info\"><div class=\"wrap\"><img decoding=\"async\" src=\"\/wp-content\/themes\/bootscore-child-main\/img\/img_location_prague.jpg\" alt=\"Prag\"><div class=\"text\"><p>EUTOP Group<br>Rybn\u00e1 682\/14<br>110 05, Praha 1<br>Czech Republic <\/p><span class=\"icn phone\"><a href=\"tel:+420222191331\" class=\"tellink\">+420 2 22191331<\/a><\/span><\/br><a class=\"email\" href=\"mailto:prague@eutop.eu\">prague@eutop.eu<\/a><\/br><a class=\"internet\" href=\"http:\/\/www.eutop.eu\" target=\"_blank\">www.eutop.eu<\/a><\/div><\/div><\/div><\/div><div class=\"row\"><a href=\"#\" class=\"trigger\">M\u00fcnchen<\/a><div class=\"info\"><div class=\"wrap\"><img decoding=\"async\" src=\"\/wp-content\/themes\/bootscore-child-main\/img\/abb_locations-munich.jpg\" alt=\"M\u00fcnchen\"><div class=\"text\"><p>EUTOP Group<br>Denninger Strasse 15<br>81679 M\u00fcnchen<br>Germany<\/p><span class=\"icn phone\"><a href=\"tel:+4989323700-0\" class=\"tellink\">+49 89 323700-0<\/a><\/span><\/br><span class=\"icn fax\">+49 89 323700-6140<\/span><\/br><a class=\"email\" href=\"mailto:eutop@eutop.eu\">eutop@eutop.eu<\/a><\/br><a class=\"internet\" href=\"http:\/\/www.eutop.de\" target=\"_blank\">www.eutop.de<\/a><\/div><\/div><\/div><\/div><div class=\"row\"><a href=\"#\" class=\"trigger\">Kopenhagen<\/a><div class=\"info\"><div class=\"wrap\"><img decoding=\"async\" src=\"\/wp-content\/themes\/bootscore-child-main\/img\/abb_locations-kopenhagen.jpg\" alt=\"Kopenhagen\"><div class=\"text\"><p>EUTOP Group<br>Frederiksborggade 15<br>1360 K\u00f8benhavn <br>Denmark<\/p><span class=\"icn phone\"><a href=\"tel:+4588745258\" class=\"tellink\">+45 88 745258<\/a><\/span><\/br><a class=\"email\" href=\"mailto:copenhagen@eutop.eu\">copenhagen@eutop.eu<\/a><\/br><a class=\"internet\" href=\"http:\/\/www.eutop.eu\" target=\"_blank\">www.eutop.eu<\/a><\/div><\/div><\/div><\/div><div class=\"row\"><a href=\"#\" class=\"trigger\">Madrid<\/a><div class=\"info\"><div class=\"wrap\"><img decoding=\"async\" src=\"wp-content\/themes\/bootscore-child-main\/img\/abb_locations-madrid.jpg\" alt=\"Madrid\"><div class=\"text\"><p>EUTOP Group<br>Paseo de Recoletos 5<br>28004 Madrid<br>Spain<\/p><span class=\"icn phone\"><a href=\"tel:+34910488728\" class=\"tellink\">+34 910 488 728<\/a><\/span><\/br><a class=\"email\" href=\"mailto:madrid@eutop.eu\">madrid@eutop.eu<\/a><\/br><a class=\"internet\" href=\"http:\/\/www.eutop.eu\" target=\"_blank\">www.eutop.eu<\/a><\/div><\/div><\/div><\/div><div class=\"row\"><a href=\"#\" class=\"trigger\">Warschau<\/a><div class=\"info\"><div class=\"wrap\"><img decoding=\"async\" src=\"wp-content\/themes\/bootscore-child-main\/img\/abb_locations-warszawa.jpg\" alt=\"Warschau\"><div class=\"text\"><p>EUTOP Group<br>Park Avenue, Wsp\u00f3lna 70<br>00-687 Warszawa<br>Poland<\/p><span class=\"icn phone\"><a href=\"tel:+48221857317\" class=\"tellink\">+48 22 1857317<\/a><\/span><\/br><a class=\"email\" href=\"mailto:warsaw@eutop.eu\">warsaw@eutop.eu<\/a><\/br><a class=\"internet\" href=\"http:\/\/www.eutop.eu\" target=\"_blank\">www.eutop.eu<\/a><\/div><\/div><\/div><\/div><\/div>\n\n<\/div>\n\n<\/div>","protected":false},"excerpt":{"rendered":"","protected":false},"author":1,"featured_media":0,"parent":0,"menu_order":0,"comment_status":"closed","ping_status":"closed","template":"","meta":{"footnotes":""},"class_list":["post-512","page","type-page","status-publish","hentry"],"_links":{"self":[{"href":"https:\/\/www.eutop.com\/de\/wp-json\/wp\/v2\/pages\/512","targetHints":{"allow":["GET"]}}],"collection":[{"href":"https:\/\/www.eutop.com\/de\/wp-json\/wp\/v2\/pages"}],"about":[{"href":"https:\/\/www.eutop.com\/de\/wp-json\/wp\/v2\/types\/page"}],"author":[{"embeddable":true,"href":"https:\/\/www.eutop.com\/de\/wp-json\/wp\/v2\/users\/1"}],"replies":[{"embeddable":true,"href":"https:\/\/www.eutop.com\/de\/wp-json\/wp\/v2\/comments?post=512"}],"version-history":[{"count":8,"href":"https:\/\/www.eutop.com\/de\/wp-json\/wp\/v2\/pages\/512\/revisions"}],"predecessor-version":[{"id":1565,"href":"https:\/\/www.eutop.com\/de\/wp-json\/wp\/v2\/pages\/512\/revisions\/1565"}],"wp:attachment":[{"href":"https:\/\/www.eutop.com\/de\/wp-json\/wp\/v2\/media?parent=512"}],"curies":[{"name":"wp","href":"https:\/\/api.w.org\/{rel}","templated":true}]}}