{"id":605,"date":"2023-11-13T11:10:10","date_gmt":"2023-11-13T10:10:10","guid":{"rendered":"https:\/\/www.eutop.com\/?page_id=605"},"modified":"2025-01-16T10:46:20","modified_gmt":"2025-01-16T09:46:20","slug":"karriere-bei-eutop","status":"publish","type":"page","link":"https:\/\/www.eutop.com\/de\/karriere-bei-eutop\/","title":{"rendered":"Karriere bei EUTOP"},"content":{"rendered":"<div class=\"wp-bootstrap-blocks-container container-fluid mb-0 wave-blue\">\n\t\n<div class=\"wp-bootstrap-blocks-container container mb-0 col-1551\">\n\t\n<div class=\"wp-bootstrap-blocks-row row\">\n\t\n\n<div class=\"col-12 col-md-1\">\n\t\t\t\t<\/div>\n\n\n\n<div class=\"col-12 col-md-5 col-small h-center\">\n\t\t\t\n\n<div class=\"wp-block-group\"><div class=\"wp-block-group__inner-container is-layout-constrained wp-block-group-is-layout-constrained\">\n<h2 class=\"wp-block-heading\">Ihre Karriere bei Eutop<\/h2>\n\n\n\n<p>Mit Kopf und Herz f\u00fcr Europa \u2013 hochqualifiziert und hochmotiviert. Unsere Consultants arbeiten an unseren Standorten Br\u00fcssel, Berlin und M\u00fcnchen. Sie verf\u00fcgen \u00fcber eine hervorragende Ausbildung in den Studienrichtungen Recht, Wirtschaft und Politik. Sie haben fundierte Berufserfahrung im politischen Umfeld, z.B. durch fr\u00fchere haupt- und ehrenamtliche T\u00e4tigkeiten in Parlamenten, Regierungen oder Parteien in Deutschland und auf EU-Ebene sowie bei global agierenden Unternehmen. Zusammen mit dem Team Corporate Services sowie unseren zahlreichen Strukturellen Beratern und Kooperationspartnern ergibt sich eine geb\u00fcndelte Kompetenz im Gebiet der Governmental Relations.<\/p>\n<\/div><\/div>\n\n\t<\/div>\n\n\n\n<div class=\"col-12 col-md-5\">\n\t\t\t\n\n<figure class=\"wp-block-image size-full\"><img loading=\"lazy\" decoding=\"async\" width=\"900\" height=\"802\" src=\"https:\/\/www.eutop.com\/de\/wp-content\/uploads\/2023\/11\/AdobeStock_6049596671-1.jpeg\" alt=\"Eutop Karriere\" class=\"wp-image-661\" srcset=\"https:\/\/www.eutop.com\/de\/wp-content\/uploads\/2023\/11\/AdobeStock_6049596671-1.jpeg 900w, https:\/\/www.eutop.com\/de\/wp-content\/uploads\/2023\/11\/AdobeStock_6049596671-1-520x463.jpeg 520w, https:\/\/www.eutop.com\/de\/wp-content\/uploads\/2023\/11\/AdobeStock_6049596671-1-768x684.jpeg 768w\" sizes=\"auto, (max-width: 900px) 100vw, 900px\" \/><\/figure>\n\n\t<\/div>\n\n\n\n<div class=\"col-12 col-md-1\">\n\t\t\t\t<\/div>\n\n<\/div>\n\n<\/div>\n\n<\/div>\n\n\n<div class=\"wp-bootstrap-blocks-container container-fluid mb-0\">\n\t\n<div class=\"wp-bootstrap-blocks-container container mb-2\">\n\t\n\n<div style=\"height:60px\" aria-hidden=\"true\" class=\"wp-block-spacer\"><\/div>\n\n\n<div class=\"wp-bootstrap-blocks-row row\">\n\t\n\n<div class=\"col-12 col-md-1\">\n\t\t\t\t<\/div>\n\n\n\n<div class=\"col-12 col-md-10\">\n\t\t\t\n\n<h2 class=\"wp-block-heading\">Lobbying? Governmental Relations!<\/h2>\n\n\n\n<p>Der strategische Kommunikationsmix unterscheidet u.\u2009a.:<\/p>\n<p><strong>PUBLIC RELATIONS<\/strong> die sich mit der Au\u00dfendarstellung des Unternehmens gegen\u00fcber einer breiten (Medien-)\u00d6ffentlichkeit besch\u00e4ftigen.<\/p>\n<p><strong>PUBLIC AFFAIRS<\/strong> die sich auf strategisches Informationsmanagement zwischen Politik, Unternehmen und Gesellschaft konzentrieren und sich an eine begrenzte \u00d6ffentlichkeit wenden.<\/p>\n<p><strong>LOBBYING<\/strong> bei dem es vor allem um die konkrete Mitwirkung bei politischen Entscheidungsprozessen geht.<\/p>\n<p><strong>GOVERNMENTAL RELATIONS<\/strong> als spezielle Form des Lobbying. Im Unterschied zu reinem Lobbying sind Governmental Relations langfristig angelegt, d. h. der gesamte politische Entscheidungsprozess wird begleitet, unter Umst\u00e4nden \u00fcber mehrere Jahre.<\/p>\n\n\t<\/div>\n\n\n\n<div class=\"col-12 col-md-1\">\n\t\t\t\t<\/div>\n\n<\/div>\n\n\n\n<div style=\"height:40px\" aria-hidden=\"true\" class=\"wp-block-spacer\"><\/div>\n\n<\/div>\n\n<\/div>\n\n\n<div class=\"wp-bootstrap-blocks-container container-fluid mb-0 block gray mt-small\">\n\t\n<div class=\"wp-bootstrap-blocks-container container mb-2\">\n\t\n<div class=\"wp-bootstrap-blocks-row row\">\n\t\n\n<div class=\"col-12 col-md-1\">\n\t\t\t\t<\/div>\n\n\n\n<div class=\"col-12 col-md-10\">\n\t\t\t\n\n<h2 class=\"wp-block-heading\">Bei der EUTOP Group Karriere machen<\/h2>\n\n\n\n<p>Wenn Sie einen der folgenden Studieng\u00e4nge erfolgreich abgeschlossen haben, dann sollten Sie die EUTOP Group als k\u00fcnftigen Arbeitgeber in Betracht ziehen:<\/p>\n\n\n<div class=\"wp-bootstrap-blocks-row row gx-3 gy-3\">\n\t\n\n<div class=\"col-12 col-md-4\">\n\t\t\t\n<div class=\"wp-bootstrap-blocks-container container mb-2 box white\">\n\t\n\n<h3 class=\"wp-block-heading\">Wirtschaftswissenschaften<\/h3>\n\n\n\n<p>m\u00f6glichst mit Schwerpunkt Europa; optional: Diplom, BSc\/BA, MSc\/MA, ggf. zus\u00e4tzlich: Promotion<\/p>\n\n<\/div>\n\n\t<\/div>\n\n\n\n<div class=\"col-12 col-md-4\">\n\t\t\t\n<div class=\"wp-bootstrap-blocks-container container mb-2 box white\">\n\t\n\n<h3 class=\"wp-block-heading\">Rechtswissenschaft<\/h3>\n\n\n\n<p>m\u00f6glichst mit Schwerpunkt Europarecht; optional: 1. und 2. Staatsexamen oder vergleichbare Abschl\u00fcsse, ggf. zus\u00e4tzlich: LL.M., Promotion<\/p>\n\n<\/div>\n\n\t<\/div>\n\n\n\n<div class=\"col-12 col-md-4\">\n\t\t\t\n<div class=\"wp-bootstrap-blocks-container container mb-2 box white\">\n\t\n\n<h3 class=\"wp-block-heading\">Politikwissenschaft<\/h3>\n\n\n\n<p>optional: Diplom, BSc\/BA, MSc\/MA oder vergleichbare Abschl\u00fcsse; ggf. zus\u00e4tzlich: Promotion<\/p>\n\n<\/div>\n\n\t<\/div>\n\n<\/div>\n\n\n\n<div style=\"height:25px\" aria-hidden=\"true\" class=\"wp-block-spacer\"><\/div>\n\n\n\n<p>Beherrschen Sie neben exzellentem Deutsch auch Englisch in Wort und Schrift, eventuell noch Franz\u00f6sisch und \/ oder eine weitere Sprache eines der weiteren Mitgliedstaaten der EU sind Sie bei der EUTOP Group bestens aufgestellt.<\/p>\n\n\t<\/div>\n\n\n\n<div class=\"col-12 col-md-1\">\n\t\t\t\t<\/div>\n\n<\/div>\n\n<\/div>\n\n<\/div>\n\n\n\n<div style=\"height:30px\" aria-hidden=\"true\" class=\"wp-block-spacer\"><\/div>\n\n\n<div class=\"wp-block-image\">\n<figure class=\"aligncenter size-medium\"><img loading=\"lazy\" decoding=\"async\" width=\"520\" height=\"342\" src=\"https:\/\/www.eutop.com\/de\/wp-content\/uploads\/2023\/11\/AdobeStock_2097984201-520x342.png\" alt=\"\" class=\"wp-image-659\" srcset=\"https:\/\/www.eutop.com\/de\/wp-content\/uploads\/2023\/11\/AdobeStock_2097984201-520x342.png 520w, https:\/\/www.eutop.com\/de\/wp-content\/uploads\/2023\/11\/AdobeStock_2097984201-1024x673.png 1024w, https:\/\/www.eutop.com\/de\/wp-content\/uploads\/2023\/11\/AdobeStock_2097984201-768x505.png 768w, https:\/\/www.eutop.com\/de\/wp-content\/uploads\/2023\/11\/AdobeStock_2097984201.png 1200w\" sizes=\"auto, (max-width: 520px) 100vw, 520px\" \/><\/figure>\n<\/div>\n\n<div class=\"wp-bootstrap-blocks-container container-fluid mb-0\">\n\t\n<div class=\"wp-bootstrap-blocks-container container mb-2\">\n\t\n<div class=\"wp-bootstrap-blocks-row row\">\n\t\n\n<div class=\"col-12 col-md-1\">\n\t\t\t\t<\/div>\n\n\n\n<div class=\"col-12 col-md-10\">\n\t\t\t\n\n<div style=\"height:60px\" aria-hidden=\"true\" class=\"wp-block-spacer\"><\/div>\n\n\n\n<h2 class=\"wp-block-heading\">EINSTIEGSM\u00d6GLICHKEITEN BEI DER EUTOP GROUP<\/h2>\n\n\n<div class=\"wp-bootstrap-blocks-row row g-0\">\n\t\n\n<div class=\"col-12 col-md-6 box-blau1\">\n\t\t\t\n\n<h3 class=\"wp-block-heading\">DIREKTEINSTIEG ALS JUNIOR CONSULTANT \/ CONSULTANT<\/h3>\n\n\n\n<p>Als Junior Consultant \/ Consultant arbeiten Sie an einem Standort in einem festen Team unter der F\u00fchrung der Gesch\u00e4ftsleitung. In der ersten Zeit bestehen Ihre Aufgaben vorwiegend in der Recherche von Hintergrundinformationen f\u00fcr die Kundenprojekte. Sie sind in das Monitoring f\u00fcr unsere Kunden involviert und haben rasch direkten Kundenkontakt. Ihre Aufgaben werden zunehmend komplexer. Bei all Ihren Aufgaben lernen Sie das auf der OnePager<sup>\u00ae<\/sup>-Methodik und PSGR<sup>\u00ae<\/sup> basierte Methodenrepertoire von EUTOP auf dem Gebiet der Governmental Relations zu nutzen.<\/p>\n\n\t<\/div>\n\n\n\n<div class=\"col-12 col-md-6 box-blau2\">\n\t\t\t\n\n<p><strong>Standorte:<\/strong> Berlin, Br\u00fcssel oder M\u00fcnchen<br \/><strong>Voraussetzungen:<\/strong> abgeschlossenes Studium in Wirtschaftswissenschaften, Rechtswissenschaft oder Politikwissenschaft. Sie sollten sich in Ihrem Studium mit dem politischen Europa besch\u00e4ftigt haben.<br \/><strong>Einstieg und Bewerbung:<\/strong> ganzj\u00e4hrig<br \/><strong>Verg\u00fctung:<\/strong> Attraktives Einstiegsgehalt; M\u00f6glichkeit individueller Bonusvereinbarungen<\/p>\n\n\n\n<p><a class=\"link-brochure\" href=\"https:\/\/www.eutop.com\/de\/wp-content\/uploads\/2025\/01\/EUTOP_Karriereflyer.pdf\" target=\"_blank\" rel=\"noopener\">Hier geht es zu unserem Karriereflyer<\/a><\/p>\n\n\t<\/div>\n\n<\/div>\n\n\n\n<div style=\"height:30px\" aria-hidden=\"true\" class=\"wp-block-spacer\"><\/div>\n\n\t<\/div>\n\n\n\n<div class=\"col-12 col-md-1\">\n\t\t\t\t<\/div>\n\n<\/div>\n\n<\/div>\n\n<\/div>\n\n\n<div class=\"wp-bootstrap-blocks-container container-fluid mb-0 block gray mt-small\">\n\t\n<div class=\"wp-bootstrap-blocks-container container mb-2\">\n\t\n<div class=\"wp-bootstrap-blocks-row row\">\n\t\n\n<div class=\"col-12 col-md-1\">\n\t\t\t\t<\/div>\n\n\n\n<div class=\"col-12 col-md-10\">\n\t\t\t\n\n<h2 class=\"wp-block-heading\">unsere werte<\/h2>\n\n\n\n<p>Compliance, Integrit\u00e4t und Seriosit\u00e4t sind die Grundvoraussetzungen f\u00fcr eine erfolgreiche Interessenvertretung.<\/p>\n<ul>\n<li>Compliance wird bei EUTOP sehr ernst genommen und gelebt. Unsere Consultants erhalten regelm\u00e4\u00dfig Schulungen. F\u00fcr unsere Kunden gew\u00e4hrleisten wir damit ein H\u00f6chstma\u00df an Integrit\u00e4t, Sicherheit und Zuverl\u00e4ssigkeit.<\/li>\n<li>Die laufende Zusammenarbeit mit einer renommierten, auf Legal Compliance spezialisierten Rechtsanwaltskanzlei sorgt daf\u00fcr, dass EUTOP stets auf dem neuesten Stand ist.<\/li>\n<li>EUTOP steht auch f\u00fcr Financial und Tax Compliance: Unsere Gesch\u00e4ftsprozesse, Finanzbuchhaltung und unser Kapitalfluss werden durch externe Wirtschaftspr\u00fcfer fortlaufend und vollumf\u00e4nglich \u00fcberpr\u00fcft.<\/li>\n<\/ul>\n\n\n\n<div style=\"height:30px\" aria-hidden=\"true\" class=\"wp-block-spacer\"><\/div>\n\n\t<\/div>\n\n\n\n<div class=\"col-12 col-md-1\">\n\t\t\t\t<\/div>\n\n<\/div>\n\n<\/div>\n\n\n<div class=\"wp-bootstrap-blocks-container container mb-2\">\n\t\n<div class=\"wp-bootstrap-blocks-row row\">\n\t\n\n<div class=\"col-12 col-md-1\">\n\t\t\t\t<\/div>\n\n\n\n<div class=\"col-12 col-md-10\">\n\t\t\t\n\n<h2 class=\"wp-block-heading\">was wir bieten<\/h2>\n\n\n\n<ul>\n<li>Teamarbeit steht bei uns im Vordergrund \u2013 freuen Sie sich auf eine angenehme Arbeitsatmosph\u00e4re, ein kollegiales Miteinander und flache Hierarchien<\/li>\n<li>Es erwarten Sie abwechslungsreiche und verantwortungsvolle Aufgaben<\/li>\n<li>Ein auf Ihre Position zugeschnittenes Einarbeitungscockpit begleitet Sie die ersten Monate \u2013 Sie lernen EUTOP, alle Bereiche und Standorte kennen.<\/li>\n<li>Erlernen Sie in der <a href=\"https:\/\/www.eutop.com\/de\/beruf-karriere\/eutop-akademie\/\">EUTOP Akademie<\/a> die methodischen Grundlagen f\u00fcr Ihre t\u00e4gliche Arbeit<\/li>\n<li>Profitieren Sie von verschiedenen M\u00f6glichkeiten zur fachlichen und pers\u00f6nlichen Weiterentwicklung<\/li>\n<li>Das Miteinander ist f\u00fcr uns sehr wichtig \u2013 beim j\u00e4hrlichen Sommerfest, Betriebsausflug und weiteren Aktivit\u00e4ten wie Firmen-L\u00e4ufen oder Afterwork-Treffen k\u00f6nnen Sie die Kolleginnen und Kollegen besser kennenlernen.<\/li>\n<li>Unsere B\u00fcros liegen in attraktiver Lage. Obst, Gem\u00fcse, verschiedene Lebensmittel und Snacks sowie Getr\u00e4nke stehen kostenfrei f\u00fcr die B\u00fcroverpflegung zur Verf\u00fcgung.<\/li>\n<\/ul>\n\n\n\n<div style=\"height:30px\" aria-hidden=\"true\" class=\"wp-block-spacer\"><\/div>\n\n\t<\/div>\n\n\n\n<div class=\"col-12 col-md-1\">\n\t\t\t\t<\/div>\n\n<\/div>\n\n<\/div>\n\n\n<div class=\"wp-bootstrap-blocks-container container mb-2\">\n\t\n<div class=\"wp-bootstrap-blocks-row row\">\n\t\n\n<div class=\"col-12 col-md-1\">\n\t\t\t\t<\/div>\n\n\n\n<div class=\"col-12 col-md-10\">\n\t\t\t\n\n<h2 class=\"wp-block-heading\">Mit 5 schritten zu eutop<\/h2>\n\n\n\n<p><strong>1 INFORMATION<\/strong> <br \/>Besuchen Sie unsere Website www.eutop.eu und informieren Sie sich \u00fcber die EUTOP Group und ihre Dienstleistungen. Sprechen Sie uns auch gerne auf Jobmessen an.<\/p>\n<p><strong>2 BEWERBUNG<\/strong> <br \/>Bitte schicken Sie uns Ihre Bewerbungsunterlagen zu. Beim von uns bevorzugten Versand per E-Mail an career@eutop.eu bitten wir Sie um eine PDF-Datei, die 2 MB nicht \u00fcberschreitet.<\/p>\n<p><strong>3 PR\u00dcFUNG IHRER BEWERBUNG<\/strong> <br \/>Nach einer ersten Durchsicht durch unsere Abteilung Human Resources setzen wir uns zun\u00e4chst telefonisch mit Ihnen in Verbindung. Dauer: ca. 2 Wochen<\/p>\n<p><strong>4 PERS\u00d6NLICHES KENNENLERNEN<\/strong> <br \/>Bei EUTOP erwartet Sie ein vierstufiges Auswahlverfahren. An das erste Telefonat schlie\u00dft sich ein pers\u00f6nliches Kennenlerngespr\u00e4ch mit einem Vertreter der Gesch\u00e4ftsleitung an. Danach f\u00fchren wir eine Assessment-Analyse durch, um Ihre Pers\u00f6nlichkeitspotenziale mit unserer Unternehmenskultur abzugleichen. Im letzten Schritt laden wir Sie zu einem Probearbeitstag in unser B\u00fcro ein. Dauer: ca. 2\u20134 Wochen<\/p>\n<p><strong>5 ANGEBOT\/ VERTRAG<\/strong> <br \/>Nach erfolgreich absolviertem Probearbeitstag unterbreiten wir Ihnen ein Vertragsangebot.<\/p>\n\n\t<\/div>\n\n\n\n<div class=\"col-12 col-md-1\">\n\t\t\t\t<\/div>\n\n<\/div>\n\n<\/div>\n\n<\/div>\n\n\n<div class=\"wp-bootstrap-blocks-container container-fluid mb-0\">\n\t\n<div class=\"wp-bootstrap-blocks-container container mb-0 kontakt\">\n\t\n<div class=\"wp-bootstrap-blocks-row row\">\n\t\n\n<div class=\"col-12 col-md-1\">\n\t\t\t\t<\/div>\n\n\n\n<div class=\"col-12 col-md-10\">\n\t\t\t\n<div class=\"wp-bootstrap-blocks-row row\">\n\t\n\n<div class=\"col-12 col-md-6\">\n\t\t\t\n\n<div style=\"height:60px\" aria-hidden=\"true\" class=\"wp-block-spacer\"><\/div>\n\n\n\n<h2 class=\"wp-block-heading\">Kontakt<\/h2>\n\n\n\n<p>Bitte schicken Sie uns Ihre Bewerbungsunterlagen zu. Beim von uns bevorzugten Versand per E-Mail bitten wir Sie um eine PDF-Datei, die 2 MB nicht \u00fcberschreitet.<\/p>\n\n\n\n<div style=\"height:20px\" aria-hidden=\"true\" class=\"wp-block-spacer\"><\/div>\n\n\n<div class=\"wp-bootstrap-blocks-row row\">\n\t\n\n<div class=\"col-12 col-md-6\">\n\t\t\t\n\n<p>EUTOP Group<br \/>Recruiting Management<br \/>Denninger Stra\u00dfe 15<br \/>D-81679 M\u00fcnchen<\/p>\n\n\t<\/div>\n\n\n\n<div class=\"col-12 col-md-6\">\n\t\t\t\n\n<p>Tanja N\u00f6ller<br \/><a href=\"mailto:career@eutop.eu\">career@eutop.eu<\/a><br \/>Tel. +49 89 323700-0<br \/><a href=\"\/de\/datenschutzerklaerung\/bewerbungen\/\">Datenschutz<\/a><\/p>\n\n\t<\/div>\n\n<\/div>\n\n\t<\/div>\n\n\n\n<div class=\"col-12 col-md-6\">\n\t\t\t\n<div class=\"wp-block-image\">\n<figure class=\"alignright size-full\"><img loading=\"lazy\" decoding=\"async\" width=\"900\" height=\"684\" src=\"https:\/\/www.eutop.com\/de\/wp-content\/uploads\/2023\/11\/karriere-recruiting-2.jpg\" alt=\"\" class=\"wp-image-703\" srcset=\"https:\/\/www.eutop.com\/de\/wp-content\/uploads\/2023\/11\/karriere-recruiting-2.jpg 900w, https:\/\/www.eutop.com\/de\/wp-content\/uploads\/2023\/11\/karriere-recruiting-2-520x395.jpg 520w, https:\/\/www.eutop.com\/de\/wp-content\/uploads\/2023\/11\/karriere-recruiting-2-768x584.jpg 768w\" sizes=\"auto, (max-width: 900px) 100vw, 900px\" \/><\/figure>\n<\/div>\n\t<\/div>\n\n<\/div>\n\n\t<\/div>\n\n\n\n<div class=\"col-12 col-md-1\">\n\t\t\t\t<\/div>\n\n<\/div>\n\n<\/div>\n\n<\/div>\n\n\n<div class=\"wp-bootstrap-blocks-container container-fluid mb-0 block gray\">\n\t\n<div class=\"wp-bootstrap-blocks-container container mb-2\">\n\t\n<div class=\"wp-bootstrap-blocks-row row\">\n\t\n\n<div class=\"col-12 col-md-1\">\n\t\t\t\t<\/div>\n\n\n\n<div class=\"col-12 col-md-10\">\n\t\t\t\n\n<h2 class=\"wp-block-heading\">Erfolg durch prozesskompetenz<\/h2>\n\n\n\n<p>Mit den Kernkompetenzen von EUTOP zu einer erfolgreichen und nachhaltigen Interessenvertretung.<\/p>\n\n\n\n<p><strong>PROZESSSTRUKTURKOMPETENZ <br><\/strong>EU-weites Vorhalten r\u00e4umlicher, personeller und organisatorischer Kapazit\u00e4ten (Managementkompetenz) sowie der Produktionskompetenz, die auf den institutions-, fraktions- und mitgliedstaaten\u00fcbergreifenden Netzwerken der eigenen Mitarbeiter, der Strukturellen Berater und der Strukturellen Kooperationspartner beruht. Daraus ergibt sich eine Dienstleistung, die f\u00fcr den Kunden zugleich Taskforce f\u00fcr den Krisenfall, Serviceeinheit und Versicherung gegen unerwartete Ver\u00e4nderungen der rechtlichen und politischen Rahmenbedingungen ist.<\/p>\n\n\n\n<p><strong>PERSPEKTIVENWECHSELKOMPETENZ<\/strong> <strong>(OnePager<sup>\u00ae<\/sup>-METHODIK)<\/strong> <br>Interdisziplin\u00e4re und aus verschiedenen Blickwinkeln erfolgende Betrachtung des Problems mit dem Ziel, einen erfolgreichen L\u00f6sungsweg f\u00fcr das Problem (Perspektivenwechsel von der Individual- in eine Gemeinwohlperspektive) zu erarbeiten. Dies erfolgt in einem seit 1990 wissenschaftlich-empirisch entwickelten Verfahren, in dem u. a. entscheidungstheoretische, kulturelle, sprachliche, interinstitutionelle, mitgliedstaaten\u00fcbergreifende und parteipolitische Gesichtspunkte ber\u00fccksichtigt werden.<\/p>\n\n\n\n<p><strong>PROZESSBEGLEITKOMPETENZ (PSGR<sup>\u00ae<\/sup>)<\/strong> <br>T\u00e4glich m\u00fcssen durch die Mitarbeiter und Berater von EUTOP EU-weit alle Schnittstellen strukturell und nachhaltig begleitet werden, damit das Ergebnis der OnePager<sup>\u00ae<\/sup>-Methodik zum Erfolg des konkreten Interessenvertretungsprojekts f\u00fchren kann. Die Erfahrung zeigt, dass gro\u00dfe Vorhaben meist an Kleinigkeiten gescheitert sind. Organisatorische Fehler oder Missverst\u00e4ndnisse kann man sich in einem komplexen Entscheidungssystem nicht mehr leisten. Die fortlaufende Begleitung des Kunden durch die Prozessbegleitkompetenz von EUTOP ist dabei ein wesentlicher Erfolgsfaktor, weil sich w\u00e4hrend eines Entscheidungsverfahrens in einem komplexen System insbesondere auch Loyalit\u00e4ten und Koalitionen jederzeit ver\u00e4ndern k\u00f6nnen. Die st\u00e4ndige \u00dcberpr\u00fcfung und Koordination aller Schnittstellen und die situative Fortschreibung des OnePager<sup>\u00ae<\/sup> sind deshalb unabdingbar<\/p>\n\n\t<\/div>\n\n\n\n<div class=\"col-12 col-md-1\">\n\t\t\t\t<\/div>\n\n<\/div>\n\n<\/div>\n\n<\/div>\n\n\n<div class=\"wp-bootstrap-blocks-container container-fluid mb-0 wave\">\n\t\n<div class=\"wp-bootstrap-blocks-container container mb-2\">\n\t\n<div class=\"wp-bootstrap-blocks-row row\">\n\t\n\n<div class=\"col-12 col-md-1\">\n\t\t\t\t<\/div>\n\n\n\n<div class=\"col-12 col-md-10\">\n\t\t\t\n\n<div style=\"height:60px\" aria-hidden=\"true\" class=\"wp-block-spacer\"><\/div>\n\n\n\n<h2 class=\"wp-block-heading\">PERSONALSTRUKTUR<\/h2>\n\n\n<div class=\"wp-bootstrap-blocks-container container mb-2 struktur-1\">\n\t\n<div class=\"wp-bootstrap-blocks-row row g-0\">\n\t\n\n<div class=\"col-12 col-md-4 scol1\">\n\t\t\t\n\n<p class=\"has-text-align-center\">STRUKTURELLE BERATER<\/p>\n\n\n\n<p class=\"has-text-align-center\">STRUKTURELLE KOOPERATIONSPARTNER<\/p>\n\n\t<\/div>\n\n\n\n<div class=\"col-12 col-md-4 scol2\">\n\t\t\t\n\n<h3 class=\"wp-block-heading has-text-align-center\">GESCH\u00c4FTSLEITUNG<\/h3>\n\n\t<\/div>\n\n\n\n<div class=\"col-12 col-md-4 scol3\">\n\t\t\t\n\n<p class=\"has-text-align-center\">ZENTRALBEREICHE<\/p>\n\n\n\n<p class=\"has-text-align-center\">ADMINISTRATIVE BEREICHE<\/p>\n\n\t<\/div>\n\n<\/div>\n\n<\/div>\n\n\n<div class=\"wp-bootstrap-blocks-container container mb-2 struktur-2\">\n\t\n\n<h3 class=\"wp-block-heading has-text-align-center\">KEY ACCOUNT MANAGER<\/h3>\n\n\n\n<p class=\"has-text-align-center\">tragen die operative Verantwortung f\u00fcr Kundenmandate und sind prim\u00e4re Ansprechpartner f\u00fcr ihre jeweiligen Kunden sowie die Schnittstelle zur Gesch\u00e4ftsleitung. Sie leiten Projektteams und steuern die Projekte zielorientiert zur erfolgreichen Umsetzung.<\/p>\n\n<\/div>\n\n\n<div class=\"wp-bootstrap-blocks-container container mb-2 struktur-3\">\n\t\n\n<h3 class=\"wp-block-heading has-text-align-center\">SENIOR CONSULTANTS<\/h3>\n\n\n\n<p class=\"has-text-align-center\">sind neben den Key Account Managern zentrale Ansprechpartner f\u00fcr ihre jeweiligen Kunden. Sie koordinieren die Arbeit innerhalb der Projektteams und tragen die Hauptverantwortung f\u00fcr die ihnen zugeordneten Projekte.<\/p>\n\n<\/div>\n\n\n<div class=\"wp-bootstrap-blocks-container container mb-2 struktur-4\">\n\t\n\n<h3 class=\"wp-block-heading has-text-align-center\">CONSULTANTS<\/h3>\n\n\n\n<p class=\"has-text-align-center\">f\u00fchren Projekte in Zusammenarbeit mit den vorgesetzten Key Account Managern und Senior Consultant durch. Sie erbringen Recherche- und Monitoringleistungen in den f\u00fcr den Kunden relevanten Branchen und Politikbereichen. Jeder Consultant verf\u00fcgt \u00fcber eingehende Kenntnisse des Kundenunternehmens und dessen Branche.<\/p>\n\n<\/div>\n\n\n<div class=\"wp-bootstrap-blocks-container container mb-2 struktur-5\">\n\t\n\n<h3 class=\"wp-block-heading has-text-align-center\">JUNIOR CONSULTANTS<\/h3>\n\n\n\n<p class=\"has-text-align-center\">unterst\u00fctzen die Key Account Manager, Senior Consultants und Consultants in der Wahrnehmung ihrer Aufgaben und werden gezielt auf die sp\u00e4tere T\u00e4tigkeit als Consultants vorbereitet.<\/p>\n\n<\/div>\n\n\t<\/div>\n\n\n\n<div class=\"col-12 col-md-1\">\n\t\t\t\t<\/div>\n\n<\/div>\n\n\n\n<div style=\"height:15px\" aria-hidden=\"true\" class=\"wp-block-spacer\"><\/div>\n\n<\/div>\n\n<\/div>","protected":false},"excerpt":{"rendered":"","protected":false},"author":2,"featured_media":0,"parent":0,"menu_order":0,"comment_status":"closed","ping_status":"closed","template":"","meta":{"footnotes":""},"class_list":["post-605","page","type-page","status-publish","hentry"],"_links":{"self":[{"href":"https:\/\/www.eutop.com\/de\/wp-json\/wp\/v2\/pages\/605","targetHints":{"allow":["GET"]}}],"collection":[{"href":"https:\/\/www.eutop.com\/de\/wp-json\/wp\/v2\/pages"}],"about":[{"href":"https:\/\/www.eutop.com\/de\/wp-json\/wp\/v2\/types\/page"}],"author":[{"embeddable":true,"href":"https:\/\/www.eutop.com\/de\/wp-json\/wp\/v2\/users\/2"}],"replies":[{"embeddable":true,"href":"https:\/\/www.eutop.com\/de\/wp-json\/wp\/v2\/comments?post=605"}],"version-history":[{"count":87,"href":"https:\/\/www.eutop.com\/de\/wp-json\/wp\/v2\/pages\/605\/revisions"}],"predecessor-version":[{"id":1498,"href":"https:\/\/www.eutop.com\/de\/wp-json\/wp\/v2\/pages\/605\/revisions\/1498"}],"wp:attachment":[{"href":"https:\/\/www.eutop.com\/de\/wp-json\/wp\/v2\/media?parent=605"}],"curies":[{"name":"wp","href":"https:\/\/api.w.org\/{rel}","templated":true}]}}