{"id":756,"date":"2024-01-31T12:51:48","date_gmt":"2024-01-31T11:51:48","guid":{"rendered":"https:\/\/www.eutop.com\/de\/?page_id=756"},"modified":"2025-05-21T15:57:16","modified_gmt":"2025-05-21T13:57:16","slug":"eutop-akademie","status":"publish","type":"page","link":"https:\/\/www.eutop.com\/de\/eutop-akademie\/","title":{"rendered":"EUTOP Akademie"},"content":{"rendered":"<div class=\"wp-bootstrap-blocks-container container-fluid mb-0 wave-blue\">\n\t\n<div class=\"wp-bootstrap-blocks-container container mb-0 col-1551\">\n\t\n<div class=\"wp-bootstrap-blocks-row row\">\n\t\n\n<div class=\"col-12 col-md-1\">\n\t\t\t\t<\/div>\n\n\n\n<div class=\"col-12 col-md-5 col-small h-center\">\n\t\t\t\n\n<div class=\"wp-block-group\"><div class=\"wp-block-group__inner-container is-layout-constrained wp-block-group-is-layout-constrained\">\n<h2 class=\"wp-block-heading\">DIe EUtop Akademie<\/h2>\n\n\n\n<p>Seit jeher ist es unser Ziel, die F\u00e4higkeiten und Potenziale unserer Mitarbeiter bestm\u00f6glich zu entwickeln und auf die spezifischen Anforderungsprofile innerhalb des Unternehmens abzustimmen. Wenn Sie Ihre EUTOP Karriere starten, durchlaufen Sie w\u00e4hrend des ersten Jahres die EUTOP Akademie und werden perfekt auf die Kundenarbeit vorbereitet.<\/p>\n<p>Mit der EUTOP Akademie haben wir ein am Markt einmaliges Aus- und Weiterbildungsprogramm geschaffen. Durch die gezielte F\u00f6rderung von Kompetenzen und Talenten sowie durch die passgenaue Positionierung von Mitarbeitern und F\u00fchrungskr\u00e4ften bauen wir im Interesse unserer Kunden die Qualit\u00e4t unserer Arbeit best\u00e4ndig aus. Nicht zuletzt darauf beruht die bekannt hohe Erfolgsquote unserer Interessenvertretung.<\/p>\n<\/div><\/div>\n\n\t<\/div>\n\n\n\n<div class=\"col-12 col-md-5\">\n\t\t\t\n\n<figure class=\"wp-block-image size-full\"><img loading=\"lazy\" decoding=\"async\" width=\"900\" height=\"802\" src=\"https:\/\/www.eutop.com\/de\/wp-content\/uploads\/2024\/02\/akademie-intro.jpg\" alt=\"\" class=\"wp-image-780\" srcset=\"https:\/\/www.eutop.com\/de\/wp-content\/uploads\/2024\/02\/akademie-intro.jpg 900w, https:\/\/www.eutop.com\/de\/wp-content\/uploads\/2024\/02\/akademie-intro-520x463.jpg 520w, https:\/\/www.eutop.com\/de\/wp-content\/uploads\/2024\/02\/akademie-intro-768x684.jpg 768w\" sizes=\"auto, (max-width: 900px) 100vw, 900px\" \/><\/figure>\n\n\t<\/div>\n\n\n\n<div class=\"col-12 col-md-1\">\n\t\t\t\t<\/div>\n\n<\/div>\n\n<\/div>\n\n<\/div>\n\n\n<div class=\"wp-bootstrap-blocks-container container-fluid mb-0\">\n\t\n<div class=\"wp-bootstrap-blocks-container container mb-2\">\n\t\n\n<div style=\"height:60px\" aria-hidden=\"true\" class=\"wp-block-spacer\"><\/div>\n\n\n<div class=\"wp-bootstrap-blocks-row row\">\n\t\n\n<div class=\"col-12 col-md-1\">\n\t\t\t\t<\/div>\n\n\n\n<div class=\"col-12 col-md-10\">\n\t\t\t\n\n<h2 class=\"wp-block-heading\">die drei S\u00e4ulen des Weiterbildungsprogramms <br>der Eutop akademie<\/h2>\n\n\n\n<p>Die drei S\u00e4ulen der EUTOP Akademie sind die Grundausbildung, der \u201eOnePager<sup>\u00ae<\/sup>-Degree\u201c und der \u201ePSGR<sup>\u00ae<\/sup>-Degree\u201c.<\/p>\n<p>Jeder neue Mitarbeiter beginnt mit der Grundausbildung. Hier lernt man alles \u00fcber die Strukturen, Abl\u00e4ufe und vor allem Werte des Unternehmens und zus\u00e4tzlich k\u00fcmmern wir uns auch um die pers\u00f6nliche Entwicklung unserer Mitarbeiter. Zusammen mit unserem Partner f\u00fcr Personal- und Pers\u00f6nlichkeitsentwicklung haben wir ein anspruchsvolles Konzept aus verschiedenen Modulen entwickelt, die jeder Mitarbeiter je nach Entwicklungsstand innerhalb des Unternehmens belegen kann.<\/p>\n<p>Die richtige und systematische Anwendung der OnePager<sup>\u00ae<\/sup>-Methodik ist das A und O unserer Kundenarbeit. Das Herzst\u00fcck eines guten OnePager<sup>\u00ae<\/sup> ist eine f\u00fcr den adressierten Entscheidungstr\u00e4ger schl\u00fcssige und \u00fcberzeugende Argumentation inklusive L\u00f6sungsvorschlag als Ergebnis eines gelungenen Perspektivenwechsels. Dieses Wissen wird im Rahmen des OnePager<sup>\u00ae<\/sup>-Degree vermittelt.<\/p>\n<p>Die Prozessbegleitkompetenz (PSGR<sup>\u00ae<\/sup>) ist f\u00fcr die erfolgreiche Interessenvertretung unabdingbar. Alle Kompetenzen und Fertigkeiten, die f\u00fcr die erfolgreiche Prozessbegleitung ausschlaggebend sind, werden in speziell entwickelten Modulen geschult. Die Module umfassen beispielsweise die Themenbereiche Kunden- und Projektmanagement, formelle und informelle Entscheidungsprozesse der EU Institutionen und Rechtssetzungsverfahren auf Bundesebene.<\/p>\n<p>Lesen Sie mehr \u00fcber die EUTOP Akademie im <a href=\"https:\/\/www.eutop.com\/de\/wp-content\/uploads\/2024\/05\/EUTOP_Magazin_2023_DE_Akademie.pdf\" target=\"_blank\" rel=\"noopener\">EUTOP Magazin 2023<\/a> und <a href=\"https:\/\/www.eutop.com\/de\/wp-content\/uploads\/2024\/05\/EUTOP_Magazin_2024_DE_Akademie.pdf\" target=\"_blank\" rel=\"noopener\">EUTOP Magazin 2024<\/a>.<\/p>\n\n\t<\/div>\n\n\n\n<div class=\"col-12 col-md-1\">\n\t\t\t\t<\/div>\n\n<\/div>\n\n\n\n<div style=\"height:10px\" aria-hidden=\"true\" class=\"wp-block-spacer\"><\/div>\n\n\n<div class=\"wp-block-image\">\n<figure class=\"aligncenter size-large\"><img loading=\"lazy\" decoding=\"async\" width=\"1024\" height=\"562\" src=\"https:\/\/www.eutop.com\/de\/wp-content\/uploads\/2024\/02\/EUTOP-Academy_DE-1-1024x562.png\" alt=\"\" class=\"wp-image-767\" srcset=\"https:\/\/www.eutop.com\/de\/wp-content\/uploads\/2024\/02\/EUTOP-Academy_DE-1-1024x562.png 1024w, https:\/\/www.eutop.com\/de\/wp-content\/uploads\/2024\/02\/EUTOP-Academy_DE-1-520x285.png 520w, https:\/\/www.eutop.com\/de\/wp-content\/uploads\/2024\/02\/EUTOP-Academy_DE-1-768x421.png 768w, https:\/\/www.eutop.com\/de\/wp-content\/uploads\/2024\/02\/EUTOP-Academy_DE-1-1536x842.png 1536w, https:\/\/www.eutop.com\/de\/wp-content\/uploads\/2024\/02\/EUTOP-Academy_DE-1-2048x1123.png 2048w\" sizes=\"auto, (max-width: 1024px) 100vw, 1024px\" \/><\/figure>\n<\/div>\n<\/div>\n\n<\/div>\n\n\n<div class=\"wp-bootstrap-blocks-container container-fluid mb-0 bg-gray\">\n\t\n<div class=\"wp-bootstrap-blocks-container container mb-0\">\n\t\n<div class=\"wp-bootstrap-blocks-row row\">\n\t\n\n<div class=\"col-12 col-md-1\">\n\t\t\t\t<\/div>\n\n\n\n<div class=\"col-12 col-md-10\">\n\t\t\t\n\n<div style=\"height:50px\" aria-hidden=\"true\" class=\"wp-block-spacer\"><\/div>\n\n\n\n<h2 class=\"wp-block-heading has-text-align-center\">mit der eutop akademie investieren wir in die ausbildung und zukunft unserer mitarbeiter und bilden zeitgleich hoch-<br>qualifizierte f\u00fchrungskr\u00e4fte von morgen aus.<\/h2>\n\n\n\n<div style=\"height:50px\" aria-hidden=\"true\" class=\"wp-block-spacer\"><\/div>\n\n\t<\/div>\n\n\n\n<div class=\"col-12 col-md-1\">\n\t\t\t\t<\/div>\n\n<\/div>\n\n<\/div>\n\n<\/div>\n\n\n<div class=\"wp-bootstrap-blocks-container container-fluid mb-0\">\n\t\n<div class=\"wp-bootstrap-blocks-container container mb-0\">\n\t\n<div class=\"wp-bootstrap-blocks-row row\">\n\t\n\n<div class=\"col-12 col-md-1\">\n\t\t\t\t<\/div>\n\n\n\n<div class=\"col-12 col-md-10\">\n\t\t\t\n\n<div style=\"height:30px\" aria-hidden=\"true\" class=\"wp-block-spacer\"><\/div>\n\n\n\n<h2 class=\"wp-block-heading\">Erfahrungsberichte <\/h2>\n\n\n\n<div style=\"height:10px\" aria-hidden=\"true\" class=\"wp-block-spacer\"><\/div>\n\n\n<div class=\"wp-bootstrap-blocks-row row tausch\">\n\t\n\n<div class=\"col-12 col-md-6 h-center text\">\n\t\t\t\n\n<div style=\"height:20px\" aria-hidden=\"true\" class=\"wp-block-spacer\"><\/div>\n\n\n\n<div class=\"wp-block-group\"><div class=\"wp-block-group__inner-container is-layout-constrained wp-block-group-is-layout-constrained\">\n<h3 class=\"wp-block-heading\">Helen Meyer hat als Senior Consultant im B\u00fcro Berlin die EUTOP Akademie durchlaufen und ist mittlerweile Consultant in einem unserer Kundenteams.&nbsp;<\/h3>\n\n\n\n<p>\u201eDas interaktive Weiterbildungskonzept hat mir geholfen, meine pers\u00f6nlichen und fachlichen F\u00e4higkeiten und Potenziale weiterzuentwickeln. In den einzelnen Modulen und Seminaren wurde ich hervorragend an die spezifischen Anforderungen des Unternehmens und unsere hohen Qualit\u00e4tsstandards bei der Kundenarbeit herangef\u00fchrt. Insbesondere in den Modulen zur Exekutive und Legislative vermittelt die EUTOP Akademie prozessuales Wissen, das f\u00fcr die t\u00e4gliche Kundenarbeit von erheblichem Mehrwert ist.\u201c<\/p>\n<\/div><\/div>\n\n\t<\/div>\n\n\n\n<div class=\"col-12 col-md-6 h-center image\">\n\t\t\t\n<div class=\"wp-block-image\">\n<figure class=\"alignright size-full\"><img loading=\"lazy\" decoding=\"async\" width=\"900\" height=\"600\" src=\"https:\/\/www.eutop.com\/de\/wp-content\/uploads\/2024\/02\/meyer_helen.jpg\" alt=\"\" class=\"wp-image-871\" srcset=\"https:\/\/www.eutop.com\/de\/wp-content\/uploads\/2024\/02\/meyer_helen.jpg 900w, https:\/\/www.eutop.com\/de\/wp-content\/uploads\/2024\/02\/meyer_helen-520x347.jpg 520w, https:\/\/www.eutop.com\/de\/wp-content\/uploads\/2024\/02\/meyer_helen-768x512.jpg 768w\" sizes=\"auto, (max-width: 900px) 100vw, 900px\" \/><\/figure>\n<\/div>\n\t<\/div>\n\n<\/div>\n\n\n<div class=\"wp-bootstrap-blocks-row row\">\n\t\n\n<div class=\"col-12 col-md-6 h-center image\">\n\t\t\t\n\n<div style=\"height:20px\" aria-hidden=\"true\" class=\"wp-block-spacer\"><\/div>\n\n\n<div class=\"wp-block-image\">\n<figure class=\"alignleft size-full\"><img loading=\"lazy\" decoding=\"async\" width=\"900\" height=\"600\" src=\"https:\/\/www.eutop.com\/de\/wp-content\/uploads\/2024\/02\/kyllar_vaclav.jpg\" alt=\"\" class=\"wp-image-865\" srcset=\"https:\/\/www.eutop.com\/de\/wp-content\/uploads\/2024\/02\/kyllar_vaclav.jpg 900w, https:\/\/www.eutop.com\/de\/wp-content\/uploads\/2024\/02\/kyllar_vaclav-520x347.jpg 520w, https:\/\/www.eutop.com\/de\/wp-content\/uploads\/2024\/02\/kyllar_vaclav-768x512.jpg 768w\" sizes=\"auto, (max-width: 900px) 100vw, 900px\" \/><\/figure>\n<\/div>\n\t<\/div>\n\n\n\n<div class=\"col-12 col-md-6 h-center text\">\n\t\t\t\n\n<div class=\"wp-block-group\"><div class=\"wp-block-group__inner-container is-layout-constrained wp-block-group-is-layout-constrained\">\n<h3 class=\"wp-block-heading\">V\u00e1clav Kyllar ist Senior Consultant im Br\u00fcsseler B\u00fcro<\/h3>\n\n\n\n<p>\u201eDie EUTOP Akademie ist ein gro\u00dfer Gewinn auch f\u00fcr uns erfahrene Senior Consultants. Sie erm\u00f6glicht uns, Fachwissen zu vertiefen und stets auf dem neuesten Stand zu bleiben. Die positiven Auswirkungen sind nicht nur in unserer eigenen Leistung sichtbar, sondern tragen auch dazu bei, ein starkes und kompetentes Team aufzubauen. Wir erhalten dort wertvolle Einblicke von namhaften strukturellen Beratern, die uns mit ihrer Expertise und Praxiserfahrung bereichern.\u201c<\/p>\n<\/div><\/div>\n\n\t<\/div>\n\n<\/div>\n\n\t<\/div>\n\n\n\n<div class=\"col-12 col-md-1\">\n\t\t\t\t<\/div>\n\n<\/div>\n\n\n\n<div style=\"height:50px\" aria-hidden=\"true\" class=\"wp-block-spacer\"><\/div>\n\n<\/div>\n\n<\/div>\n\n\n<div class=\"wp-bootstrap-blocks-container container-fluid mb-0 bg-gray\">\n\t\n<div class=\"wp-bootstrap-blocks-container container mb-0\">\n\t\n<div class=\"wp-bootstrap-blocks-row row\">\n\t\n\n<div class=\"col-12 col-md-1\">\n\t\t\t\t<\/div>\n\n\n\n<div class=\"col-12 col-md-10\">\n\t\t\t\n\n<div style=\"height:50px\" aria-hidden=\"true\" class=\"wp-block-spacer\"><\/div>\n\n\n\n<h2 class=\"wp-block-heading has-text-align-center\">Durch die gezielte F\u00f6rderung von Kompetenzen sowie durch die passgenaue Positionierung von Mitarbeitern bauen wir im Interesse unserer Kunden die Qualit\u00e4t unserer Arbeit best\u00e4ndig aus.<\/h2>\n\n\n\n<div style=\"height:50px\" aria-hidden=\"true\" class=\"wp-block-spacer\"><\/div>\n\n\t<\/div>\n\n\n\n<div class=\"col-12 col-md-1\">\n\t\t\t\t<\/div>\n\n<\/div>\n\n<\/div>\n\n<\/div>\n\n\n<div class=\"wp-bootstrap-blocks-container container-fluid mb-0\">\n\t\n<div class=\"wp-bootstrap-blocks-container container mb-0 kontakt\">\n\t\n<div class=\"wp-bootstrap-blocks-row row\">\n\t\n\n<div class=\"col-12 col-md-1\">\n\t\t\t\t<\/div>\n\n\n\n<div class=\"col-12 col-md-10\">\n\t\t\t\n<div class=\"wp-bootstrap-blocks-row row\">\n\t\n\n<div class=\"col-12 col-md-6\">\n\t\t\t\n\n<div style=\"height:20px\" aria-hidden=\"true\" class=\"wp-block-spacer\"><\/div>\n\n\n\n<h2 class=\"wp-block-heading\">Kontakt<\/h2>\n\n\n\n<div style=\"height:20px\" aria-hidden=\"true\" class=\"wp-block-spacer\"><\/div>\n\n\n<div class=\"wp-bootstrap-blocks-row row\">\n\t\n\n<div class=\"col-12 col-md-6\">\n\t\t\t\n\n<p>EUTOP Group<br \/>Head of EUTOP Academy<br \/>Unter den Linden 38<br \/>D-10117 Berlin<\/p>\n\n\t<\/div>\n\n\n\n<div class=\"col-12 col-md-6\">\n\t\t\t\n\n<p>Arne Leimenstoll<br \/><a href=\"mailto:academy@eutop.eu\">academy@eutop.eu<\/a><br \/>Tel. +49 30 5200055-0<\/p>\n\n\t<\/div>\n\n<\/div>\n\n\t<\/div>\n\n\n\n<div class=\"col-12 col-md-6\">\n\t\t\t\n<div class=\"wp-block-image\">\n<figure class=\"alignleft size-full is-resized\"><img loading=\"lazy\" decoding=\"async\" width=\"900\" height=\"600\" src=\"https:\/\/www.eutop.com\/de\/wp-content\/uploads\/2024\/02\/Leimenstoll-1.jpg\" alt=\"\" class=\"wp-image-866\" style=\"width:406px;height:auto\" srcset=\"https:\/\/www.eutop.com\/de\/wp-content\/uploads\/2024\/02\/Leimenstoll-1.jpg 900w, https:\/\/www.eutop.com\/de\/wp-content\/uploads\/2024\/02\/Leimenstoll-1-520x347.jpg 520w, https:\/\/www.eutop.com\/de\/wp-content\/uploads\/2024\/02\/Leimenstoll-1-768x512.jpg 768w\" sizes=\"auto, (max-width: 900px) 100vw, 900px\" \/><\/figure>\n<\/div>\n\t<\/div>\n\n<\/div>\n\n\t<\/div>\n\n\n\n<div class=\"col-12 col-md-1\">\n\t\t\t\t<\/div>\n\n<\/div>\n\n<\/div>\n\n<\/div>","protected":false},"excerpt":{"rendered":"","protected":false},"author":1,"featured_media":0,"parent":0,"menu_order":0,"comment_status":"closed","ping_status":"closed","template":"","meta":{"footnotes":""},"class_list":["post-756","page","type-page","status-publish","hentry"],"_links":{"self":[{"href":"https:\/\/www.eutop.com\/de\/wp-json\/wp\/v2\/pages\/756","targetHints":{"allow":["GET"]}}],"collection":[{"href":"https:\/\/www.eutop.com\/de\/wp-json\/wp\/v2\/pages"}],"about":[{"href":"https:\/\/www.eutop.com\/de\/wp-json\/wp\/v2\/types\/page"}],"author":[{"embeddable":true,"href":"https:\/\/www.eutop.com\/de\/wp-json\/wp\/v2\/users\/1"}],"replies":[{"embeddable":true,"href":"https:\/\/www.eutop.com\/de\/wp-json\/wp\/v2\/comments?post=756"}],"version-history":[{"count":85,"href":"https:\/\/www.eutop.com\/de\/wp-json\/wp\/v2\/pages\/756\/revisions"}],"predecessor-version":[{"id":1607,"href":"https:\/\/www.eutop.com\/de\/wp-json\/wp\/v2\/pages\/756\/revisions\/1607"}],"wp:attachment":[{"href":"https:\/\/www.eutop.com\/de\/wp-json\/wp\/v2\/media?parent=756"}],"curies":[{"name":"wp","href":"https:\/\/api.w.org\/{rel}","templated":true}]}}